{"id":5533,"date":"2025-08-04T09:28:01","date_gmt":"2025-08-04T08:28:01","guid":{"rendered":"https:\/\/bpont.hu\/shop\/index.php\/product\/kabelkeszlet-tapegyseg-es-akku-vezerlo-modul-koze\/"},"modified":"2026-05-05T14:46:27","modified_gmt":"2026-05-05T12:46:27","slug":"kabelkeszlet-tapegyseg-es-akku-vezerlo-modul-koze","status":"publish","type":"product","link":"https:\/\/bpont.hu\/shop\/index.php\/product\/kabelkeszlet-tapegyseg-es-akku-vezerlo-modul-koze\/","title":{"rendered":"CPB 0000 A<br>K\u00e1belk\u00e9szlet, t\u00e1pegys\u00e9g \u00e9s akku vez\u00e9rl\u0151 modul k\u00f6z\u00e9"},"content":{"rendered":"<p>CPB 0000 A<br \/>\nA &#8220;BCM-0000-B&#8221; akkumul\u00e1tor-ellen\u0151rz\u0151 modul &#8220;UPS 2416 A&#8221; t\u00e1pegys\u00e9ghez val\u00f3 csatlakoztat\u00e1s\u00e1hoz a &#8220;CPB 0000 A&#8221; k\u00e1bel<br \/>\nsz\u00fcks\u00e9ges. 150cm hossz\u00fa.<\/p>\n","protected":false},"excerpt":{"rendered":"<p>Rendel\u00e9si k\u00f3d: 4.998.153.243<\/p>\n","protected":false},"featured_media":5532,"template":"","meta":[],"product_brand":[],"product_cat":[313],"product_tag":[25],"class_list":{"0":"post-5533","1":"product","2":"type-product","3":"status-publish","4":"has-post-thumbnail","6":"product_cat-kozpont-modulok-hazak-tartozekok","7":"product_tag-bosch","9":"first","10":"instock","11":"taxable","12":"shipping-taxable","13":"product-type-simple"},"jetpack_sharing_enabled":true,"_links":{"self":[{"href":"https:\/\/bpont.hu\/shop\/index.php\/wp-json\/wp\/v2\/product\/5533","targetHints":{"allow":["GET"]}}],"collection":[{"href":"https:\/\/bpont.hu\/shop\/index.php\/wp-json\/wp\/v2\/product"}],"about":[{"href":"https:\/\/bpont.hu\/shop\/index.php\/wp-json\/wp\/v2\/types\/product"}],"version-history":[{"count":3,"href":"https:\/\/bpont.hu\/shop\/index.php\/wp-json\/wp\/v2\/product\/5533\/revisions"}],"predecessor-version":[{"id":8299,"href":"https:\/\/bpont.hu\/shop\/index.php\/wp-json\/wp\/v2\/product\/5533\/revisions\/8299"}],"wp:featuredmedia":[{"embeddable":true,"href":"https:\/\/bpont.hu\/shop\/index.php\/wp-json\/wp\/v2\/media\/5532"}],"wp:attachment":[{"href":"https:\/\/bpont.hu\/shop\/index.php\/wp-json\/wp\/v2\/media?parent=5533"}],"wp:term":[{"taxonomy":"product_brand","embeddable":true,"href":"https:\/\/bpont.hu\/shop\/index.php\/wp-json\/wp\/v2\/product_brand?post=5533"},{"taxonomy":"product_cat","embeddable":true,"href":"https:\/\/bpont.hu\/shop\/index.php\/wp-json\/wp\/v2\/product_cat?post=5533"},{"taxonomy":"product_tag","embeddable":true,"href":"https:\/\/bpont.hu\/shop\/index.php\/wp-json\/wp\/v2\/product_tag?post=5533"}],"curies":[{"name":"wp","href":"https:\/\/api.w.org\/{rel}","templated":true}]}}