{"id":5527,"date":"2025-08-04T09:27:57","date_gmt":"2025-08-04T08:27:57","guid":{"rendered":"https:\/\/bpont.hu\/shop\/index.php\/product\/ethernet-switch-hez-szerelokeret\/"},"modified":"2026-03-11T16:40:30","modified_gmt":"2026-03-11T14:40:30","slug":"ethernet-switch-hez-szerelokeret","status":"publish","type":"product","link":"https:\/\/bpont.hu\/shop\/index.php\/product\/ethernet-switch-hez-szerelokeret\/","title":{"rendered":"FPM-5000-KES<br>Ethernet switch-hez szerel\u0151keret"},"content":{"rendered":"<p>FPM-5000-KES<br \/>\nA szerel\u0151k\u00e9szlet az &#8220;USF 0000 A&#8221; vagy &#8220;PSS 0002 A&#8221; h\u00e1zba van szerelve, \u00e9s egyszerre legfeljebb k\u00e9t Ethernet kapcsol\u00f3t vagy m\u00e9dia-\u00e1talak\u00edt\u00f3t foglalhat mag\u00e1ban.<\/p>\n","protected":false},"excerpt":{"rendered":"<p>Rendel\u00e9si k\u00f3d: F.01U.266.844<\/p>\n","protected":false},"featured_media":5526,"template":"","meta":[],"product_brand":[],"product_cat":[313],"product_tag":[25],"class_list":{"0":"post-5527","1":"product","2":"type-product","3":"status-publish","4":"has-post-thumbnail","6":"product_cat-kozpont-modulok-hazak-tartozekok","7":"product_tag-bosch","9":"first","10":"instock","11":"taxable","12":"shipping-taxable","13":"purchasable","14":"product-type-simple"},"jetpack_sharing_enabled":true,"_links":{"self":[{"href":"https:\/\/bpont.hu\/shop\/index.php\/wp-json\/wp\/v2\/product\/5527","targetHints":{"allow":["GET"]}}],"collection":[{"href":"https:\/\/bpont.hu\/shop\/index.php\/wp-json\/wp\/v2\/product"}],"about":[{"href":"https:\/\/bpont.hu\/shop\/index.php\/wp-json\/wp\/v2\/types\/product"}],"version-history":[{"count":3,"href":"https:\/\/bpont.hu\/shop\/index.php\/wp-json\/wp\/v2\/product\/5527\/revisions"}],"predecessor-version":[{"id":8296,"href":"https:\/\/bpont.hu\/shop\/index.php\/wp-json\/wp\/v2\/product\/5527\/revisions\/8296"}],"wp:featuredmedia":[{"embeddable":true,"href":"https:\/\/bpont.hu\/shop\/index.php\/wp-json\/wp\/v2\/media\/5526"}],"wp:attachment":[{"href":"https:\/\/bpont.hu\/shop\/index.php\/wp-json\/wp\/v2\/media?parent=5527"}],"wp:term":[{"taxonomy":"product_brand","embeddable":true,"href":"https:\/\/bpont.hu\/shop\/index.php\/wp-json\/wp\/v2\/product_brand?post=5527"},{"taxonomy":"product_cat","embeddable":true,"href":"https:\/\/bpont.hu\/shop\/index.php\/wp-json\/wp\/v2\/product_cat?post=5527"},{"taxonomy":"product_tag","embeddable":true,"href":"https:\/\/bpont.hu\/shop\/index.php\/wp-json\/wp\/v2\/product_tag?post=5527"}],"curies":[{"name":"wp","href":"https:\/\/api.w.org\/{rel}","templated":true}]}}