{"id":5523,"date":"2025-08-04T09:27:55","date_gmt":"2025-08-04T08:27:55","guid":{"rendered":"https:\/\/bpont.hu\/shop\/index.php\/product\/kis-tapegyseg-haz-2-akkumulatorhoz\/"},"modified":"2026-03-11T16:40:30","modified_gmt":"2026-03-11T14:40:30","slug":"kis-tapegyseg-haz-2-akkumulatorhoz","status":"publish","type":"product","link":"https:\/\/bpont.hu\/shop\/index.php\/product\/kis-tapegyseg-haz-2-akkumulatorhoz\/","title":{"rendered":"PSS 0002 A<br>Kis t\u00e1pegys\u00e9g-h\u00e1z, 2 akkumul\u00e1torhoz"},"content":{"rendered":"<p>PSS 0002 A<br \/>\nA &#8220;PSS 0002 A&#8221; t\u00e1pegys\u00e9gh\u00e1z alkalmas fel\u00fcletre szerel\u00e9shez, s\u00fcllyesztett vagy 482,6 mm-es (19&#8243;) rack-szekr\u00e9nybe szerel\u00e9shez.<br \/>\n1db t\u00e1pegys\u00e9g helyezhet\u0151 el a k\u00e9t akkumul\u00e1tor k\u00f6z\u00f6tt.<\/p>\n","protected":false},"excerpt":{"rendered":"<p>Rendel\u00e9si k\u00f3d: 4.998.137.288<\/p>\n","protected":false},"featured_media":5522,"template":"","meta":[],"product_brand":[],"product_cat":[313],"product_tag":[25],"class_list":{"0":"post-5523","1":"product","2":"type-product","3":"status-publish","4":"has-post-thumbnail","6":"product_cat-kozpont-modulok-hazak-tartozekok","7":"product_tag-bosch","9":"first","10":"instock","11":"taxable","12":"shipping-taxable","13":"purchasable","14":"product-type-simple"},"jetpack_sharing_enabled":true,"_links":{"self":[{"href":"https:\/\/bpont.hu\/shop\/index.php\/wp-json\/wp\/v2\/product\/5523","targetHints":{"allow":["GET"]}}],"collection":[{"href":"https:\/\/bpont.hu\/shop\/index.php\/wp-json\/wp\/v2\/product"}],"about":[{"href":"https:\/\/bpont.hu\/shop\/index.php\/wp-json\/wp\/v2\/types\/product"}],"version-history":[{"count":3,"href":"https:\/\/bpont.hu\/shop\/index.php\/wp-json\/wp\/v2\/product\/5523\/revisions"}],"predecessor-version":[{"id":8294,"href":"https:\/\/bpont.hu\/shop\/index.php\/wp-json\/wp\/v2\/product\/5523\/revisions\/8294"}],"wp:featuredmedia":[{"embeddable":true,"href":"https:\/\/bpont.hu\/shop\/index.php\/wp-json\/wp\/v2\/media\/5522"}],"wp:attachment":[{"href":"https:\/\/bpont.hu\/shop\/index.php\/wp-json\/wp\/v2\/media?parent=5523"}],"wp:term":[{"taxonomy":"product_brand","embeddable":true,"href":"https:\/\/bpont.hu\/shop\/index.php\/wp-json\/wp\/v2\/product_brand?post=5523"},{"taxonomy":"product_cat","embeddable":true,"href":"https:\/\/bpont.hu\/shop\/index.php\/wp-json\/wp\/v2\/product_cat?post=5523"},{"taxonomy":"product_tag","embeddable":true,"href":"https:\/\/bpont.hu\/shop\/index.php\/wp-json\/wp\/v2\/product_tag?post=5523"}],"curies":[{"name":"wp","href":"https:\/\/api.w.org\/{rel}","templated":true}]}}