{"id":5521,"date":"2025-08-04T09:27:54","date_gmt":"2025-08-04T08:27:54","guid":{"rendered":"https:\/\/bpont.hu\/shop\/index.php\/product\/falra-szerelheto-kozponthaz-12-modulhoz\/"},"modified":"2026-03-11T16:40:30","modified_gmt":"2026-03-11T14:40:30","slug":"falra-szerelheto-kozponthaz-12-modulhoz","status":"publish","type":"product","link":"https:\/\/bpont.hu\/shop\/index.php\/product\/falra-szerelheto-kozponthaz-12-modulhoz\/","title":{"rendered":"HBE 0012 A<br>Falra szerelhet\u0151 k\u00f6zponth\u00e1z, 12 modulhoz"},"content":{"rendered":"<p>HBE 0012 A<br \/>\nA &#8220;HBE 0012 A&#8221; h\u00e1z ak\u00e1r 12 modul, valamint akkumul\u00e1torok \u00e9s t\u00e1pegys\u00e9gek befogad\u00e1s\u00e1ra alkalmas.<\/p>\n","protected":false},"excerpt":{"rendered":"<p>Rendel\u00e9si k\u00f3d: 4.998.137.287<\/p>\n","protected":false},"featured_media":5520,"template":"","meta":[],"product_brand":[],"product_cat":[313],"product_tag":[25],"class_list":{"0":"post-5521","1":"product","2":"type-product","3":"status-publish","4":"has-post-thumbnail","6":"product_cat-kozpont-modulok-hazak-tartozekok","7":"product_tag-bosch","9":"first","10":"instock","11":"taxable","12":"shipping-taxable","13":"purchasable","14":"product-type-simple"},"jetpack_sharing_enabled":true,"_links":{"self":[{"href":"https:\/\/bpont.hu\/shop\/index.php\/wp-json\/wp\/v2\/product\/5521","targetHints":{"allow":["GET"]}}],"collection":[{"href":"https:\/\/bpont.hu\/shop\/index.php\/wp-json\/wp\/v2\/product"}],"about":[{"href":"https:\/\/bpont.hu\/shop\/index.php\/wp-json\/wp\/v2\/types\/product"}],"version-history":[{"count":3,"href":"https:\/\/bpont.hu\/shop\/index.php\/wp-json\/wp\/v2\/product\/5521\/revisions"}],"predecessor-version":[{"id":8293,"href":"https:\/\/bpont.hu\/shop\/index.php\/wp-json\/wp\/v2\/product\/5521\/revisions\/8293"}],"wp:featuredmedia":[{"embeddable":true,"href":"https:\/\/bpont.hu\/shop\/index.php\/wp-json\/wp\/v2\/media\/5520"}],"wp:attachment":[{"href":"https:\/\/bpont.hu\/shop\/index.php\/wp-json\/wp\/v2\/media?parent=5521"}],"wp:term":[{"taxonomy":"product_brand","embeddable":true,"href":"https:\/\/bpont.hu\/shop\/index.php\/wp-json\/wp\/v2\/product_brand?post=5521"},{"taxonomy":"product_cat","embeddable":true,"href":"https:\/\/bpont.hu\/shop\/index.php\/wp-json\/wp\/v2\/product_cat?post=5521"},{"taxonomy":"product_tag","embeddable":true,"href":"https:\/\/bpont.hu\/shop\/index.php\/wp-json\/wp\/v2\/product_tag?post=5521"}],"curies":[{"name":"wp","href":"https:\/\/api.w.org\/{rel}","templated":true}]}}