{"id":5515,"date":"2025-08-04T09:27:52","date_gmt":"2025-08-04T08:27:52","guid":{"rendered":"https:\/\/bpont.hu\/shop\/index.php\/product\/modulhely-takaro-lemez\/"},"modified":"2026-05-05T14:46:27","modified_gmt":"2026-05-05T12:46:27","slug":"modulhely-takaro-lemez","status":"publish","type":"product","link":"https:\/\/bpont.hu\/shop\/index.php\/product\/modulhely-takaro-lemez\/","title":{"rendered":"FDP 0001 A<br>Modulhely-takar\u00f3 lemez"},"content":{"rendered":"<p>FDP 0001 A<br \/>\nAz FDP 0001 A takar\u00f3lemez az \u00fcres modulhelyek letakar\u00e1s\u00e1ra szolg\u00e1l.<br \/>\nA h\u00e1z el\u00fcls\u0151 bor\u00edt\u00e1s\u00e1nak megfelel\u0151 ablak\u00e1ban kell elhelyezni.<br \/>\nCPH 0006 A<br \/>\nMPH 0010 A<br \/>\nEPH 0012 A<br \/>\nHCP 0006 A<br \/>\nHBC 0010 A<br \/>\nHBE 0012 A<\/p>\n","protected":false},"excerpt":{"rendered":"<p>Rendel\u00e9si k\u00f3d: F.01U.500.374<\/p>\n","protected":false},"featured_media":5514,"template":"","meta":[],"product_brand":[],"product_cat":[313],"product_tag":[25],"class_list":{"0":"post-5515","1":"product","2":"type-product","3":"status-publish","4":"has-post-thumbnail","6":"product_cat-kozpont-modulok-hazak-tartozekok","7":"product_tag-bosch","9":"first","10":"instock","11":"taxable","12":"shipping-taxable","13":"product-type-simple"},"jetpack_sharing_enabled":true,"_links":{"self":[{"href":"https:\/\/bpont.hu\/shop\/index.php\/wp-json\/wp\/v2\/product\/5515","targetHints":{"allow":["GET"]}}],"collection":[{"href":"https:\/\/bpont.hu\/shop\/index.php\/wp-json\/wp\/v2\/product"}],"about":[{"href":"https:\/\/bpont.hu\/shop\/index.php\/wp-json\/wp\/v2\/types\/product"}],"version-history":[{"count":3,"href":"https:\/\/bpont.hu\/shop\/index.php\/wp-json\/wp\/v2\/product\/5515\/revisions"}],"predecessor-version":[{"id":8290,"href":"https:\/\/bpont.hu\/shop\/index.php\/wp-json\/wp\/v2\/product\/5515\/revisions\/8290"}],"wp:featuredmedia":[{"embeddable":true,"href":"https:\/\/bpont.hu\/shop\/index.php\/wp-json\/wp\/v2\/media\/5514"}],"wp:attachment":[{"href":"https:\/\/bpont.hu\/shop\/index.php\/wp-json\/wp\/v2\/media?parent=5515"}],"wp:term":[{"taxonomy":"product_brand","embeddable":true,"href":"https:\/\/bpont.hu\/shop\/index.php\/wp-json\/wp\/v2\/product_brand?post=5515"},{"taxonomy":"product_cat","embeddable":true,"href":"https:\/\/bpont.hu\/shop\/index.php\/wp-json\/wp\/v2\/product_cat?post=5515"},{"taxonomy":"product_tag","embeddable":true,"href":"https:\/\/bpont.hu\/shop\/index.php\/wp-json\/wp\/v2\/product_tag?post=5515"}],"curies":[{"name":"wp","href":"https:\/\/api.w.org\/{rel}","templated":true}]}}