{"id":5513,"date":"2025-08-04T09:27:52","date_gmt":"2025-08-04T08:27:52","guid":{"rendered":"https:\/\/bpont.hu\/shop\/index.php\/product\/szerelo-lap-szerelo-kerethez\/"},"modified":"2026-03-11T16:40:30","modified_gmt":"2026-03-11T14:40:30","slug":"szerelo-lap-szerelo-kerethez","status":"publish","type":"product","link":"https:\/\/bpont.hu\/shop\/index.php\/product\/szerelo-lap-szerelo-kerethez\/","title":{"rendered":"HMP 0003 A<br>Szerel\u0151 lap szerel\u0151 kerethez"},"content":{"rendered":"<p>HMP 0003 A<br \/>\nA &#8220;HMP 0003 A&#8221; szerel\u0151lemez mind az &#8220;FBH 0000 A&#8221;, mind az &#8220;FHS 0000 A&#8221; nagym\u00e9ret\u0171 szerel\u0151keretben megtal\u00e1lhat\u00f3.<br \/>\nA szerel\u0151keret csatol\u00f3modulok, k\u00fcls\u0151eszk\u00f6z-vez\u00e9rl\u0151k, rel\u00e9k \u00e9s egy\u00e9b elemek beszerel\u00e9s\u00e9hez sz\u00fcks\u00e9ges.<br \/>\nEloszt\u00f3s\u00ednnel is felszerelhet\u0151.<\/p>\n","protected":false},"excerpt":{"rendered":"<p>Rendel\u00e9si k\u00f3d: F.01U.511.305<\/p>\n","protected":false},"featured_media":5512,"template":"","meta":[],"product_brand":[],"product_cat":[313],"product_tag":[25],"class_list":{"0":"post-5513","1":"product","2":"type-product","3":"status-publish","4":"has-post-thumbnail","6":"product_cat-kozpont-modulok-hazak-tartozekok","7":"product_tag-bosch","9":"first","10":"instock","11":"taxable","12":"shipping-taxable","13":"purchasable","14":"product-type-simple"},"jetpack_sharing_enabled":true,"_links":{"self":[{"href":"https:\/\/bpont.hu\/shop\/index.php\/wp-json\/wp\/v2\/product\/5513","targetHints":{"allow":["GET"]}}],"collection":[{"href":"https:\/\/bpont.hu\/shop\/index.php\/wp-json\/wp\/v2\/product"}],"about":[{"href":"https:\/\/bpont.hu\/shop\/index.php\/wp-json\/wp\/v2\/types\/product"}],"version-history":[{"count":3,"href":"https:\/\/bpont.hu\/shop\/index.php\/wp-json\/wp\/v2\/product\/5513\/revisions"}],"predecessor-version":[{"id":8289,"href":"https:\/\/bpont.hu\/shop\/index.php\/wp-json\/wp\/v2\/product\/5513\/revisions\/8289"}],"wp:featuredmedia":[{"embeddable":true,"href":"https:\/\/bpont.hu\/shop\/index.php\/wp-json\/wp\/v2\/media\/5512"}],"wp:attachment":[{"href":"https:\/\/bpont.hu\/shop\/index.php\/wp-json\/wp\/v2\/media?parent=5513"}],"wp:term":[{"taxonomy":"product_brand","embeddable":true,"href":"https:\/\/bpont.hu\/shop\/index.php\/wp-json\/wp\/v2\/product_brand?post=5513"},{"taxonomy":"product_cat","embeddable":true,"href":"https:\/\/bpont.hu\/shop\/index.php\/wp-json\/wp\/v2\/product_cat?post=5513"},{"taxonomy":"product_tag","embeddable":true,"href":"https:\/\/bpont.hu\/shop\/index.php\/wp-json\/wp\/v2\/product_tag?post=5513"}],"curies":[{"name":"wp","href":"https:\/\/api.w.org\/{rel}","templated":true}]}}