{"id":5511,"date":"2025-08-04T09:27:51","date_gmt":"2025-08-04T08:27:51","guid":{"rendered":"https:\/\/bpont.hu\/shop\/index.php\/product\/media-kit-szerelokeret\/"},"modified":"2026-03-11T16:40:30","modified_gmt":"2026-03-11T14:40:30","slug":"media-kit-szerelokeret","status":"publish","type":"product","link":"https:\/\/bpont.hu\/shop\/index.php\/product\/media-kit-szerelokeret\/","title":{"rendered":"FPM-5000-KMC<br>M\u00e9dia KIT szerel\u0151keret"},"content":{"rendered":"<p>FPM-5000-KMC<br \/>\nA szerel\u0151k\u00e9szlet az &#8220;FHS 0000 A&#8221; vagy &#8220;FBH 0000 A&#8221; szerel\u0151keretbe van szerelve, \u00e9s egyszerre legfeljebb<br \/>\nk\u00e9t m\u00e9dia-\u00e1talak\u00edt\u00f3t foglalhat mag\u00e1ban.<\/p>\n","protected":false},"excerpt":{"rendered":"<p>Rendel\u00e9si k\u00f3d: F.01U.266.845<\/p>\n","protected":false},"featured_media":5510,"template":"","meta":[],"product_brand":[],"product_cat":[313],"product_tag":[25],"class_list":{"0":"post-5511","1":"product","2":"type-product","3":"status-publish","4":"has-post-thumbnail","6":"product_cat-kozpont-modulok-hazak-tartozekok","7":"product_tag-bosch","9":"first","10":"instock","11":"taxable","12":"shipping-taxable","13":"purchasable","14":"product-type-simple"},"jetpack_sharing_enabled":true,"_links":{"self":[{"href":"https:\/\/bpont.hu\/shop\/index.php\/wp-json\/wp\/v2\/product\/5511","targetHints":{"allow":["GET"]}}],"collection":[{"href":"https:\/\/bpont.hu\/shop\/index.php\/wp-json\/wp\/v2\/product"}],"about":[{"href":"https:\/\/bpont.hu\/shop\/index.php\/wp-json\/wp\/v2\/types\/product"}],"version-history":[{"count":3,"href":"https:\/\/bpont.hu\/shop\/index.php\/wp-json\/wp\/v2\/product\/5511\/revisions"}],"predecessor-version":[{"id":8288,"href":"https:\/\/bpont.hu\/shop\/index.php\/wp-json\/wp\/v2\/product\/5511\/revisions\/8288"}],"wp:featuredmedia":[{"embeddable":true,"href":"https:\/\/bpont.hu\/shop\/index.php\/wp-json\/wp\/v2\/media\/5510"}],"wp:attachment":[{"href":"https:\/\/bpont.hu\/shop\/index.php\/wp-json\/wp\/v2\/media?parent=5511"}],"wp:term":[{"taxonomy":"product_brand","embeddable":true,"href":"https:\/\/bpont.hu\/shop\/index.php\/wp-json\/wp\/v2\/product_brand?post=5511"},{"taxonomy":"product_cat","embeddable":true,"href":"https:\/\/bpont.hu\/shop\/index.php\/wp-json\/wp\/v2\/product_cat?post=5511"},{"taxonomy":"product_tag","embeddable":true,"href":"https:\/\/bpont.hu\/shop\/index.php\/wp-json\/wp\/v2\/product_tag?post=5511"}],"curies":[{"name":"wp","href":"https:\/\/api.w.org\/{rel}","templated":true}]}}