{"id":5507,"date":"2025-08-04T09:27:50","date_gmt":"2025-08-04T08:27:50","guid":{"rendered":"https:\/\/bpont.hu\/shop\/index.php\/product\/szerelo-keret-kozepes\/"},"modified":"2026-03-11T16:40:29","modified_gmt":"2026-03-11T14:40:29","slug":"szerelo-keret-kozepes","status":"publish","type":"product","link":"https:\/\/bpont.hu\/shop\/index.php\/product\/szerelo-keret-kozepes\/","title":{"rendered":"FMH 0000 A<br>Szerel\u0151 keret, k\u00f6zepes"},"content":{"rendered":"<p>FMH 0000 A<br \/>\nA k\u00f6zepes m\u00e9ret\u0171 szerel\u0151keret a &#8220;PMF 0004 A&#8221; keretre szerelhet\u0151, nagym\u00e9ret\u0171 t\u00e1pegys\u00e9ghez sz\u00fcks\u00e9ges.<\/p>\n","protected":false},"excerpt":{"rendered":"<p>Rendel\u00e9si k\u00f3d: 4.998.137.297<\/p>\n","protected":false},"featured_media":5506,"template":"","meta":[],"product_brand":[],"product_cat":[313],"product_tag":[25],"class_list":{"0":"post-5507","1":"product","2":"type-product","3":"status-publish","4":"has-post-thumbnail","6":"product_cat-kozpont-modulok-hazak-tartozekok","7":"product_tag-bosch","9":"first","10":"instock","11":"taxable","12":"shipping-taxable","13":"purchasable","14":"product-type-simple"},"jetpack_sharing_enabled":true,"_links":{"self":[{"href":"https:\/\/bpont.hu\/shop\/index.php\/wp-json\/wp\/v2\/product\/5507","targetHints":{"allow":["GET"]}}],"collection":[{"href":"https:\/\/bpont.hu\/shop\/index.php\/wp-json\/wp\/v2\/product"}],"about":[{"href":"https:\/\/bpont.hu\/shop\/index.php\/wp-json\/wp\/v2\/types\/product"}],"version-history":[{"count":3,"href":"https:\/\/bpont.hu\/shop\/index.php\/wp-json\/wp\/v2\/product\/5507\/revisions"}],"predecessor-version":[{"id":8286,"href":"https:\/\/bpont.hu\/shop\/index.php\/wp-json\/wp\/v2\/product\/5507\/revisions\/8286"}],"wp:featuredmedia":[{"embeddable":true,"href":"https:\/\/bpont.hu\/shop\/index.php\/wp-json\/wp\/v2\/media\/5506"}],"wp:attachment":[{"href":"https:\/\/bpont.hu\/shop\/index.php\/wp-json\/wp\/v2\/media?parent=5507"}],"wp:term":[{"taxonomy":"product_brand","embeddable":true,"href":"https:\/\/bpont.hu\/shop\/index.php\/wp-json\/wp\/v2\/product_brand?post=5507"},{"taxonomy":"product_cat","embeddable":true,"href":"https:\/\/bpont.hu\/shop\/index.php\/wp-json\/wp\/v2\/product_cat?post=5507"},{"taxonomy":"product_tag","embeddable":true,"href":"https:\/\/bpont.hu\/shop\/index.php\/wp-json\/wp\/v2\/product_tag?post=5507"}],"curies":[{"name":"wp","href":"https:\/\/api.w.org\/{rel}","templated":true}]}}