{"id":5503,"date":"2025-08-04T09:27:49","date_gmt":"2025-08-04T08:27:49","guid":{"rendered":"https:\/\/bpont.hu\/shop\/index.php\/product\/univerzalis-haz-kicsi-keretes-szerelesu\/"},"modified":"2026-03-11T16:40:29","modified_gmt":"2026-03-11T14:40:29","slug":"univerzalis-haz-kicsi-keretes-szerelesu","status":"publish","type":"product","link":"https:\/\/bpont.hu\/shop\/index.php\/product\/univerzalis-haz-kicsi-keretes-szerelesu\/","title":{"rendered":"USF 0000 A<br>Univerz\u00e1lis h\u00e1z, kicsi, keretes szerel\u00e9s\u0171"},"content":{"rendered":"<p>USF 0000 A<br \/>\nAz USF 0000 A keretes szerel\u00e9s\u0171 univerz\u00e1lis h\u00e1z gy\u00e1rilag felszerelt szerel\u0151lemezzel rendelkezik, mely az ig\u00e9nyeknek megfelel\u0151 tartoz\u00e9kokkal l\u00e1that\u00f3 el. K\u00e9t eloszt\u00f3s\u00ednhez kik\u00e9pzett szerel\u0151ny\u00edl\u00e1sokat tartalmaz.<br \/>\nFigyelem: Az eloszt\u00f3s\u00edneket a csomag nem tartalmazza.<\/p>\n","protected":false},"excerpt":{"rendered":"<p>Rendel\u00e9si k\u00f3d: 4.998.147.119<\/p>\n","protected":false},"featured_media":5502,"template":"","meta":[],"product_brand":[],"product_cat":[313],"product_tag":[25],"class_list":{"0":"post-5503","1":"product","2":"type-product","3":"status-publish","4":"has-post-thumbnail","6":"product_cat-kozpont-modulok-hazak-tartozekok","7":"product_tag-bosch","9":"first","10":"instock","11":"taxable","12":"shipping-taxable","13":"purchasable","14":"product-type-simple"},"jetpack_sharing_enabled":true,"_links":{"self":[{"href":"https:\/\/bpont.hu\/shop\/index.php\/wp-json\/wp\/v2\/product\/5503","targetHints":{"allow":["GET"]}}],"collection":[{"href":"https:\/\/bpont.hu\/shop\/index.php\/wp-json\/wp\/v2\/product"}],"about":[{"href":"https:\/\/bpont.hu\/shop\/index.php\/wp-json\/wp\/v2\/types\/product"}],"version-history":[{"count":3,"href":"https:\/\/bpont.hu\/shop\/index.php\/wp-json\/wp\/v2\/product\/5503\/revisions"}],"predecessor-version":[{"id":8284,"href":"https:\/\/bpont.hu\/shop\/index.php\/wp-json\/wp\/v2\/product\/5503\/revisions\/8284"}],"wp:featuredmedia":[{"embeddable":true,"href":"https:\/\/bpont.hu\/shop\/index.php\/wp-json\/wp\/v2\/media\/5502"}],"wp:attachment":[{"href":"https:\/\/bpont.hu\/shop\/index.php\/wp-json\/wp\/v2\/media?parent=5503"}],"wp:term":[{"taxonomy":"product_brand","embeddable":true,"href":"https:\/\/bpont.hu\/shop\/index.php\/wp-json\/wp\/v2\/product_brand?post=5503"},{"taxonomy":"product_cat","embeddable":true,"href":"https:\/\/bpont.hu\/shop\/index.php\/wp-json\/wp\/v2\/product_cat?post=5503"},{"taxonomy":"product_tag","embeddable":true,"href":"https:\/\/bpont.hu\/shop\/index.php\/wp-json\/wp\/v2\/product_tag?post=5503"}],"curies":[{"name":"wp","href":"https:\/\/api.w.org\/{rel}","templated":true}]}}