{"id":547,"date":"2025-06-27T11:11:00","date_gmt":"2025-06-27T10:11:00","guid":{"rendered":"https:\/\/bpont.shop.hu\/?post_type=product&#038;p=547"},"modified":"2026-03-11T16:39:14","modified_gmt":"2026-03-11T14:39:14","slug":"nda-fmt-dome-sullyesztheto-tarto-dom-kamerakhoz","status":"publish","type":"product","link":"https:\/\/bpont.hu\/shop\/index.php\/product\/nda-fmt-dome-sullyesztheto-tarto-dom-kamerakhoz\/","title":{"rendered":"NDA-FMT-DOME<br>S\u00fcllyeszthet\u0151 tart\u00f3 D\u00f3m kamer\u00e1khoz"},"content":{"rendered":"<p>NDA-FMT-DOME<\/p>\n","protected":false},"excerpt":{"rendered":"<p>Rendel\u00e9si k\u00f3d: F.01U.303.768<\/p>\n","protected":false},"featured_media":548,"template":"","meta":[],"product_brand":[],"product_cat":[320],"product_tag":[25],"class_list":{"0":"post-547","1":"product","2":"type-product","3":"status-publish","4":"has-post-thumbnail","6":"product_cat-kamerahazak-konzolok","7":"product_tag-bosch","9":"first","10":"instock","11":"taxable","12":"shipping-taxable","13":"purchasable","14":"product-type-simple"},"jetpack_sharing_enabled":true,"_links":{"self":[{"href":"https:\/\/bpont.hu\/shop\/index.php\/wp-json\/wp\/v2\/product\/547","targetHints":{"allow":["GET"]}}],"collection":[{"href":"https:\/\/bpont.hu\/shop\/index.php\/wp-json\/wp\/v2\/product"}],"about":[{"href":"https:\/\/bpont.hu\/shop\/index.php\/wp-json\/wp\/v2\/types\/product"}],"version-history":[{"count":5,"href":"https:\/\/bpont.hu\/shop\/index.php\/wp-json\/wp\/v2\/product\/547\/revisions"}],"predecessor-version":[{"id":7385,"href":"https:\/\/bpont.hu\/shop\/index.php\/wp-json\/wp\/v2\/product\/547\/revisions\/7385"}],"wp:featuredmedia":[{"embeddable":true,"href":"https:\/\/bpont.hu\/shop\/index.php\/wp-json\/wp\/v2\/media\/548"}],"wp:attachment":[{"href":"https:\/\/bpont.hu\/shop\/index.php\/wp-json\/wp\/v2\/media?parent=547"}],"wp:term":[{"taxonomy":"product_brand","embeddable":true,"href":"https:\/\/bpont.hu\/shop\/index.php\/wp-json\/wp\/v2\/product_brand?post=547"},{"taxonomy":"product_cat","embeddable":true,"href":"https:\/\/bpont.hu\/shop\/index.php\/wp-json\/wp\/v2\/product_cat?post=547"},{"taxonomy":"product_tag","embeddable":true,"href":"https:\/\/bpont.hu\/shop\/index.php\/wp-json\/wp\/v2\/product_tag?post=547"}],"curies":[{"name":"wp","href":"https:\/\/api.w.org\/{rel}","templated":true}]}}