{"id":529,"date":"2025-06-27T11:10:57","date_gmt":"2025-06-27T10:10:57","guid":{"rendered":"https:\/\/bpont.shop.hu\/?post_type=product&#038;p=529"},"modified":"2026-03-11T16:39:14","modified_gmt":"2026-03-11T14:39:14","slug":"nda-smb-minismb-feluletre-szerelheto-kotodoboz-minidome-hoz","status":"publish","type":"product","link":"https:\/\/bpont.hu\/shop\/index.php\/product\/nda-smb-minismb-feluletre-szerelheto-kotodoboz-minidome-hoz\/","title":{"rendered":"NDA-SMB-MINISMB<br>Feluletre szerelhet\u0151 k\u00f6t\u0151doboz Minidome-hoz"},"content":{"rendered":"<p>NDA-SMB-MINISMB<\/p>\n","protected":false},"excerpt":{"rendered":"<p>Rendel\u00e9si k\u00f3d: F.01U.299.795<\/p>\n","protected":false},"featured_media":530,"template":"","meta":[],"product_brand":[],"product_cat":[320],"product_tag":[25],"class_list":{"0":"post-529","1":"product","2":"type-product","3":"status-publish","4":"has-post-thumbnail","6":"product_cat-kamerahazak-konzolok","7":"product_tag-bosch","9":"first","10":"instock","11":"taxable","12":"shipping-taxable","13":"purchasable","14":"product-type-simple"},"jetpack_sharing_enabled":true,"_links":{"self":[{"href":"https:\/\/bpont.hu\/shop\/index.php\/wp-json\/wp\/v2\/product\/529","targetHints":{"allow":["GET"]}}],"collection":[{"href":"https:\/\/bpont.hu\/shop\/index.php\/wp-json\/wp\/v2\/product"}],"about":[{"href":"https:\/\/bpont.hu\/shop\/index.php\/wp-json\/wp\/v2\/types\/product"}],"version-history":[{"count":5,"href":"https:\/\/bpont.hu\/shop\/index.php\/wp-json\/wp\/v2\/product\/529\/revisions"}],"predecessor-version":[{"id":7379,"href":"https:\/\/bpont.hu\/shop\/index.php\/wp-json\/wp\/v2\/product\/529\/revisions\/7379"}],"wp:featuredmedia":[{"embeddable":true,"href":"https:\/\/bpont.hu\/shop\/index.php\/wp-json\/wp\/v2\/media\/530"}],"wp:attachment":[{"href":"https:\/\/bpont.hu\/shop\/index.php\/wp-json\/wp\/v2\/media?parent=529"}],"wp:term":[{"taxonomy":"product_brand","embeddable":true,"href":"https:\/\/bpont.hu\/shop\/index.php\/wp-json\/wp\/v2\/product_brand?post=529"},{"taxonomy":"product_cat","embeddable":true,"href":"https:\/\/bpont.hu\/shop\/index.php\/wp-json\/wp\/v2\/product_cat?post=529"},{"taxonomy":"product_tag","embeddable":true,"href":"https:\/\/bpont.hu\/shop\/index.php\/wp-json\/wp\/v2\/product_tag?post=529"}],"curies":[{"name":"wp","href":"https:\/\/api.w.org\/{rel}","templated":true}]}}