{"id":523,"date":"2025-06-27T11:10:57","date_gmt":"2025-06-27T10:10:57","guid":{"rendered":"https:\/\/bpont.shop.hu\/?post_type=product&#038;p=523"},"modified":"2026-03-11T16:39:13","modified_gmt":"2026-03-11T14:39:13","slug":"uho-hbgs-51-kulteri-kamera-haz-hutes-futessel-es-napell-230vac","status":"publish","type":"product","link":"https:\/\/bpont.hu\/shop\/index.php\/product\/uho-hbgs-51-kulteri-kamera-haz-hutes-futessel-es-napell-230vac\/","title":{"rendered":"UHO-HBGS-51<br>K\u00fclt\u00e9ri Kamera-h\u00e1z h\u0171t\u00e9s-f\u0171t\u00e9ssel \u00e9s napell. 230VAC"},"content":{"rendered":"<p>UHO-HBGS-51<br \/>\nA kamera burkolata intelligensen kialak\u00edtott, amely lehet\u0151v\u00e9 teszi a DINION kamer\u00e1k k\u00fclt\u00e9ri vagy belt\u00e9ri k\u00f6rnyezetben t\u00f6rt\u00e9n\u0151 haszn\u00e1lat\u00e1t, vagy olyan ter\u00fcleteken, ahol a kamer\u00e1t v\u00e9deni kell.<br \/>\nTartalmaz egy inteligens H\u0171t\u00e9s-F\u0171t\u00e9s rendszert.<br \/>\nA burkolat  napellenz\u0151vel van ell\u00e1tva \u00e9s 230VAC t\u00e1pell\u00e1t\u00e1st ig\u00e9nyel.<br \/>\nTulajdons\u00e1gok:<br \/>\n&#8211; Kamera \u00e9s objekt\u00edv kombin\u00e1ci\u00f3val: maximum 262 mm (10.32 inch) bels\u0151 hossz<br \/>\n&#8211; Csukl\u00f3s oldal nyit\u00e1s, a teljes hozz\u00e1f\u00e9r\u00e9s \u00e9rdek\u00e9ben<br \/>\n&#8211; IP66, NEMA-4X<br \/>\n&#8211; Napellenz\u0151<br \/>\n&#8211; \u00d6ntisztul\u00f3 \u00fcveg<br \/>\n&#8211; 2 db inteligens f\u0171t\u0151elem<\/p>\n","protected":false},"excerpt":{"rendered":"<p>Rendel\u00e9si k\u00f3d: F.01U.302.310<\/p>\n","protected":false},"featured_media":515,"template":"","meta":[],"product_brand":[],"product_cat":[320],"product_tag":[25],"class_list":{"0":"post-523","1":"product","2":"type-product","3":"status-publish","4":"has-post-thumbnail","6":"product_cat-kamerahazak-konzolok","7":"product_tag-bosch","9":"first","10":"instock","11":"taxable","12":"shipping-taxable","13":"purchasable","14":"product-type-simple"},"jetpack_sharing_enabled":true,"_links":{"self":[{"href":"https:\/\/bpont.hu\/shop\/index.php\/wp-json\/wp\/v2\/product\/523","targetHints":{"allow":["GET"]}}],"collection":[{"href":"https:\/\/bpont.hu\/shop\/index.php\/wp-json\/wp\/v2\/product"}],"about":[{"href":"https:\/\/bpont.hu\/shop\/index.php\/wp-json\/wp\/v2\/types\/product"}],"version-history":[{"count":5,"href":"https:\/\/bpont.hu\/shop\/index.php\/wp-json\/wp\/v2\/product\/523\/revisions"}],"predecessor-version":[{"id":7376,"href":"https:\/\/bpont.hu\/shop\/index.php\/wp-json\/wp\/v2\/product\/523\/revisions\/7376"}],"wp:featuredmedia":[{"embeddable":true,"href":"https:\/\/bpont.hu\/shop\/index.php\/wp-json\/wp\/v2\/media\/515"}],"wp:attachment":[{"href":"https:\/\/bpont.hu\/shop\/index.php\/wp-json\/wp\/v2\/media?parent=523"}],"wp:term":[{"taxonomy":"product_brand","embeddable":true,"href":"https:\/\/bpont.hu\/shop\/index.php\/wp-json\/wp\/v2\/product_brand?post=523"},{"taxonomy":"product_cat","embeddable":true,"href":"https:\/\/bpont.hu\/shop\/index.php\/wp-json\/wp\/v2\/product_cat?post=523"},{"taxonomy":"product_tag","embeddable":true,"href":"https:\/\/bpont.hu\/shop\/index.php\/wp-json\/wp\/v2\/product_tag?post=523"}],"curies":[{"name":"wp","href":"https:\/\/api.w.org\/{rel}","templated":true}]}}