{"id":477,"date":"2025-06-27T11:10:49","date_gmt":"2025-06-27T10:10:49","guid":{"rendered":"https:\/\/bpont.shop.hu\/?post_type=product&#038;p=477"},"modified":"2026-03-11T16:39:11","modified_gmt":"2026-03-11T14:39:11","slug":"vga-ic-sp-almennyezeti-szereleshez-kitt-autodome-kamerakhoz","status":"publish","type":"product","link":"https:\/\/bpont.hu\/shop\/index.php\/product\/vga-ic-sp-almennyezeti-szereleshez-kitt-autodome-kamerakhoz\/","title":{"rendered":"VGA-IC-SP<br>\u00c1lmennyezeti szerel\u00e9shez kitt Autodome kamer\u00e1khoz"},"content":{"rendered":"<p>VGA-IC-SP<\/p>\n","protected":false},"excerpt":{"rendered":"<p>Rendel\u00e9si k\u00f3d: F.01U.245.271<\/p>\n","protected":false},"featured_media":478,"template":"","meta":[],"product_brand":[],"product_cat":[320],"product_tag":[25],"class_list":{"0":"post-477","1":"product","2":"type-product","3":"status-publish","4":"has-post-thumbnail","6":"product_cat-kamerahazak-konzolok","7":"product_tag-bosch","9":"first","10":"instock","11":"taxable","12":"shipping-taxable","13":"purchasable","14":"product-type-simple"},"jetpack_sharing_enabled":true,"_links":{"self":[{"href":"https:\/\/bpont.hu\/shop\/index.php\/wp-json\/wp\/v2\/product\/477","targetHints":{"allow":["GET"]}}],"collection":[{"href":"https:\/\/bpont.hu\/shop\/index.php\/wp-json\/wp\/v2\/product"}],"about":[{"href":"https:\/\/bpont.hu\/shop\/index.php\/wp-json\/wp\/v2\/types\/product"}],"version-history":[{"count":5,"href":"https:\/\/bpont.hu\/shop\/index.php\/wp-json\/wp\/v2\/product\/477\/revisions"}],"predecessor-version":[{"id":7359,"href":"https:\/\/bpont.hu\/shop\/index.php\/wp-json\/wp\/v2\/product\/477\/revisions\/7359"}],"wp:featuredmedia":[{"embeddable":true,"href":"https:\/\/bpont.hu\/shop\/index.php\/wp-json\/wp\/v2\/media\/478"}],"wp:attachment":[{"href":"https:\/\/bpont.hu\/shop\/index.php\/wp-json\/wp\/v2\/media?parent=477"}],"wp:term":[{"taxonomy":"product_brand","embeddable":true,"href":"https:\/\/bpont.hu\/shop\/index.php\/wp-json\/wp\/v2\/product_brand?post=477"},{"taxonomy":"product_cat","embeddable":true,"href":"https:\/\/bpont.hu\/shop\/index.php\/wp-json\/wp\/v2\/product_cat?post=477"},{"taxonomy":"product_tag","embeddable":true,"href":"https:\/\/bpont.hu\/shop\/index.php\/wp-json\/wp\/v2\/product_tag?post=477"}],"curies":[{"name":"wp","href":"https:\/\/api.w.org\/{rel}","templated":true}]}}