{"id":465,"date":"2025-06-27T11:10:48","date_gmt":"2025-06-27T10:10:48","guid":{"rendered":"https:\/\/bpont.shop.hu\/?post_type=product&#038;p=465"},"modified":"2026-03-11T16:39:11","modified_gmt":"2026-03-11T14:39:11","slug":"vga-bubhd-ctia-autodome-belteri-mennyezeti-sotetitett-hd-felbontashoz-bura","status":"publish","type":"product","link":"https:\/\/bpont.hu\/shop\/index.php\/product\/vga-bubhd-ctia-autodome-belteri-mennyezeti-sotetitett-hd-felbontashoz-bura\/","title":{"rendered":"VGA-BUBHD-CTIA<br>AUTODOME Belt\u00e9ri mennyezeti s\u00f6t\u00e9t\u00edtett HD felbont\u00e1shoz b\u00fara"},"content":{"rendered":"<p>VGA-BUBHD-CTIA<\/p>\n","protected":false},"excerpt":{"rendered":"<p>Rendel\u00e9si k\u00f3d: F.01U.281.738<\/p>\n","protected":false},"featured_media":457,"template":"","meta":[],"product_brand":[],"product_cat":[320],"product_tag":[25],"class_list":{"0":"post-465","1":"product","2":"type-product","3":"status-publish","4":"has-post-thumbnail","6":"product_cat-kamerahazak-konzolok","7":"product_tag-bosch","9":"first","10":"instock","11":"taxable","12":"shipping-taxable","13":"purchasable","14":"product-type-simple"},"jetpack_sharing_enabled":true,"_links":{"self":[{"href":"https:\/\/bpont.hu\/shop\/index.php\/wp-json\/wp\/v2\/product\/465","targetHints":{"allow":["GET"]}}],"collection":[{"href":"https:\/\/bpont.hu\/shop\/index.php\/wp-json\/wp\/v2\/product"}],"about":[{"href":"https:\/\/bpont.hu\/shop\/index.php\/wp-json\/wp\/v2\/types\/product"}],"version-history":[{"count":5,"href":"https:\/\/bpont.hu\/shop\/index.php\/wp-json\/wp\/v2\/product\/465\/revisions"}],"predecessor-version":[{"id":7354,"href":"https:\/\/bpont.hu\/shop\/index.php\/wp-json\/wp\/v2\/product\/465\/revisions\/7354"}],"wp:featuredmedia":[{"embeddable":true,"href":"https:\/\/bpont.hu\/shop\/index.php\/wp-json\/wp\/v2\/media\/457"}],"wp:attachment":[{"href":"https:\/\/bpont.hu\/shop\/index.php\/wp-json\/wp\/v2\/media?parent=465"}],"wp:term":[{"taxonomy":"product_brand","embeddable":true,"href":"https:\/\/bpont.hu\/shop\/index.php\/wp-json\/wp\/v2\/product_brand?post=465"},{"taxonomy":"product_cat","embeddable":true,"href":"https:\/\/bpont.hu\/shop\/index.php\/wp-json\/wp\/v2\/product_cat?post=465"},{"taxonomy":"product_tag","embeddable":true,"href":"https:\/\/bpont.hu\/shop\/index.php\/wp-json\/wp\/v2\/product_tag?post=465"}],"curies":[{"name":"wp","href":"https:\/\/api.w.org\/{rel}","templated":true}]}}