{"id":461,"date":"2025-06-27T11:10:47","date_gmt":"2025-06-27T10:10:47","guid":{"rendered":"https:\/\/bpont.shop.hu\/?post_type=product&#038;p=461"},"modified":"2026-03-11T16:39:11","modified_gmt":"2026-03-11T14:39:11","slug":"vga-bubble-ptia-autodome-fuggesztett-sotetitett-nagyfelbontashoz-bura","status":"publish","type":"product","link":"https:\/\/bpont.hu\/shop\/index.php\/product\/vga-bubble-ptia-autodome-fuggesztett-sotetitett-nagyfelbontashoz-bura\/","title":{"rendered":"VGA-BUBBLE-PTIA<br>AUTODOME F\u00fcggesztett s\u00f6t\u00e9t\u00edtett nagy-felbont\u00e1shoz b\u00fara"},"content":{"rendered":"<p>VGA-BUBBLE-PTIA<\/p>\n","protected":false},"excerpt":{"rendered":"<p>Rendel\u00e9si k\u00f3d: F.01U.247.820<\/p>\n","protected":false},"featured_media":457,"template":"","meta":[],"product_brand":[],"product_cat":[320],"product_tag":[25],"class_list":{"0":"post-461","1":"product","2":"type-product","3":"status-publish","4":"has-post-thumbnail","6":"product_cat-kamerahazak-konzolok","7":"product_tag-bosch","9":"first","10":"instock","11":"taxable","12":"shipping-taxable","13":"purchasable","14":"product-type-simple"},"jetpack_sharing_enabled":true,"_links":{"self":[{"href":"https:\/\/bpont.hu\/shop\/index.php\/wp-json\/wp\/v2\/product\/461","targetHints":{"allow":["GET"]}}],"collection":[{"href":"https:\/\/bpont.hu\/shop\/index.php\/wp-json\/wp\/v2\/product"}],"about":[{"href":"https:\/\/bpont.hu\/shop\/index.php\/wp-json\/wp\/v2\/types\/product"}],"version-history":[{"count":5,"href":"https:\/\/bpont.hu\/shop\/index.php\/wp-json\/wp\/v2\/product\/461\/revisions"}],"predecessor-version":[{"id":7352,"href":"https:\/\/bpont.hu\/shop\/index.php\/wp-json\/wp\/v2\/product\/461\/revisions\/7352"}],"wp:featuredmedia":[{"embeddable":true,"href":"https:\/\/bpont.hu\/shop\/index.php\/wp-json\/wp\/v2\/media\/457"}],"wp:attachment":[{"href":"https:\/\/bpont.hu\/shop\/index.php\/wp-json\/wp\/v2\/media?parent=461"}],"wp:term":[{"taxonomy":"product_brand","embeddable":true,"href":"https:\/\/bpont.hu\/shop\/index.php\/wp-json\/wp\/v2\/product_brand?post=461"},{"taxonomy":"product_cat","embeddable":true,"href":"https:\/\/bpont.hu\/shop\/index.php\/wp-json\/wp\/v2\/product_cat?post=461"},{"taxonomy":"product_tag","embeddable":true,"href":"https:\/\/bpont.hu\/shop\/index.php\/wp-json\/wp\/v2\/product_tag?post=461"}],"curies":[{"name":"wp","href":"https:\/\/api.w.org\/{rel}","templated":true}]}}