{"id":401,"date":"2025-06-26T22:37:20","date_gmt":"2025-06-26T21:37:20","guid":{"rendered":"https:\/\/bpont.shop.hu\/?post_type=product&#038;p=401"},"modified":"2026-03-11T16:39:09","modified_gmt":"2026-03-11T14:39:09","slug":"umm-lw-30b-forgathato-fali-tartolcd-monitorhoz-20-es-kisebb","status":"publish","type":"product","link":"https:\/\/bpont.hu\/shop\/index.php\/product\/umm-lw-30b-forgathato-fali-tartolcd-monitorhoz-20-es-kisebb\/","title":{"rendered":"UMM-LW-30B<br>Forgathat\u00f3 Fali tart\u00f3 LCD Monitorhoz (20&#8243; \u00e9s kisebb)"},"content":{"rendered":"<p>UMM-LW-30B<\/p>\n","protected":false},"excerpt":{"rendered":"<p>Rendel\u00e9si k\u00f3d: F.01U.066.208<\/p>\n","protected":false},"featured_media":402,"template":"","meta":[],"product_brand":[],"product_cat":[318],"product_tag":[25],"class_list":{"0":"post-401","1":"product","2":"type-product","3":"status-publish","4":"has-post-thumbnail","6":"product_cat-megjelenitok-monitorok","7":"product_tag-bosch","9":"first","10":"instock","11":"taxable","12":"shipping-taxable","13":"purchasable","14":"product-type-simple"},"jetpack_sharing_enabled":true,"_links":{"self":[{"href":"https:\/\/bpont.hu\/shop\/index.php\/wp-json\/wp\/v2\/product\/401","targetHints":{"allow":["GET"]}}],"collection":[{"href":"https:\/\/bpont.hu\/shop\/index.php\/wp-json\/wp\/v2\/product"}],"about":[{"href":"https:\/\/bpont.hu\/shop\/index.php\/wp-json\/wp\/v2\/types\/product"}],"version-history":[{"count":5,"href":"https:\/\/bpont.hu\/shop\/index.php\/wp-json\/wp\/v2\/product\/401\/revisions"}],"predecessor-version":[{"id":7336,"href":"https:\/\/bpont.hu\/shop\/index.php\/wp-json\/wp\/v2\/product\/401\/revisions\/7336"}],"wp:featuredmedia":[{"embeddable":true,"href":"https:\/\/bpont.hu\/shop\/index.php\/wp-json\/wp\/v2\/media\/402"}],"wp:attachment":[{"href":"https:\/\/bpont.hu\/shop\/index.php\/wp-json\/wp\/v2\/media?parent=401"}],"wp:term":[{"taxonomy":"product_brand","embeddable":true,"href":"https:\/\/bpont.hu\/shop\/index.php\/wp-json\/wp\/v2\/product_brand?post=401"},{"taxonomy":"product_cat","embeddable":true,"href":"https:\/\/bpont.hu\/shop\/index.php\/wp-json\/wp\/v2\/product_cat?post=401"},{"taxonomy":"product_tag","embeddable":true,"href":"https:\/\/bpont.hu\/shop\/index.php\/wp-json\/wp\/v2\/product_tag?post=401"}],"curies":[{"name":"wp","href":"https:\/\/api.w.org\/{rel}","templated":true}]}}