{"id":390,"date":"2025-06-26T22:37:16","date_gmt":"2025-06-26T21:37:16","guid":{"rendered":"https:\/\/bpont.shop.hu\/?post_type=product&#038;p=390"},"modified":"2026-03-11T16:39:09","modified_gmt":"2026-03-11T14:39:09","slug":"mbv-xchan-dip-divar-ip-7000-csatorna-bovito-license-8","status":"publish","type":"product","link":"https:\/\/bpont.hu\/shop\/index.php\/product\/mbv-xchan-dip-divar-ip-7000-csatorna-bovito-license-8\/","title":{"rendered":"MBV-XCHAN-DIP<br>DIVAR IP 7000 csatorna b\u0151v\u00edt\u0151 license (8)"},"content":{"rendered":"<p>MBV-XCHAN-DIP<\/p>\n","protected":false},"excerpt":{"rendered":"<p>Rendel\u00e9si k\u00f3d: F.01U.277.966<\/p>\n","protected":false},"featured_media":386,"template":"","meta":[],"product_brand":[],"product_cat":[316],"product_tag":[25],"class_list":{"0":"post-390","1":"product","2":"type-product","3":"status-publish","4":"has-post-thumbnail","6":"product_cat-szoftverek-licence-k","7":"product_tag-bosch","9":"first","10":"instock","11":"taxable","12":"shipping-taxable","13":"purchasable","14":"product-type-simple"},"jetpack_sharing_enabled":true,"_links":{"self":[{"href":"https:\/\/bpont.hu\/shop\/index.php\/wp-json\/wp\/v2\/product\/390","targetHints":{"allow":["GET"]}}],"collection":[{"href":"https:\/\/bpont.hu\/shop\/index.php\/wp-json\/wp\/v2\/product"}],"about":[{"href":"https:\/\/bpont.hu\/shop\/index.php\/wp-json\/wp\/v2\/types\/product"}],"version-history":[{"count":5,"href":"https:\/\/bpont.hu\/shop\/index.php\/wp-json\/wp\/v2\/product\/390\/revisions"}],"predecessor-version":[{"id":7332,"href":"https:\/\/bpont.hu\/shop\/index.php\/wp-json\/wp\/v2\/product\/390\/revisions\/7332"}],"wp:featuredmedia":[{"embeddable":true,"href":"https:\/\/bpont.hu\/shop\/index.php\/wp-json\/wp\/v2\/media\/386"}],"wp:attachment":[{"href":"https:\/\/bpont.hu\/shop\/index.php\/wp-json\/wp\/v2\/media?parent=390"}],"wp:term":[{"taxonomy":"product_brand","embeddable":true,"href":"https:\/\/bpont.hu\/shop\/index.php\/wp-json\/wp\/v2\/product_brand?post=390"},{"taxonomy":"product_cat","embeddable":true,"href":"https:\/\/bpont.hu\/shop\/index.php\/wp-json\/wp\/v2\/product_cat?post=390"},{"taxonomy":"product_tag","embeddable":true,"href":"https:\/\/bpont.hu\/shop\/index.php\/wp-json\/wp\/v2\/product_tag?post=390"}],"curies":[{"name":"wp","href":"https:\/\/api.w.org\/{rel}","templated":true}]}}