{"id":375,"date":"2025-06-26T20:35:28","date_gmt":"2025-06-26T19:35:28","guid":{"rendered":"https:\/\/bpont.shop.hu\/index.php\/product\/mbv-xwst-dip-divar-ip-7000-munkaallomas-bovito-license-1\/"},"modified":"2026-03-11T16:39:08","modified_gmt":"2026-03-11T14:39:08","slug":"mbv-xwst-dip-divar-ip-7000-munkaallomas-bovito-license-1","status":"publish","type":"product","link":"https:\/\/bpont.hu\/shop\/index.php\/product\/mbv-xwst-dip-divar-ip-7000-munkaallomas-bovito-license-1\/","title":{"rendered":"MBV-XWST-DIP<br>DIVAR IP 7000 Munka\u00e1llom\u00e1s B\u0151v\u00edt\u0151 license (1)"},"content":{"rendered":"<p>MBV-XWST-DIP<\/p>\n","protected":false},"excerpt":{"rendered":"<p>Rendel\u00e9si k\u00f3d: F.01U.286.644<\/p>\n","protected":false},"featured_media":386,"template":"","meta":[],"product_brand":[],"product_cat":[316],"product_tag":[25],"class_list":{"0":"post-375","1":"product","2":"type-product","3":"status-publish","4":"has-post-thumbnail","6":"product_cat-szoftverek-licence-k","7":"product_tag-bosch","9":"first","10":"instock","11":"taxable","12":"shipping-taxable","13":"purchasable","14":"product-type-simple"},"jetpack_sharing_enabled":true,"_links":{"self":[{"href":"https:\/\/bpont.hu\/shop\/index.php\/wp-json\/wp\/v2\/product\/375","targetHints":{"allow":["GET"]}}],"collection":[{"href":"https:\/\/bpont.hu\/shop\/index.php\/wp-json\/wp\/v2\/product"}],"about":[{"href":"https:\/\/bpont.hu\/shop\/index.php\/wp-json\/wp\/v2\/types\/product"}],"version-history":[{"count":4,"href":"https:\/\/bpont.hu\/shop\/index.php\/wp-json\/wp\/v2\/product\/375\/revisions"}],"predecessor-version":[{"id":7329,"href":"https:\/\/bpont.hu\/shop\/index.php\/wp-json\/wp\/v2\/product\/375\/revisions\/7329"}],"wp:featuredmedia":[{"embeddable":true,"href":"https:\/\/bpont.hu\/shop\/index.php\/wp-json\/wp\/v2\/media\/386"}],"wp:attachment":[{"href":"https:\/\/bpont.hu\/shop\/index.php\/wp-json\/wp\/v2\/media?parent=375"}],"wp:term":[{"taxonomy":"product_brand","embeddable":true,"href":"https:\/\/bpont.hu\/shop\/index.php\/wp-json\/wp\/v2\/product_brand?post=375"},{"taxonomy":"product_cat","embeddable":true,"href":"https:\/\/bpont.hu\/shop\/index.php\/wp-json\/wp\/v2\/product_cat?post=375"},{"taxonomy":"product_tag","embeddable":true,"href":"https:\/\/bpont.hu\/shop\/index.php\/wp-json\/wp\/v2\/product_tag?post=375"}],"curies":[{"name":"wp","href":"https:\/\/api.w.org\/{rel}","templated":true}]}}