{"id":370,"date":"2025-06-26T19:13:38","date_gmt":"2025-06-26T18:13:38","guid":{"rendered":"https:\/\/bpont.shop.hu\/index.php\/product\/mbv-bxpan-dip-divar-ip-7000-csatorna-bovito-liszensz-prof-edition-max128\/"},"modified":"2026-03-11T16:39:08","modified_gmt":"2026-03-11T14:39:08","slug":"mbv-bxpan-dip-divar-ip-7000-csatorna-bovito-liszensz-prof-edition-max128","status":"publish","type":"product","link":"https:\/\/bpont.hu\/shop\/index.php\/product\/mbv-bxpan-dip-divar-ip-7000-csatorna-bovito-liszensz-prof-edition-max128\/","title":{"rendered":"MBV-BXPAN-DIP<br>DIVAR IP 7000 csatorna b\u0151v\u00edt\u0151 liszensz Prof. Edition Max128"},"content":{"rendered":"<p>MBV-BXPAN-DIP<\/p>\n","protected":false},"excerpt":{"rendered":"<p>Rendel\u00e9si k\u00f3d: F.01U.286.640<\/p>\n","protected":false},"featured_media":386,"template":"","meta":[],"product_brand":[],"product_cat":[316],"product_tag":[25],"class_list":{"0":"post-370","1":"product","2":"type-product","3":"status-publish","4":"has-post-thumbnail","6":"product_cat-szoftverek-licence-k","7":"product_tag-bosch","9":"first","10":"instock","11":"taxable","12":"shipping-taxable","13":"purchasable","14":"product-type-simple"},"jetpack_sharing_enabled":true,"_links":{"self":[{"href":"https:\/\/bpont.hu\/shop\/index.php\/wp-json\/wp\/v2\/product\/370","targetHints":{"allow":["GET"]}}],"collection":[{"href":"https:\/\/bpont.hu\/shop\/index.php\/wp-json\/wp\/v2\/product"}],"about":[{"href":"https:\/\/bpont.hu\/shop\/index.php\/wp-json\/wp\/v2\/types\/product"}],"version-history":[{"count":4,"href":"https:\/\/bpont.hu\/shop\/index.php\/wp-json\/wp\/v2\/product\/370\/revisions"}],"predecessor-version":[{"id":7325,"href":"https:\/\/bpont.hu\/shop\/index.php\/wp-json\/wp\/v2\/product\/370\/revisions\/7325"}],"wp:featuredmedia":[{"embeddable":true,"href":"https:\/\/bpont.hu\/shop\/index.php\/wp-json\/wp\/v2\/media\/386"}],"wp:attachment":[{"href":"https:\/\/bpont.hu\/shop\/index.php\/wp-json\/wp\/v2\/media?parent=370"}],"wp:term":[{"taxonomy":"product_brand","embeddable":true,"href":"https:\/\/bpont.hu\/shop\/index.php\/wp-json\/wp\/v2\/product_brand?post=370"},{"taxonomy":"product_cat","embeddable":true,"href":"https:\/\/bpont.hu\/shop\/index.php\/wp-json\/wp\/v2\/product_cat?post=370"},{"taxonomy":"product_tag","embeddable":true,"href":"https:\/\/bpont.hu\/shop\/index.php\/wp-json\/wp\/v2\/product_tag?post=370"}],"curies":[{"name":"wp","href":"https:\/\/api.w.org\/{rel}","templated":true}]}}