{"id":2885,"date":"2025-06-27T11:41:34","date_gmt":"2025-06-27T10:41:34","guid":{"rendered":"https:\/\/bpont.shop.hu\/?post_type=product&#038;p=2885"},"modified":"2026-03-11T16:40:14","modified_gmt":"2026-03-11T14:40:14","slug":"mic-ilb-400-reflektor-feher-es-ir-feny-fekete","status":"publish","type":"product","link":"https:\/\/bpont.hu\/shop\/index.php\/product\/mic-ilb-400-reflektor-feher-es-ir-feny-fekete\/","title":{"rendered":"MIC-ILB-400<br>Reflektor, Feh\u00e9r \u00e9s IR f\u00e9ny, fekete"},"content":{"rendered":"<p>MIC-ILB-400<\/p>\n<p>Tulajdons\u00e1gok:<\/p>\n<p>&#8211; IR f\u00e9ny (850 nm\/940 nm) + Feh\u00e9r f\u00e9ny LED-ek<br \/>\n&#8211; A dinamikus IR automatikusan be\u00e1ll\u00edtja a sug\u00e1r sz\u00f6g\u00e9t \u00e9s intenzit\u00e1s\u00e1t, hogy illeszkedjen a kamera l\u00e1t\u00f3mezej\u00e9hez<br \/>\n&#8211; Helysz\u00ednen telep\u00edthet\u0151 csak a MIC IP ultra 7100i \u00e9s MIC IP starlight 7100i kamer\u00e1kra<br \/>\n&#8211; Strapab\u00edr\u00f3 h\u00e1zkialak\u00edt\u00e1s, IP68\/Type 6P v\u00e9detts\u00e9gi besorol\u00e1ssal, amely illeszkedik a MIC IP kamer\u00e1k sz\u00edneihez<\/p>\n<p>A megvil\u00e1g\u00edt\u00f3 kieg\u00e9sz\u00edt\u0151 kett\u0151s tokot tartalmaz, amely hossz\u00fa \u00e9lettartam\u00fa IR (850 nm\/940 nm) + Feh\u00e9r f\u00e9ny LED-ek kombin\u00e1ci\u00f3j\u00e1t foglalja mag\u00e1ba. A megvil\u00e1g\u00edt\u00f3 lehet\u0151v\u00e9 teszi az objektumok megtekint\u00e9s\u00e9t teljes s\u00f6t\u00e9ts\u00e9gben is, biztos\u00edtva a kiv\u00e1l\u00f3 min\u0151s\u00e9g\u0171 k\u00e9peket f\u00fcggetlen\u00fcl a f\u00e9nyviszonyokt\u00f3l.<\/p>\n","protected":false},"excerpt":{"rendered":"<p>Rendel\u00e9si k\u00f3d: F.01U.370.191<\/p>\n","protected":false},"featured_media":2940,"template":"","meta":[],"product_brand":[],"product_cat":[320],"product_tag":[25],"class_list":{"0":"post-2885","1":"product","2":"type-product","3":"status-publish","4":"has-post-thumbnail","6":"product_cat-kamerahazak-konzolok","7":"product_tag-bosch","9":"first","10":"instock","11":"taxable","12":"shipping-taxable","13":"purchasable","14":"product-type-simple"},"jetpack_sharing_enabled":true,"_links":{"self":[{"href":"https:\/\/bpont.hu\/shop\/index.php\/wp-json\/wp\/v2\/product\/2885","targetHints":{"allow":["GET"]}}],"collection":[{"href":"https:\/\/bpont.hu\/shop\/index.php\/wp-json\/wp\/v2\/product"}],"about":[{"href":"https:\/\/bpont.hu\/shop\/index.php\/wp-json\/wp\/v2\/types\/product"}],"version-history":[{"count":4,"href":"https:\/\/bpont.hu\/shop\/index.php\/wp-json\/wp\/v2\/product\/2885\/revisions"}],"predecessor-version":[{"id":8261,"href":"https:\/\/bpont.hu\/shop\/index.php\/wp-json\/wp\/v2\/product\/2885\/revisions\/8261"}],"wp:featuredmedia":[{"embeddable":true,"href":"https:\/\/bpont.hu\/shop\/index.php\/wp-json\/wp\/v2\/media\/2940"}],"wp:attachment":[{"href":"https:\/\/bpont.hu\/shop\/index.php\/wp-json\/wp\/v2\/media?parent=2885"}],"wp:term":[{"taxonomy":"product_brand","embeddable":true,"href":"https:\/\/bpont.hu\/shop\/index.php\/wp-json\/wp\/v2\/product_brand?post=2885"},{"taxonomy":"product_cat","embeddable":true,"href":"https:\/\/bpont.hu\/shop\/index.php\/wp-json\/wp\/v2\/product_cat?post=2885"},{"taxonomy":"product_tag","embeddable":true,"href":"https:\/\/bpont.hu\/shop\/index.php\/wp-json\/wp\/v2\/product_tag?post=2885"}],"curies":[{"name":"wp","href":"https:\/\/api.w.org\/{rel}","templated":true}]}}