{"id":2871,"date":"2025-06-27T11:41:19","date_gmt":"2025-06-27T10:41:19","guid":{"rendered":"https:\/\/bpont.shop.hu\/?post_type=product&#038;p=2871"},"modified":"2026-03-11T16:40:13","modified_gmt":"2026-03-11T14:40:13","slug":"mic-7522-z30b-mic-ip-ultra-7100i-ptz-2mp-hdr-30x-ip68-black","status":"publish","type":"product","link":"https:\/\/bpont.hu\/shop\/index.php\/product\/mic-7522-z30b-mic-ip-ultra-7100i-ptz-2mp-hdr-30x-ip68-black\/","title":{"rendered":"MIC-7522-Z30B<br>MIC IP ultra 7100i PTZ 2MP HDR 30x IP68 black"},"content":{"rendered":"<p>MIC-7522-Z30B<\/p>\n<p>Tulajdons\u00e1gok:<\/p>\n<p>&#8211; Starlight kameratechnol\u00f3gia kiv\u00e1l\u00f3 gyenge f\u00e9nyviszonyok melletti \u00e9rz\u00e9kenys\u00e9ggel (sz\u00ednes = 0,0047 lx) \u00e9s magas dinamikatartom\u00e1nnyal (120 dB) (hogy a vil\u00e1gos \u00e9s s\u00f6t\u00e9t ter\u00fcletek r\u00e9szletei egyar\u00e1nt l\u00e1that\u00f3ak legyenek)<br \/>\n&#8211; Kiv\u00e9teles er\u0151 \u00e9s strapab\u00edr\u00e1s b\u00e1rmilyen k\u00fclt\u00e9ri alkalmaz\u00e1sra, bele\u00e9rtve a forgalomfigyel\u00e9st (hidak, alagutak vagy aut\u00f3p\u00e1ly\u00e1k), peremv\u00e9delemet, v\u00e1rosi megfigyel\u00e9st \u00e9s b\u00e1ny\u00e1szatot<br \/>\n&#8211; Be\u00e9p\u00edtett Kamera Tr\u00e9ner, amely megtan\u00edtja a kamer\u00e1t a felhaszn\u00e1l\u00f3 \u00e1ltal megadott c\u00e9lobjektumok felismer\u00e9s\u00e9re, p\u00e9ld\u00e1ul mozg\u00f3 \u00e9s nem mozg\u00f3 t\u00e1rgyakra, hogy figyelmeztesse az oper\u00e1torokat a szokatlan jelenetaktivit\u00e1sra<br \/>\n&#8211; Edge intelligencia Intelligens K\u00f6vet\u00e9ssel \u00e9s t\u00e1rgyfelismer\u00e9ssel, m\u00e9g akkor is, ha a kamera mozog<br \/>\n&#8211; Opcion\u00e1lis megvil\u00e1g\u00edt\u00f3 multispektr\u00e1lis LED-ekkel, amelyek egyenletesen oszlatj\u00e1k el az IR f\u00e9nyt a l\u00e1t\u00f3t\u00e9rben (legfeljebb 550 m (1804,50 ft)), hogy elker\u00fclj\u00e9k a s\u00f6t\u00e9t foltokat vagy a t\u00falvil\u00e1g\u00edtott jeleneteket<\/p>\n<p>A MIC IP starlight 7100i kamera egy fejlett PTZ megfigyel\u00e9si platform, amelyet k\u00fcldet\u00e9skritikus alkalmaz\u00e1sokhoz terveztek. A starlight k\u00e9palkot\u00f3 technol\u00f3gi\u00e1val \u00e9s kiv\u00e1l\u00f3 gyenge f\u00e9nyviszonyok melletti \u00e9rz\u00e9kenys\u00e9ggel a kamera t\u00f6k\u00e9letes megold\u00e1s a robusztus \u00e9s kiv\u00e1l\u00f3 min\u0151s\u00e9g\u0171 k\u00e9palkot\u00e1si ig\u00e9nyek kiel\u00e9g\u00edt\u00e9s\u00e9re.<br \/>\nA kamera strapab\u00edr\u00f3 kialak\u00edt\u00e1sa megfelel az \u00fcgyfelek elv\u00e1r\u00e1sainak azokban a kih\u00edv\u00e1st jelent\u0151 k\u00f6rnyezetekben, amelyek meghaladj\u00e1k a hagyom\u00e1nyos IP kamer\u00e1k k\u00e9pess\u00e9geit. M\u00e9g kem\u00e9ny \u00fct\u00e9s- vagy rezg\u00e9sviszonyoknak \u00e9s\/vagy extr\u00e9m id\u0151j\u00e1r\u00e1si k\u00f6r\u00fclm\u00e9nyeknek kitett telep\u00edt\u00e9sekn\u00e9l is a kamera kiv\u00e1l\u00f3 min\u0151s\u00e9g\u0171 vide\u00f3k\u00e9peket biztos\u00edt.<\/p>\n<p>A kamera ide\u00e1lis v\u00e1laszt\u00e1s:<\/p>\n<p>    &#8211; K\u00f6zleked\u00e9s: aut\u00f3p\u00e1ly\u00e1k, hidak\/alagutak \u00e9s kik\u00f6t\u0151k<br \/>\n    &#8211; Kritikus infrastrukt\u00fara: \u00e1ramtermel\u00e9s\/-\u00e1tvitel, finom\u00edt\u00f3k\/vezet\u00e9kek \u00e9s b\u00e1ny\u00e1szat<br \/>\n    &#8211; Magas biztons\u00e1g: korm\u00e1nyzati l\u00e9tes\u00edtm\u00e9nyek \u00e9s adatk\u00f6zpontok<br \/>\n    &#8211; K\u00fcldet\u00e9skritikus alkalmaz\u00e1sok, amelyekben kem\u00e9ny k\u00f6rnyezetekben nagy felbont\u00e1s\u00fa k\u00e9palkot\u00e1s sz\u00fcks\u00e9ges<br \/>\n    &#8211; Komplex jelenetek sok r\u00e9szlettel b\u00e1rmilyen f\u00e9nyviszonyok mellett<br \/>\n    &#8211; Olyan telep\u00edt\u00e9sek, ahol a kies\u00e9s nem k\u00edv\u00e1natos a magas szervizk\u00f6lts\u00e9gek miatt<\/p>\n","protected":false},"excerpt":{"rendered":"<p>Rendel\u00e9si k\u00f3d: F.01U.353.588<\/p>\n","protected":false},"featured_media":2936,"template":"","meta":[],"product_brand":[],"product_cat":[325],"product_tag":[25],"class_list":{"0":"post-2871","1":"product","2":"type-product","3":"status-publish","4":"has-post-thumbnail","6":"product_cat-terfigyelo-kamerak-ptz-speed-dome","7":"product_tag-bosch","9":"first","10":"instock","11":"taxable","12":"shipping-taxable","13":"purchasable","14":"product-type-simple"},"jetpack_sharing_enabled":true,"_links":{"self":[{"href":"https:\/\/bpont.hu\/shop\/index.php\/wp-json\/wp\/v2\/product\/2871","targetHints":{"allow":["GET"]}}],"collection":[{"href":"https:\/\/bpont.hu\/shop\/index.php\/wp-json\/wp\/v2\/product"}],"about":[{"href":"https:\/\/bpont.hu\/shop\/index.php\/wp-json\/wp\/v2\/types\/product"}],"version-history":[{"count":4,"href":"https:\/\/bpont.hu\/shop\/index.php\/wp-json\/wp\/v2\/product\/2871\/revisions"}],"predecessor-version":[{"id":8254,"href":"https:\/\/bpont.hu\/shop\/index.php\/wp-json\/wp\/v2\/product\/2871\/revisions\/8254"}],"wp:featuredmedia":[{"embeddable":true,"href":"https:\/\/bpont.hu\/shop\/index.php\/wp-json\/wp\/v2\/media\/2936"}],"wp:attachment":[{"href":"https:\/\/bpont.hu\/shop\/index.php\/wp-json\/wp\/v2\/media?parent=2871"}],"wp:term":[{"taxonomy":"product_brand","embeddable":true,"href":"https:\/\/bpont.hu\/shop\/index.php\/wp-json\/wp\/v2\/product_brand?post=2871"},{"taxonomy":"product_cat","embeddable":true,"href":"https:\/\/bpont.hu\/shop\/index.php\/wp-json\/wp\/v2\/product_cat?post=2871"},{"taxonomy":"product_tag","embeddable":true,"href":"https:\/\/bpont.hu\/shop\/index.php\/wp-json\/wp\/v2\/product_tag?post=2871"}],"curies":[{"name":"wp","href":"https:\/\/api.w.org\/{rel}","templated":true}]}}