{"id":2859,"date":"2025-06-27T11:41:03","date_gmt":"2025-06-27T10:41:03","guid":{"rendered":"https:\/\/bpont.shop.hu\/?post_type=product&#038;p=2859"},"modified":"2026-03-11T16:40:12","modified_gmt":"2026-03-11T14:40:12","slug":"ndp-7512-z30ct-autodome-ip-starlight-7000i-ptz-2mp-hdr-30x-szinezett-ip54-mennyezeti","status":"publish","type":"product","link":"https:\/\/bpont.hu\/shop\/index.php\/product\/ndp-7512-z30ct-autodome-ip-starlight-7000i-ptz-2mp-hdr-30x-szinezett-ip54-mennyezeti\/","title":{"rendered":"NDP-7512-Z30CT<br>AUTODOME IP starlight 7000i PTZ 2MP HDR 30x Sz\u00ednezett IP54 mennyezeti"},"content":{"rendered":"<p>NDP-7512-Z30CT<\/p>\n<p>Tulajdons\u00e1gok:<\/p>\n<p>&#8211; Starlight technol\u00f3gia kiv\u00e1l\u00f3 teljes\u00edtm\u00e9nnyel gyenge f\u00e9nyviszonyok k\u00f6z\u00f6tt \u00e9s nagy, 120 dB dinamikatartom\u00e1nnyal a r\u00e9szletek megtekint\u00e9s\u00e9hez neh\u00e9z f\u00e9nyviszonyok k\u00f6z\u00f6tt<br \/>\n&#8211; Tartalmazza a leg\u00fajabb H.265 videot\u00f6m\u00f6r\u00edt\u00e9si technol\u00f3gi\u00e1t a s\u00e1vsz\u00e9less\u00e9g \u00e9s a t\u00e1rol\u00e1si ig\u00e9nyek cs\u00f6kkent\u00e9se \u00e9rdek\u00e9ben<br \/>\n&#8211; A be\u00e9p\u00edtett intelligens videoelemz\u00e9s figyelmezteti az oper\u00e1torokat szokatlan jelenettev\u00e9kenys\u00e9g eset\u00e9n<br \/>\n&#8211; Edge intelligencia az intelligens k\u00f6vet\u00e9ssel \u00e9s t\u00e1rgyfelismer\u00e9ssel m\u00e9g akkor is, ha a kamera mozog<br \/>\n&#8211; Kiv\u00e9teles megb\u00edzhat\u00f3s\u00e1g 3 \u00e9v garanci\u00e1val (mozg\u00f3 alkatr\u00e9szeket is bele\u00e9rtve)<\/p>\n<p>Az AUTODOME IP starlight 7000i kamera a Video Analytics, a starlight technol\u00f3gia \u00e9s a video streaming leg\u00fajabb elemeit tartalmazza. A kiv\u00e1l\u00f3 gyenge f\u00e9ny\u00e9rz\u00e9kenys\u00e9get biztos\u00edt\u00f3 &#8220;strlight&#8221; k\u00e9palkot\u00f3 technol\u00f3gi\u00e1val \u00e9s a piacon el\u00e9rhet\u0151 leger\u0151sebb intelligens videoanal\u00edzissel a kamera p\u00e1ratlan k\u00e9pmin\u0151s\u00e9get biztos\u00edt. A 30x PTZ d\u00f3mkamera m\u00e9g a legnagyobb kih\u00edv\u00e1st jelent\u0151 f\u00e9nyviszonyok mellett is nagy felbont\u00e1s\u00fa (HD) 1080p vide\u00f3t-folyamot biztos\u00edt. K\u00f6nnyen felszerelhet\u0151, a kamera a j\u00f3l bev\u00e1lt k\u00fclt\u00e9ri f\u00fcggeszt\u00e9kben vagy belt\u00e9ri, mennyezetbe \u00e9p\u00edtett h\u00e1zban kaphat\u00f3.<\/p>\n","protected":false},"excerpt":{"rendered":"<p>Rendel\u00e9si k\u00f3d: F.01U.352.677<\/p>\n","protected":false},"featured_media":2934,"template":"","meta":[],"product_brand":[],"product_cat":[325],"product_tag":[25],"class_list":{"0":"post-2859","1":"product","2":"type-product","3":"status-publish","4":"has-post-thumbnail","6":"product_cat-terfigyelo-kamerak-ptz-speed-dome","7":"product_tag-bosch","9":"first","10":"instock","11":"taxable","12":"shipping-taxable","13":"purchasable","14":"product-type-simple"},"jetpack_sharing_enabled":true,"_links":{"self":[{"href":"https:\/\/bpont.hu\/shop\/index.php\/wp-json\/wp\/v2\/product\/2859","targetHints":{"allow":["GET"]}}],"collection":[{"href":"https:\/\/bpont.hu\/shop\/index.php\/wp-json\/wp\/v2\/product"}],"about":[{"href":"https:\/\/bpont.hu\/shop\/index.php\/wp-json\/wp\/v2\/types\/product"}],"version-history":[{"count":4,"href":"https:\/\/bpont.hu\/shop\/index.php\/wp-json\/wp\/v2\/product\/2859\/revisions"}],"predecessor-version":[{"id":8248,"href":"https:\/\/bpont.hu\/shop\/index.php\/wp-json\/wp\/v2\/product\/2859\/revisions\/8248"}],"wp:featuredmedia":[{"embeddable":true,"href":"https:\/\/bpont.hu\/shop\/index.php\/wp-json\/wp\/v2\/media\/2934"}],"wp:attachment":[{"href":"https:\/\/bpont.hu\/shop\/index.php\/wp-json\/wp\/v2\/media?parent=2859"}],"wp:term":[{"taxonomy":"product_brand","embeddable":true,"href":"https:\/\/bpont.hu\/shop\/index.php\/wp-json\/wp\/v2\/product_brand?post=2859"},{"taxonomy":"product_cat","embeddable":true,"href":"https:\/\/bpont.hu\/shop\/index.php\/wp-json\/wp\/v2\/product_cat?post=2859"},{"taxonomy":"product_tag","embeddable":true,"href":"https:\/\/bpont.hu\/shop\/index.php\/wp-json\/wp\/v2\/product_tag?post=2859"}],"curies":[{"name":"wp","href":"https:\/\/api.w.org\/{rel}","templated":true}]}}