{"id":2826,"date":"2025-06-27T11:29:49","date_gmt":"2025-06-27T10:29:49","guid":{"rendered":"https:\/\/bpont.shop.hu\/?post_type=product&#038;p=2826"},"modified":"2026-05-05T14:46:25","modified_gmt":"2026-05-05T12:46:25","slug":"fap-425-do-r-kettos-inteligens-optikai-erzekelo-e-smog-erzek-tarcsaseu","status":"publish","type":"product","link":"https:\/\/bpont.hu\/shop\/index.php\/product\/fap-425-do-r-kettos-inteligens-optikai-erzekelo-e-smog-erzek-tarcsaseu\/","title":{"rendered":"FAP-425-DO-R<br>Kett\u0151s Inteligens Optikai \u00e9rz\u00e9kel\u0151 e-smog \u00e9rz\u00e9k. t\u00e1rcs\u00e1s(EU)"},"content":{"rendered":"<p>FAP-425-DO-R<\/p>\n<p>Az AVENAR detector 4000 a rendk\u00edv\u00fcli pontoss\u00e1got \u00e9s \u00e9rz\u00e9kel\u00e9si k\u00e9pess\u00e9get k\u00edn\u00e1l\u00f3 t\u0171z\u00e9rz\u00e9kel\u0151k \u00faj term\u00e9kcsal\u00e1dja.<\/p>\n<p>A kett\u0151s optikai (DO) szenzorral szerelt v\u00e1ltozatok a legkisebb f\u00fcstmennyis\u00e9get is \u00e9rz\u00e9kelik (ezzel megfelelnek a TF1- \u00e9s TF9-tesztek k\u00f6vetelm\u00e9nyeinek).<\/p>\n<p>A term\u00e9kcsal\u00e1dban tal\u00e1lhat\u00f3k forg\u00f3kapcsol\u00f3s, k\u00e9zi \u00e9s automatikus c\u00edmz\u00e9st is t\u00e1mogat\u00f3 \u00e9rz\u00e9kel\u0151k, valamint forg\u00f3kapcsol\u00f3 n\u00e9lk\u00fcli, csak automatikus c\u00edmz\u00e9st t\u00e1mogat\u00f3 k\u00e9sz\u00fcl\u00e9kek is.<\/p>\n","protected":false},"excerpt":{"rendered":"<p>Rendel\u00e9si k\u00f3d: F.01U.307.729<\/p>\n","protected":false},"featured_media":2945,"template":"","meta":[],"product_brand":[],"product_cat":[402],"product_tag":[25],"class_list":{"0":"post-2826","1":"product","2":"type-product","3":"status-publish","4":"has-post-thumbnail","6":"product_cat-intelligens-erzekelok-pontszeru-erzekelok-erzekelok-tuzjelzo-rendszerek","7":"product_tag-bosch","9":"first","10":"instock","11":"taxable","12":"shipping-taxable","13":"product-type-simple"},"jetpack_sharing_enabled":true,"_links":{"self":[{"href":"https:\/\/bpont.hu\/shop\/index.php\/wp-json\/wp\/v2\/product\/2826","targetHints":{"allow":["GET"]}}],"collection":[{"href":"https:\/\/bpont.hu\/shop\/index.php\/wp-json\/wp\/v2\/product"}],"about":[{"href":"https:\/\/bpont.hu\/shop\/index.php\/wp-json\/wp\/v2\/types\/product"}],"version-history":[{"count":5,"href":"https:\/\/bpont.hu\/shop\/index.php\/wp-json\/wp\/v2\/product\/2826\/revisions"}],"predecessor-version":[{"id":8232,"href":"https:\/\/bpont.hu\/shop\/index.php\/wp-json\/wp\/v2\/product\/2826\/revisions\/8232"}],"wp:featuredmedia":[{"embeddable":true,"href":"https:\/\/bpont.hu\/shop\/index.php\/wp-json\/wp\/v2\/media\/2945"}],"wp:attachment":[{"href":"https:\/\/bpont.hu\/shop\/index.php\/wp-json\/wp\/v2\/media?parent=2826"}],"wp:term":[{"taxonomy":"product_brand","embeddable":true,"href":"https:\/\/bpont.hu\/shop\/index.php\/wp-json\/wp\/v2\/product_brand?post=2826"},{"taxonomy":"product_cat","embeddable":true,"href":"https:\/\/bpont.hu\/shop\/index.php\/wp-json\/wp\/v2\/product_cat?post=2826"},{"taxonomy":"product_tag","embeddable":true,"href":"https:\/\/bpont.hu\/shop\/index.php\/wp-json\/wp\/v2\/product_tag?post=2826"}],"curies":[{"name":"wp","href":"https:\/\/api.w.org\/{rel}","templated":true}]}}