{"id":2816,"date":"2025-06-27T11:29:36","date_gmt":"2025-06-27T10:29:36","guid":{"rendered":"https:\/\/bpont.shop.hu\/?post_type=product&#038;p=2816"},"modified":"2026-05-05T14:46:25","modified_gmt":"2026-05-05T12:46:25","slug":"isc-bdl2-wp12ge-blue-line-gen2-pirmw-mozgaserzekelo-kisallat-immunitassal-12-m","status":"publish","type":"product","link":"https:\/\/bpont.hu\/shop\/index.php\/product\/isc-bdl2-wp12ge-blue-line-gen2-pirmw-mozgaserzekelo-kisallat-immunitassal-12-m\/","title":{"rendered":"ISC-BDL2-WP12GE<br>Blue Line Gen2 PIR+MW mozg\u00e1s\u00e9rz\u00e9kel\u0151 kis\u00e1llat-immunit\u00e1ssal 12 m"},"content":{"rendered":"<p>A Blue Line Gen2 TriTech mozg\u00e1s\u00e9rz\u00e9kel\u0151k (ISC-BDL2) a passz\u00edv infrav\u00f6r\u00f6s (PIR) \u00e9s a Doppler-radar-\u00e9szlel\u00e9ssel t\u00f6rt\u00e9n\u0151 fejlett jelfeldolgoz\u00e1s kombin\u00e1ci\u00f3j\u00e1t haszn\u00e1lj\u00e1k.<\/p>\n<p>A kis\u00e1llat-immunit\u00e1ssal rendelkez\u0151 (WP) t\u00edpusok csak emberi behatol\u00e1skor v\u00e1ltanak ki riaszt\u00e1st, h\u00e1zi\u00e1llatok mozg\u00e1s\u00e1ra nem adnak t\u00e9ves riaszt\u00e1st.<\/p>\n<p>Ez a kicsi \u00e9s felt\u0171n\u00e9smentes \u00e9rz\u00e9kel\u0151 k\u00f6nnyen felszerelhet\u0151, \u00e9s nincs sz\u00fcks\u00e9g k\u00fcl\u00f6nleges helysz\u00edni be\u00e1ll\u00edt\u00e1sokra.<\/p>\n<p><strong>First Step Processing<\/strong><\/p>\n<p>Az &#8220;Els\u0151 L\u00e9p\u00e9s Jelfeldolgoz\u00e1s&#8221; (FSP-First Step Processing) t\u00e9ves riaszt\u00e1sok kiv\u00e1lt\u00e1sa n\u00e9lk\u00fcl, szinte azonnal reag\u00e1l a behatol\u00f3szem\u00e9lyekre. Az FSP az \u00e9rz\u00e9kel\u0151 az \u00e9rz\u00e9kenys\u00e9g\u00e9t a jelamplit\u00fad\u00f3ja, polarit\u00e1sa, cs\u00f6kken\u00e9se \u00e9s id\u0151belialakul\u00e1sa alapj\u00e1n m\u00f3dos\u00edtja. Ily m\u00f3don nincs sz\u00fcks\u00e9garra, hogy a telep\u00edt\u0151 v\u00e1lassza ki az \u00e9rz\u00e9kenys\u00e9gi szintet, ami egyszer\u0171s\u00edti a telep\u00edt\u00e9st \u00e9s n\u00f6veli a megb\u00edzhat\u00f3s\u00e1got.<\/p>\n<p><strong>Kis\u00e1llat-immunit\u00e1s<\/strong><\/p>\n<p>A telep\u00edt\u0151 az alkalmaz\u00e1si k\u00f6vetelm\u00e9nyeknek megfelel\u0151en be- vagy kikapcsolhatja a kis\u00e1llat-immunit\u00e1si funkci\u00f3t. Ha a kis\u00e1llat-immunit\u00e1si funkci\u00f3t kikapcsolj\u00e1k, az \u00e9rz\u00e9kel\u0151 \u00e9pp olyan kiv\u00e1l\u00f3 \u00e9rz\u00e9kel\u00e9si hat\u00e9konys\u00e1got ny\u00fajt, mint a kis\u00e1llat-immunit\u00e1ssal nem rendelkez\u0151 t\u00edpusok. Ha a kis\u00e1llat-immunit\u00e1si funkci\u00f3t bekapcsolj\u00e1k, az \u00e9rz\u00e9kel\u0151 k\u00fcl\u00f6nbs\u00e9get tud tenni emberek \u00e9s az \u00e1llatok jelei k\u00f6z\u00f6tt. Figyelmen k\u00edv\u00fclhagyja azokat a jeleket, amelyeket egy vagy k\u00e9th\u00e1zi\u00e1llat (max. 45 kg t\u00f6meg\u0171) vagy t\u00f6bb r\u00e1gcs\u00e1l\u00f3 v\u00e1ltki. A mikrohull\u00e1m\u00fa zajhoz alkalmazkod\u00f3 jelfeldolgoz\u00e1s a h\u00e1tt\u00e9rzavaroknak megfelel\u0151en m\u00f3dos\u00edtja az \u00e9rz\u00e9kel\u00e9st, ily m\u00f3don an\u00e9lk\u00fcl cs\u00f6kkenti a t\u00e9ves riaszt\u00e1sok sz\u00e1m\u00e1t, hogy romlana az emberi behatol\u00e1s \u00e9rz\u00e9kel\u00e9s\u00e9nek k\u00e9pess\u00e9ge.<\/p>\n<p><strong>Dinamikus h\u0151m\u00e9rs\u00e9klet-kompenz\u00e1ci\u00f3<\/strong><\/p>\n<p>Az \u00e9rz\u00e9kel\u0151 intelligens m\u00f3don \u00fagy m\u00f3dos\u00edtja a saj\u00e1t \u00e9rz\u00e9kenys\u00e9g\u00e9t, hogy gyakorlatilag b\u00e1rmilyen h\u0151m\u00e9rs\u00e9klet eset\u00e9n is k\u00e9pes legyen az emberi behatol\u00e1sok azonos\u00edt\u00e1s\u00e1ra.<\/p>\n<p><strong>Z\u00e1rt optikai \u00e9s elektronikai egys\u00e9gek<\/strong><\/p>\n<p>Az optikai \u00e9s elektronikai egys\u00e9geket az el\u00fcls\u0151 burkolatba szerelt\u00e9k, \u00e9s v\u00e9d\u0151burkolattal lez\u00e1rt\u00e1k, hogy megel\u0151zz\u00e9k a felszerel\u00e9s alatti s\u00e9r\u00fcl\u00e9st. A lez\u00e1rt optikaikamra szint\u00e9n megakad\u00e1lyozza, hogy l\u00e9g\u00e1ramlatok \u00e9s rovarok befoly\u00e1solj\u00e1k az \u00e9rz\u00e9kel\u0151 m\u0171k\u00f6d\u00e9s\u00e9t.<\/p>\n<p><strong>Interferencia \u00e9s behat\u00e1sok elleni v\u00e9delem<\/strong><\/p>\n<p>Az E-modellek fokozottan ellen\u00e1llnak a k\u00fcls\u0151 forr\u00e1sokb\u00f3l sz\u00e1rmaz\u00f3 t\u00e9ves riaszt\u00e1sokkal szemben, bele\u00e9rtve a r\u00e1di\u00f3frekvenci\u00e1s interferencia \u00e9s h\u00e1tt\u00e9rzajt, valamint a fizikai behat\u00e1sokat is. A nagy hat\u00e9konys\u00e1g\u00fa, be\u00e9p\u00edtett jelsz\u0171r\u0151vel ell\u00e1tott PIR-\u00e9rz\u00e9kel\u0151nek (infrav\u00f6r\u00f6s), a legmagasabb min\u0151s\u00e9g\u0171 elektromos alkatr\u00e9szeknek, a kateg\u00f3ria legjobb jel-zajar\u00e1ny\u00e1t biztos\u00edt\u00f3 kialak\u00edt\u00e1snak \u00e9s a kifinomult jelfeldolgoz\u00e1snak k\u00f6sz\u00f6nhet\u0151en ezek az \u00e9rz\u00e9kel\u0151k minden eddigin\u00e9l hat\u00e9konyabb v\u00e9delmet ny\u00fajtanak a t\u00e9ves riaszt\u00e1sok ellen.<\/p>\n<p>&nbsp;<\/p>\n<p>Tulajdons\u00e1gok:<\/p>\n<p>&#8211; V\u00e1laszthat\u00f3 kis\u00e1llat-immunit\u00e1s 40kg-ig<\/p>\n<p>&#8211; Dinamikus h\u0151kompenz\u00e1ci\u00f3<\/p>\n<p>&#8211; 12x12m-es lefedetts\u00e9g<\/p>\n<p>&#8211; Teljesen burkolt elektronika a rovarv\u00e9delemmel<\/p>\n<p>&#8211; Kivehet\u0151 csatlakoz\u00f3<\/p>\n<p>&#8211; V\u00edzszintm\u00e9r\u0151<\/p>\n<p>&#8211; Automatikus z\u00e1r\u00f3d\u00e1s<\/p>\n<p>&#8211; Csereszabatos ajzat a GEN2-es sorozat\u00fa \u00d6SSZES \u00e9rz\u00e9kel\u0151kh\u00f6z<\/p>\n<p>&#8211; 5\u00e9v garancia<\/p>\n","protected":false},"excerpt":{"rendered":"<p>Rendel\u00e9si k\u00f3d: F.01U.366.598<\/p>\n","protected":false},"featured_media":802,"template":"","meta":[],"product_brand":[],"product_cat":[331],"product_tag":[25],"class_list":{"0":"post-2816","1":"product","2":"type-product","3":"status-publish","4":"has-post-thumbnail","6":"product_cat-mozgaserzekelok","7":"product_tag-bosch","9":"first","10":"instock","11":"taxable","12":"shipping-taxable","13":"product-type-simple"},"jetpack_sharing_enabled":true,"_links":{"self":[{"href":"https:\/\/bpont.hu\/shop\/index.php\/wp-json\/wp\/v2\/product\/2816","targetHints":{"allow":["GET"]}}],"collection":[{"href":"https:\/\/bpont.hu\/shop\/index.php\/wp-json\/wp\/v2\/product"}],"about":[{"href":"https:\/\/bpont.hu\/shop\/index.php\/wp-json\/wp\/v2\/types\/product"}],"version-history":[{"count":5,"href":"https:\/\/bpont.hu\/shop\/index.php\/wp-json\/wp\/v2\/product\/2816\/revisions"}],"predecessor-version":[{"id":8227,"href":"https:\/\/bpont.hu\/shop\/index.php\/wp-json\/wp\/v2\/product\/2816\/revisions\/8227"}],"wp:featuredmedia":[{"embeddable":true,"href":"https:\/\/bpont.hu\/shop\/index.php\/wp-json\/wp\/v2\/media\/802"}],"wp:attachment":[{"href":"https:\/\/bpont.hu\/shop\/index.php\/wp-json\/wp\/v2\/media?parent=2816"}],"wp:term":[{"taxonomy":"product_brand","embeddable":true,"href":"https:\/\/bpont.hu\/shop\/index.php\/wp-json\/wp\/v2\/product_brand?post=2816"},{"taxonomy":"product_cat","embeddable":true,"href":"https:\/\/bpont.hu\/shop\/index.php\/wp-json\/wp\/v2\/product_cat?post=2816"},{"taxonomy":"product_tag","embeddable":true,"href":"https:\/\/bpont.hu\/shop\/index.php\/wp-json\/wp\/v2\/product_tag?post=2816"}],"curies":[{"name":"wp","href":"https:\/\/api.w.org\/{rel}","templated":true}]}}