{"id":2791,"date":"2025-06-27T11:29:29","date_gmt":"2025-06-27T10:29:29","guid":{"rendered":"https:\/\/bpont.shop.hu\/?post_type=product&#038;p=2791"},"modified":"2026-03-11T16:40:10","modified_gmt":"2026-03-11T14:40:10","slug":"nda-5080-pip-fuggesztett-tarto-atalakito-flexid-5000i-sorozathoz","status":"publish","type":"product","link":"https:\/\/bpont.hu\/shop\/index.php\/product\/nda-5080-pip-fuggesztett-tarto-atalakito-flexid-5000i-sorozathoz\/","title":{"rendered":"NDA-5080-PIP<br>F\u00fcggesztett tart\u00f3-\u00e1talak\u00edt\u00f3 FlexiD.5000i sorozathoz"},"content":{"rendered":"<p>NDA-5080-PIP<br \/>\nFLEXIDOME panoramic 5100i IR-el kompatibilis<br \/>\nEz a kamera-specifikus tartoz\u00e9kot a Bosch univerz\u00e1lis tartoz\u00e9kcsal\u00e1dj\u00e1val val\u00f3 haszn\u00e1latra tervezt\u00e9k.<br \/>\nA modul\u00e1ris kameratart\u00f3k \u00e9s tartoz\u00e9kok a tart\u00f3k, r\u00f6gz\u00edt\u0151 adapterek, f\u00fcggesztett interf\u00e9szek csal\u00e1dj\u00e1t alkotj\u00e1k, amelyek a Bosch kamer\u00e1k sz\u00e9les v\u00e1laszt\u00e9k\u00e1hoz haszn\u00e1lhat\u00f3k. A tartoz\u00e9kok k\u00f6nnyen felszerelhet\u0151k, \u00e9s kombin\u00e1lhat\u00f3k a telep\u00edt\u00e9s egyszer\u0171s\u00edt\u00e9se \u00e9rdek\u00e9ben, mik\u00f6zben meg\u0151rzik ugyanazt a megjelen\u00e9st. <\/p>\n","protected":false},"excerpt":{"rendered":"<p>Rendel\u00e9si k\u00f3d: F.01U.389.607<\/p>\n","protected":false},"featured_media":2792,"template":"","meta":[],"product_brand":[],"product_cat":[320],"product_tag":[25],"class_list":{"0":"post-2791","1":"product","2":"type-product","3":"status-publish","4":"has-post-thumbnail","6":"product_cat-kamerahazak-konzolok","7":"product_tag-bosch","9":"first","10":"instock","11":"taxable","12":"shipping-taxable","13":"purchasable","14":"product-type-simple"},"jetpack_sharing_enabled":true,"_links":{"self":[{"href":"https:\/\/bpont.hu\/shop\/index.php\/wp-json\/wp\/v2\/product\/2791","targetHints":{"allow":["GET"]}}],"collection":[{"href":"https:\/\/bpont.hu\/shop\/index.php\/wp-json\/wp\/v2\/product"}],"about":[{"href":"https:\/\/bpont.hu\/shop\/index.php\/wp-json\/wp\/v2\/types\/product"}],"version-history":[{"count":5,"href":"https:\/\/bpont.hu\/shop\/index.php\/wp-json\/wp\/v2\/product\/2791\/revisions"}],"predecessor-version":[{"id":8218,"href":"https:\/\/bpont.hu\/shop\/index.php\/wp-json\/wp\/v2\/product\/2791\/revisions\/8218"}],"wp:featuredmedia":[{"embeddable":true,"href":"https:\/\/bpont.hu\/shop\/index.php\/wp-json\/wp\/v2\/media\/2792"}],"wp:attachment":[{"href":"https:\/\/bpont.hu\/shop\/index.php\/wp-json\/wp\/v2\/media?parent=2791"}],"wp:term":[{"taxonomy":"product_brand","embeddable":true,"href":"https:\/\/bpont.hu\/shop\/index.php\/wp-json\/wp\/v2\/product_brand?post=2791"},{"taxonomy":"product_cat","embeddable":true,"href":"https:\/\/bpont.hu\/shop\/index.php\/wp-json\/wp\/v2\/product_cat?post=2791"},{"taxonomy":"product_tag","embeddable":true,"href":"https:\/\/bpont.hu\/shop\/index.php\/wp-json\/wp\/v2\/product_tag?post=2791"}],"curies":[{"name":"wp","href":"https:\/\/api.w.org\/{rel}","templated":true}]}}