{"id":2788,"date":"2025-06-27T11:29:29","date_gmt":"2025-06-27T10:29:29","guid":{"rendered":"https:\/\/bpont.shop.hu\/?post_type=product&#038;p=2788"},"modified":"2026-03-11T16:40:10","modified_gmt":"2026-03-11T14:40:10","slug":"nda-8000-wp-idojaras-vedo-8000i-hez","status":"publish","type":"product","link":"https:\/\/bpont.hu\/shop\/index.php\/product\/nda-8000-wp-idojaras-vedo-8000i-hez\/","title":{"rendered":"NDA-8000-WP<br>Id\u0151j\u00e1r\u00e1s-v\u00e9d\u0151 8000i-hez"},"content":{"rendered":"<p>NDA-8000-WP<br \/>\nId\u0151j\u00e1r\u00e1s-v\u00e9d\u0151 burkolat 8000i kamer\u00e1khoz<\/p>\n","protected":false},"excerpt":{"rendered":"<p>Rendel\u00e9si k\u00f3d: F.01U.324.929<\/p>\n","protected":false},"featured_media":2789,"template":"","meta":[],"product_brand":[],"product_cat":[320],"product_tag":[25],"class_list":{"0":"post-2788","1":"product","2":"type-product","3":"status-publish","4":"has-post-thumbnail","6":"product_cat-kamerahazak-konzolok","7":"product_tag-bosch","9":"first","10":"instock","11":"taxable","12":"shipping-taxable","13":"purchasable","14":"product-type-simple"},"jetpack_sharing_enabled":true,"_links":{"self":[{"href":"https:\/\/bpont.hu\/shop\/index.php\/wp-json\/wp\/v2\/product\/2788","targetHints":{"allow":["GET"]}}],"collection":[{"href":"https:\/\/bpont.hu\/shop\/index.php\/wp-json\/wp\/v2\/product"}],"about":[{"href":"https:\/\/bpont.hu\/shop\/index.php\/wp-json\/wp\/v2\/types\/product"}],"version-history":[{"count":5,"href":"https:\/\/bpont.hu\/shop\/index.php\/wp-json\/wp\/v2\/product\/2788\/revisions"}],"predecessor-version":[{"id":8217,"href":"https:\/\/bpont.hu\/shop\/index.php\/wp-json\/wp\/v2\/product\/2788\/revisions\/8217"}],"wp:featuredmedia":[{"embeddable":true,"href":"https:\/\/bpont.hu\/shop\/index.php\/wp-json\/wp\/v2\/media\/2789"}],"wp:attachment":[{"href":"https:\/\/bpont.hu\/shop\/index.php\/wp-json\/wp\/v2\/media?parent=2788"}],"wp:term":[{"taxonomy":"product_brand","embeddable":true,"href":"https:\/\/bpont.hu\/shop\/index.php\/wp-json\/wp\/v2\/product_brand?post=2788"},{"taxonomy":"product_cat","embeddable":true,"href":"https:\/\/bpont.hu\/shop\/index.php\/wp-json\/wp\/v2\/product_cat?post=2788"},{"taxonomy":"product_tag","embeddable":true,"href":"https:\/\/bpont.hu\/shop\/index.php\/wp-json\/wp\/v2\/product_tag?post=2788"}],"curies":[{"name":"wp","href":"https:\/\/api.w.org\/{rel}","templated":true}]}}