{"id":2765,"date":"2025-06-27T11:29:25","date_gmt":"2025-06-27T10:29:25","guid":{"rendered":"https:\/\/bpont.shop.hu\/?post_type=product&#038;p=2765"},"modified":"2026-03-11T16:40:09","modified_gmt":"2026-03-11T14:40:09","slug":"ndv-8503-rx-flexidome-ip-belteri-8000i-4mp-hdr-x-4-4-10mm-ptrz","status":"publish","type":"product","link":"https:\/\/bpont.hu\/shop\/index.php\/product\/ndv-8503-rx-flexidome-ip-belteri-8000i-4mp-hdr-x-4-4-10mm-ptrz\/","title":{"rendered":"NDV-8503-RX<br>FLEXIDOME IP belt\u00e9ri 8000i 4MP HDR X 4.4-10mm PTRZ"},"content":{"rendered":"<p>NDV-8503-RX<br \/>\nA FLEXIDOME IP belt\u00e9ri 8000i &#8211; 4 MP X sorozat\u00fa kamera 1\/1,8&#8243;-es \u00e9rz\u00e9kel\u0151t, starlight X \u00e9s HDR X echnol\u00f3gi\u00e1t k\u00edn\u00e1l 4,1 MP felbont\u00e1sban. T\u00f6k\u00e9letes egyens\u00falyt biztos\u00edt a nagy felbont\u00e1s \u00e9s az extr\u00e9m gyenge f\u00e9ny\u00e9rz\u00e9kenys\u00e9g k\u00f6z\u00f6tt a Starlight X technol\u00f3gi\u00e1val, biztos\u00edtva ezzel rendk\u00edv\u00fcl r\u00e9szletgazdag k\u00e9pek m\u00e9g a legnehezebb helyzetekben is.<br \/>\nA HDR X lehet\u0151v\u00e9 teszi a kamera sz\u00e1m\u00e1ra, hogy sz\u00e9les dinamikatartom\u00e1ny\u00fa vide\u00f3t r\u00f6gz\u00edtsen k\u00fcl\u00f6nb\u00f6z\u0151 f\u00e9nyviszonyok mellett, HDR elmos\u00f3d\u00e1s \u00e9s mozg\u00f3 t\u00e1rgyakon l\u00e9v\u0151 szellemk\u00e9pek n\u00e9lk\u00fcl. A gyorsan mozg\u00f3 objektumok k\u00f6nnyed\u00e9n r\u00f6gz\u00edthet\u0151k ak\u00e1r 60 k\u00e9pkocka\/m\u00e1sodperc sebess\u00e9ggel, ugyanazon 4,1 MP felbont\u00e1s mellett.<br \/>\nA kamera t\u00e1voli \u00fczembe helyez\u00e9si funkci\u00f3ja biztos\u00edtja, hogy a telep\u00edt\u00e9s \u00e9s az \u00fczembe helyez\u00e9s nagyon r\u00f6vid id\u0151 alatt elv\u00e9gezhet\u0151 legyen. A Bosch Project Assistant alkalmaz\u00e1ssal PC-n, vagy mobileszk\u00f6z\u00f6n p\u00e1szt\u00e1zhat, d\u00f6nthet, forgathat \u00e9s zoomolhat (PTRZ), egyetlen kattint\u00e1ssal ir\u00e1ny\u00edthatja a kamer\u00e1t a k\u00edv\u00e1nt l\u00e1t\u00f3mez\u0151re \u2013 an\u00e9lk\u00fcl, hogy a kamer\u00e1t vagy az objekt\u00edvet fizikailag szersz\u00e1mokkal \u00e1ll\u00edtan\u00e1.Tulajdons\u00e1gok:<br \/>\n&#8211; Motoros p\u00e1szt\u00e1z\u00e1s, billent\u00e9s, forgat\u00e1s \u00e9s nagy\u00edt\u00e1s (PTRZ) a sz\u00fcks\u00e9ges l\u00e1t\u00f3mez\u0151 be\u00e1ll\u00edt\u00e1sa szersz\u00e1mok n\u00e9lk\u00fcl t\u00e1voli vez\u00e9rl\u00e9ssel<br \/>\n&#8211; A Starlight X technol\u00f3gia magasabb szint\u0171 \u00e9rz\u00e9kel\u00e9s, maxim\u00e1lis r\u00e9szletgazdag k\u00e9peket biztos\u00edt extr\u00e9m gyenge f\u00e9nyviszonyok k\u00f6z\u00f6tt is<br \/>\n&#8211; A HDR X \u2013 nagy dinamikatartom\u00e1ny, hogy minden r\u00e9szletet megtekinthessen a hely vil\u00e1gos \u00e9s s\u00f6t\u00e9t ter\u00fcletein is, HDR elmos\u00f3d\u00e1s \u00e9s szellemk\u00e9pek n\u00e9lk\u00fcl<br \/>\n&#8211; Be\u00e9p\u00edtett intelligens riaszt\u00e1sok kiv\u00e1lt\u00e1s\u00e1ra alkalmas videoelemz\u00e9s \u00e9s objektum\u00e9szlel\u00e9s az adatok k\u00e9s\u00f6bbi gyors lek\u00e9r\u00e9s\u00e9re haszn\u00e1lhat\u00f3 a legmagasabb szint\u0171 megb\u00edzhat\u00f3s\u00e1ggal<br \/>\n&#8211; Camera Trainer, amely megtan\u00edtja a kamer\u00e1t, hogy felismerje a felhaszn\u00e1l\u00f3 \u00e1ltal megadott c\u00e9lobjektumokat mozg\u00f3 \u00e9s nem mozg\u00f3 t\u00e1rgyak eset\u00e9n is <\/p>\n","protected":false},"excerpt":{"rendered":"<p>Rendel\u00e9si k\u00f3d: F.01U.393.109<\/p>\n","protected":false},"featured_media":2757,"template":"","meta":[],"product_brand":[],"product_cat":[345],"product_tag":[25],"class_list":{"0":"post-2765","1":"product","2":"type-product","3":"status-publish","4":"has-post-thumbnail","6":"product_cat-dom-kamerak","7":"product_tag-bosch","9":"first","10":"instock","11":"taxable","12":"shipping-taxable","13":"purchasable","14":"product-type-simple"},"jetpack_sharing_enabled":true,"_links":{"self":[{"href":"https:\/\/bpont.hu\/shop\/index.php\/wp-json\/wp\/v2\/product\/2765","targetHints":{"allow":["GET"]}}],"collection":[{"href":"https:\/\/bpont.hu\/shop\/index.php\/wp-json\/wp\/v2\/product"}],"about":[{"href":"https:\/\/bpont.hu\/shop\/index.php\/wp-json\/wp\/v2\/types\/product"}],"version-history":[{"count":5,"href":"https:\/\/bpont.hu\/shop\/index.php\/wp-json\/wp\/v2\/product\/2765\/revisions"}],"predecessor-version":[{"id":8209,"href":"https:\/\/bpont.hu\/shop\/index.php\/wp-json\/wp\/v2\/product\/2765\/revisions\/8209"}],"wp:featuredmedia":[{"embeddable":true,"href":"https:\/\/bpont.hu\/shop\/index.php\/wp-json\/wp\/v2\/media\/2757"}],"wp:attachment":[{"href":"https:\/\/bpont.hu\/shop\/index.php\/wp-json\/wp\/v2\/media?parent=2765"}],"wp:term":[{"taxonomy":"product_brand","embeddable":true,"href":"https:\/\/bpont.hu\/shop\/index.php\/wp-json\/wp\/v2\/product_brand?post=2765"},{"taxonomy":"product_cat","embeddable":true,"href":"https:\/\/bpont.hu\/shop\/index.php\/wp-json\/wp\/v2\/product_cat?post=2765"},{"taxonomy":"product_tag","embeddable":true,"href":"https:\/\/bpont.hu\/shop\/index.php\/wp-json\/wp\/v2\/product_tag?post=2765"}],"curies":[{"name":"wp","href":"https:\/\/api.w.org\/{rel}","templated":true}]}}