{"id":2724,"date":"2025-06-27T11:29:14","date_gmt":"2025-06-27T10:29:14","guid":{"rendered":"https:\/\/bpont.shop.hu\/?post_type=product&#038;p=2724"},"modified":"2026-03-11T16:40:07","modified_gmt":"2026-03-11T14:40:07","slug":"ndm-7702-a-flexidome-multi-7000i-12mp-3-7-7-7mm-ip66","status":"publish","type":"product","link":"https:\/\/bpont.hu\/shop\/index.php\/product\/ndm-7702-a-flexidome-multi-7000i-12mp-3-7-7-7mm-ip66\/","title":{"rendered":"NDM-7702-A<br>FLEXIDOME multi 7000i 12MP 3.7-7.7mm IP66"},"content":{"rendered":"<p>NDM-7702-A<br \/>\nA FLEXIDOME multi 7000i kamera kiv\u00e1l\u00f3 min\u0151s\u00e9g\u0171 \u00e9s teljes\u00edtm\u00e9nyre k\u00e9sz\u00fclt, n\u00e9gy f\u00fcggetlen k\u00e9palkot\u00f3val, motoros zoom\/f\u00f3kusz objekt\u00edvvel. Seg\u00edt a telep\u00edt\u00e9s egyszer\u0171s\u00edt\u00e9s\u00e9ben \u00e9s a k\u00f6lts\u00e9gek cs\u00f6kkent\u00e9s\u00e9ben, mik\u00f6zben meg\u0151rzi a lefedetts\u00e9g rugalmass\u00e1g\u00e1t. Egyszerre n\u00e9gy helysz\u00edn r\u00f6gz\u00edt\u00e9sre ad lehet\u0151s\u00e9get egyetlen kameratokoz\u00e1sban, \u00edgy t\u00f6k\u00e9letesen alkalmas nagy ter\u00fcletek lefed\u00e9s\u00e9re, forgalmi keresztez\u0151d\u00e9sekre \u00e9s sarkokra. Ha a lencs\u00e9ket megfelel\u0151 sz\u00f6gben d\u00f6ntik, a kamera ak\u00e1r 360 \u00b0 -os ter\u00fcletet is lefedhet. Ezenk\u00edv\u00fcl a zoom funkci\u00f3 lehet\u0151v\u00e9 teszi a kamera sz\u00e1m\u00e1ra, hogy r\u00e9szletes lefedetts\u00e9get kapjon a t\u00e1volabbi ter\u00fcletekr\u0151l.<br \/>\nAk\u00e1r 12 \/ 20 megapixeles t\u00f6bbir\u00e1ny\u00fa \u00e1ttekint\u00e9s.<br \/>\nN\u00e9gy f\u00fcggetlen k\u00e9palkot\u00f3, k\u00fcl\u00f6n t\u00e1voli zoom- \u00e9s f\u00f3kuszlencs\u00e9vel nagyon j\u00f3 min\u0151s\u00e9g\u0171 k\u00e9peket k\u00e9sz\u00edt, ak\u00e1r 20 megapixeles teljes felbont\u00e1ssal.<br \/>\nTulajdons\u00e1gok:<br \/>\n&#8211; N\u00e9gy 3 MP vagy 5 MP k\u00e9palkot\u00f3 30 k\u00e9p \/ mp sebess\u00e9ggel egy kamer\u00e1ban egyetlen IP c\u00edmen<br \/>\n&#8211; Egyszer\u0171 \u00e9s rugalmas telep\u00edt\u00e9s n\u00e9gy motoros zoom\/f\u00f3kusz objekt\u00edvvel<br \/>\n&#8211; Nagy dinamikus tartom\u00e1ny (HDR), hogy minden r\u00e9szlet l\u00e1that\u00f3 legyen a jelenet vil\u00e1gos \u00e9s s\u00f6t\u00e9t ter\u00fcletein egyar\u00e1nt<br \/>\n&#8211; Be\u00e9p\u00edtett intelligens vide\u00f3elemz\u00e9s a relev\u00e1ns riaszt\u00e1sok aktiv\u00e1l\u00e1s\u00e1hoz \u00e9s az adatok gyors lek\u00e9r\u00e9s\u00e9hez <\/p>\n","protected":false},"excerpt":{"rendered":"<p>Rendel\u00e9si k\u00f3d: F.01U.389.262<\/p>\n","protected":false},"featured_media":2725,"template":"","meta":[],"product_brand":[],"product_cat":[345],"product_tag":[25],"class_list":{"0":"post-2724","1":"product","2":"type-product","3":"status-publish","4":"has-post-thumbnail","6":"product_cat-dom-kamerak","7":"product_tag-bosch","9":"first","10":"instock","11":"taxable","12":"shipping-taxable","13":"purchasable","14":"product-type-simple"},"jetpack_sharing_enabled":true,"_links":{"self":[{"href":"https:\/\/bpont.hu\/shop\/index.php\/wp-json\/wp\/v2\/product\/2724","targetHints":{"allow":["GET"]}}],"collection":[{"href":"https:\/\/bpont.hu\/shop\/index.php\/wp-json\/wp\/v2\/product"}],"about":[{"href":"https:\/\/bpont.hu\/shop\/index.php\/wp-json\/wp\/v2\/types\/product"}],"version-history":[{"count":5,"href":"https:\/\/bpont.hu\/shop\/index.php\/wp-json\/wp\/v2\/product\/2724\/revisions"}],"predecessor-version":[{"id":8191,"href":"https:\/\/bpont.hu\/shop\/index.php\/wp-json\/wp\/v2\/product\/2724\/revisions\/8191"}],"wp:featuredmedia":[{"embeddable":true,"href":"https:\/\/bpont.hu\/shop\/index.php\/wp-json\/wp\/v2\/media\/2725"}],"wp:attachment":[{"href":"https:\/\/bpont.hu\/shop\/index.php\/wp-json\/wp\/v2\/media?parent=2724"}],"wp:term":[{"taxonomy":"product_brand","embeddable":true,"href":"https:\/\/bpont.hu\/shop\/index.php\/wp-json\/wp\/v2\/product_brand?post=2724"},{"taxonomy":"product_cat","embeddable":true,"href":"https:\/\/bpont.hu\/shop\/index.php\/wp-json\/wp\/v2\/product_cat?post=2724"},{"taxonomy":"product_tag","embeddable":true,"href":"https:\/\/bpont.hu\/shop\/index.php\/wp-json\/wp\/v2\/product_tag?post=2724"}],"curies":[{"name":"wp","href":"https:\/\/api.w.org\/{rel}","templated":true}]}}