{"id":2722,"date":"2025-06-27T11:29:14","date_gmt":"2025-06-27T10:29:14","guid":{"rendered":"https:\/\/bpont.shop.hu\/?post_type=product&#038;p=2722"},"modified":"2026-03-11T16:40:07","modified_gmt":"2026-03-11T14:40:07","slug":"nda-3081-4s-4s-adapter-lemez-ndv-3000-dom-kamerahoz","status":"publish","type":"product","link":"https:\/\/bpont.hu\/shop\/index.php\/product\/nda-3081-4s-4s-adapter-lemez-ndv-3000-dom-kamerahoz\/","title":{"rendered":"NDA-3081-4S<br>4S adapter-lemez NDV-3000 d\u00f3m-kamer\u00e1hoz"},"content":{"rendered":"<p>NDA-3081-4S<\/p>\n<p>Ez a kamera-tartoz\u00e9k a Bosch 3000-es csal\u00e1dj\u00e1hoz haszn\u00e1lhat\u00f3.<\/p>\n","protected":false},"excerpt":{"rendered":"<p>Rendel\u00e9si k\u00f3d: F.01U.396.507<\/p>\n","protected":false},"featured_media":2720,"template":"","meta":[],"product_brand":[],"product_cat":[320],"product_tag":[25],"class_list":{"0":"post-2722","1":"product","2":"type-product","3":"status-publish","4":"has-post-thumbnail","6":"product_cat-kamerahazak-konzolok","7":"product_tag-bosch","9":"first","10":"instock","11":"taxable","12":"shipping-taxable","13":"purchasable","14":"product-type-simple"},"jetpack_sharing_enabled":true,"_links":{"self":[{"href":"https:\/\/bpont.hu\/shop\/index.php\/wp-json\/wp\/v2\/product\/2722","targetHints":{"allow":["GET"]}}],"collection":[{"href":"https:\/\/bpont.hu\/shop\/index.php\/wp-json\/wp\/v2\/product"}],"about":[{"href":"https:\/\/bpont.hu\/shop\/index.php\/wp-json\/wp\/v2\/types\/product"}],"version-history":[{"count":5,"href":"https:\/\/bpont.hu\/shop\/index.php\/wp-json\/wp\/v2\/product\/2722\/revisions"}],"predecessor-version":[{"id":8190,"href":"https:\/\/bpont.hu\/shop\/index.php\/wp-json\/wp\/v2\/product\/2722\/revisions\/8190"}],"wp:featuredmedia":[{"embeddable":true,"href":"https:\/\/bpont.hu\/shop\/index.php\/wp-json\/wp\/v2\/media\/2720"}],"wp:attachment":[{"href":"https:\/\/bpont.hu\/shop\/index.php\/wp-json\/wp\/v2\/media?parent=2722"}],"wp:term":[{"taxonomy":"product_brand","embeddable":true,"href":"https:\/\/bpont.hu\/shop\/index.php\/wp-json\/wp\/v2\/product_brand?post=2722"},{"taxonomy":"product_cat","embeddable":true,"href":"https:\/\/bpont.hu\/shop\/index.php\/wp-json\/wp\/v2\/product_cat?post=2722"},{"taxonomy":"product_tag","embeddable":true,"href":"https:\/\/bpont.hu\/shop\/index.php\/wp-json\/wp\/v2\/product_tag?post=2722"}],"curies":[{"name":"wp","href":"https:\/\/api.w.org\/{rel}","templated":true}]}}