{"id":2713,"date":"2025-06-27T11:29:12","date_gmt":"2025-06-27T10:29:12","guid":{"rendered":"https:\/\/bpont.shop.hu\/?post_type=product&#038;p=2713"},"modified":"2026-03-11T16:40:07","modified_gmt":"2026-03-11T14:40:07","slug":"nda-5080-tm-dontott-tarto-20-fokos-148mm","status":"publish","type":"product","link":"https:\/\/bpont.hu\/shop\/index.php\/product\/nda-5080-tm-dontott-tarto-20-fokos-148mm\/","title":{"rendered":"NDA-5080-TM<br>D\u00f6nt\u00f6tt tart\u00f3 20-fokos 148mm"},"content":{"rendered":"<p>NDA-5080-TM<br \/>\nEz a kamera-tartoz\u00e9k a Bosch univerz\u00e1lis tartoz\u00e9kaival haszn\u00e1lhat\u00f3.<br \/>\n148mm-es \u00e1tm\u00e9r\u0151vel rendelkez\u0151 kamer\u00e1k sz\u00e1m\u00e1ra 20-fokos d\u0151l\u00e9t biztos\u00edt a tov\u00e1bbi be\u00e1ll\u00edt\u00e1sok el\u0151seg\u00edt\u00e9s\u00e9nek \u00e9rdek\u00e9ben.<\/p>\n","protected":false},"excerpt":{"rendered":"<p>Rendel\u00e9si k\u00f3d: F.01U.389.606<\/p>\n","protected":false},"featured_media":2714,"template":"","meta":[],"product_brand":[],"product_cat":[320],"product_tag":[25],"class_list":{"0":"post-2713","1":"product","2":"type-product","3":"status-publish","4":"has-post-thumbnail","6":"product_cat-kamerahazak-konzolok","7":"product_tag-bosch","9":"first","10":"instock","11":"taxable","12":"shipping-taxable","13":"purchasable","14":"product-type-simple"},"jetpack_sharing_enabled":true,"_links":{"self":[{"href":"https:\/\/bpont.hu\/shop\/index.php\/wp-json\/wp\/v2\/product\/2713","targetHints":{"allow":["GET"]}}],"collection":[{"href":"https:\/\/bpont.hu\/shop\/index.php\/wp-json\/wp\/v2\/product"}],"about":[{"href":"https:\/\/bpont.hu\/shop\/index.php\/wp-json\/wp\/v2\/types\/product"}],"version-history":[{"count":5,"href":"https:\/\/bpont.hu\/shop\/index.php\/wp-json\/wp\/v2\/product\/2713\/revisions"}],"predecessor-version":[{"id":8187,"href":"https:\/\/bpont.hu\/shop\/index.php\/wp-json\/wp\/v2\/product\/2713\/revisions\/8187"}],"wp:featuredmedia":[{"embeddable":true,"href":"https:\/\/bpont.hu\/shop\/index.php\/wp-json\/wp\/v2\/media\/2714"}],"wp:attachment":[{"href":"https:\/\/bpont.hu\/shop\/index.php\/wp-json\/wp\/v2\/media?parent=2713"}],"wp:term":[{"taxonomy":"product_brand","embeddable":true,"href":"https:\/\/bpont.hu\/shop\/index.php\/wp-json\/wp\/v2\/product_brand?post=2713"},{"taxonomy":"product_cat","embeddable":true,"href":"https:\/\/bpont.hu\/shop\/index.php\/wp-json\/wp\/v2\/product_cat?post=2713"},{"taxonomy":"product_tag","embeddable":true,"href":"https:\/\/bpont.hu\/shop\/index.php\/wp-json\/wp\/v2\/product_tag?post=2713"}],"curies":[{"name":"wp","href":"https:\/\/api.w.org\/{rel}","templated":true}]}}