{"id":2710,"date":"2025-06-27T11:29:12","date_gmt":"2025-06-27T10:29:12","guid":{"rendered":"https:\/\/bpont.shop.hu\/?post_type=product&#038;p=2710"},"modified":"2026-03-11T16:40:07","modified_gmt":"2026-03-11T14:40:07","slug":"od850-f1e-kulteri-tritech-mozgaserzekelo-pirradar","status":"publish","type":"product","link":"https:\/\/bpont.hu\/shop\/index.php\/product\/od850-f1e-kulteri-tritech-mozgaserzekelo-pirradar\/","title":{"rendered":"OD850-F1E<br>K\u00fclt\u00e9ri TriTech Mozg\u00e1s\u00e9rz\u00e9kel\u0151 PIR+RADAR"},"content":{"rendered":"<p>ISC-CDL1-WA15GE<\/p>\n<p>Az OD850 sorozat\u00fa TriTech \u00e9rz\u00e9kel\u0151k k\u00fclt\u00e9ri \u00e9s m\u00e1s sz\u00e9ls\u0151s\u00e9ges k\u00f6r\u00fclm\u00e9nyek k\u00f6z\u00f6tti haszn\u00e1latra alkalmasak. A k\u00e9sz\u00fcl\u00e9kek a passz\u00edv infrav\u00f6r\u00f6s (PIR) \u00e9s mikrohull\u00e1mon alapul\u00f3 \u00e9rz\u00e9kel\u00e9st fejlett jelfeldolgoz\u00e1ssal \u00f6tv\u00f6zik.<\/p>\n<p>Az \u00e9rz\u00e9kel\u0151k a PIR jeleit a Motion Analyzer II jelfeldolgoz\u00f3 elj\u00e1r\u00e1ssal, a mikrohull\u00e1m\u00fa jeleket pedig a line\u00e1ris \u00fatk\u00fcl\u00f6nbs\u00e9gen (LTD) alapul\u00f3 jelfeldolgoz\u00f3<\/p>\n<p>elj\u00e1r\u00e1ssal dolgozz\u00e1k fel. Az \u00e9rz\u00e9kel\u0151k k\u00fcl\u00f6nbs\u00e9get tudnak tenni a kisebb, ism\u00e9tl\u0151d\u0151 mozg\u00e1sok (fa\u00e1gak mozg\u00e1sa a sz\u00e9lben) \u00e9s a behatol\u00f3k c\u00e9ltudatosabb mozg\u00e1sa k\u00f6z\u00f6tt. Ezen fejlett jelfeldolgoz\u00f3 elj\u00e1r\u00e1soknak \u00e9s az \u00e9rz\u00e9kel\u0151k mechanikai kialak\u00edt\u00e1s\u00e1nak k\u00f6sz\u00f6nhet\u0151en a k\u00e9sz\u00fcl\u00e9kek sz\u00e9ls\u0151s\u00e9ges id\u0151j\u00e1r\u00e1si k\u00f6r\u00fclm\u00e9nyek k\u00f6z\u00f6tt is kiv\u00e1l\u00f3 teljes\u00edtm\u00e9nyt ny\u00fajtanak.<\/p>\n<p>LTD mikrohull\u00e1m\u00fa jelfeldolgoz\u00e1s:<\/p>\n<p>A mikrohull\u00e1m\u00fa jelfeldolgoz\u00f3 a t\u00e1rgyhoz viszony\u00edtott line\u00e1risan megtett \u00fatk\u00fcl\u00f6nbs\u00e9get m\u00e9ri, hogy d\u00f6nthessen a riaszt\u00e1s kiv\u00e1lt\u00e1s\u00e1r\u00f3l. Ez a jelfeldolgoz\u00e1s kik\u00fcsz\u00f6b\u00f6li az olyan t\u00e1rgyak miatt t\u00f6rt\u00e9n\u0151 riaszt\u00e1st, melyek ugyan mozognak, de nem tesznek meg utat, mint p\u00e9ld\u00e1ul a fa\u00e1gak vagy a felf\u00fcggesztett t\u00e1bl\u00e1k.<\/p>\n<p>Tulajdons\u00e1gok:<\/p>\n<p>&#8211; Motion Analyzer II PIR-jelfeldolgoz\u00e1s<\/p>\n<p>&#8211; Line\u00e1risan megtett \u00fatk\u00fc\u00f6nbs\u00e9g (LTD) m\u00f3dszeren alapul\u00f3 mikrohull\u00e1m\u00fa jelfeldolgoz\u00e1s<\/p>\n<p>&#8211; K\u00e9t \u00e9rz\u00e9kenys\u00e9gi szint<\/p>\n<p>&#8211; K\u00e9t m\u00e1sodperc \u00e9s 10 perc k\u00f6z\u00f6tt be\u00e1ll\u00edthat\u00f3 id\u0151z\u00edtett rel\u00e9kimenet<\/p>\n<p>&#8211; \u00c9S\/VAGY m\u00f3d<\/p>\n","protected":false},"excerpt":{"rendered":"<p>Rendel\u00e9si k\u00f3d: F.01U.368.312<\/p>\n","protected":false},"featured_media":2711,"template":"","meta":[],"product_brand":[],"product_cat":[331],"product_tag":[25],"class_list":{"0":"post-2710","1":"product","2":"type-product","3":"status-publish","4":"has-post-thumbnail","6":"product_cat-mozgaserzekelok","7":"product_tag-bosch","9":"first","10":"instock","11":"taxable","12":"shipping-taxable","13":"purchasable","14":"product-type-simple"},"jetpack_sharing_enabled":true,"_links":{"self":[{"href":"https:\/\/bpont.hu\/shop\/index.php\/wp-json\/wp\/v2\/product\/2710","targetHints":{"allow":["GET"]}}],"collection":[{"href":"https:\/\/bpont.hu\/shop\/index.php\/wp-json\/wp\/v2\/product"}],"about":[{"href":"https:\/\/bpont.hu\/shop\/index.php\/wp-json\/wp\/v2\/types\/product"}],"version-history":[{"count":5,"href":"https:\/\/bpont.hu\/shop\/index.php\/wp-json\/wp\/v2\/product\/2710\/revisions"}],"predecessor-version":[{"id":8186,"href":"https:\/\/bpont.hu\/shop\/index.php\/wp-json\/wp\/v2\/product\/2710\/revisions\/8186"}],"wp:featuredmedia":[{"embeddable":true,"href":"https:\/\/bpont.hu\/shop\/index.php\/wp-json\/wp\/v2\/media\/2711"}],"wp:attachment":[{"href":"https:\/\/bpont.hu\/shop\/index.php\/wp-json\/wp\/v2\/media?parent=2710"}],"wp:term":[{"taxonomy":"product_brand","embeddable":true,"href":"https:\/\/bpont.hu\/shop\/index.php\/wp-json\/wp\/v2\/product_brand?post=2710"},{"taxonomy":"product_cat","embeddable":true,"href":"https:\/\/bpont.hu\/shop\/index.php\/wp-json\/wp\/v2\/product_cat?post=2710"},{"taxonomy":"product_tag","embeddable":true,"href":"https:\/\/bpont.hu\/shop\/index.php\/wp-json\/wp\/v2\/product_tag?post=2710"}],"curies":[{"name":"wp","href":"https:\/\/api.w.org\/{rel}","templated":true}]}}