{"id":2685,"date":"2025-06-27T11:29:07","date_gmt":"2025-06-27T10:29:07","guid":{"rendered":"https:\/\/bpont.shop.hu\/?post_type=product&#038;p=2685"},"modified":"2026-03-11T16:40:06","modified_gmt":"2026-03-11T14:40:06","slug":"fnx-425u-wfwh-avenar-all-in-one-4000-akkusztikus-es-vizualis-riasztasi-eszkoz-feher-feher","status":"publish","type":"product","link":"https:\/\/bpont.hu\/shop\/index.php\/product\/fnx-425u-wfwh-avenar-all-in-one-4000-akkusztikus-es-vizualis-riasztasi-eszkoz-feher-feher\/","title":{"rendered":"FNX-425U-WFWH<br>AVENAR all-in-one 4000 akusztikus \u00e9s vizu\u00e1lis riaszt\u00e1si-eszk\u00f6z Feh\u00e9r\/Feh\u00e9r"},"content":{"rendered":"<p>FNX-425U-WFWH<br \/>\nWFWH : Feh\u00e9r Flash \u00e9s Feh\u00e9r H\u00e1z<br \/>\nAz AVENAR all-in-one 4000 egy telep\u00edt\u00e9si helyre kialak\u00edtott, N\u00e9metorsz\u00e1gban k\u00e9sz\u00edtett megold\u00e1s olyan alkalmaz\u00e1sokhoz, ahol a hangjelz\u00e9ses riaszt\u00e1s mellett vizu\u00e1lis riaszt\u00e1sra is sz\u00fcks\u00e9g van. Ez az eszk\u00f6z nem ig\u00e9nyel k\u00fcls\u0151 t\u00e1pell\u00e1t\u00e1st. K\u00e9szenl\u00e9ti \u00fczemm\u00f3dban a hurok t\u00e1pl\u00e1lja, riaszt\u00e1si \u00fczemm\u00f3dban pedig a be\u00e9p\u00edtett akkumul\u00e1tor biztos\u00edtja a sz\u00fcks\u00e9ges t\u00e1pell\u00e1t\u00e1st. Az akkumul\u00e1toros kialak\u00edt\u00e1snak k\u00f6sz\u00f6nhet\u0151en nagysz\u00e1m\u00fa eszk\u00f6z haszn\u00e1lhat\u00f3 hurkonk\u00e9nt.<br \/>\nTulajdons\u00e1gok:<br \/>\n&#8211; Hat\u00e9kony riaszt\u00e1s: EN 54-3 \u00e9s EN 54-23 tan\u00fas\u00edtv\u00e1ny<br \/>\n&#8211; Folyamatos \u00fczem\u0171 riaszt\u00e1sjelz\u00e9s, m\u00e9g az LSN- vonal\u00e1gban is<br \/>\n&#8211; Egyszer\u0171 \u00e9s k\u00f6lts\u00e9ghat\u00e9kony telep\u00edt\u00e9s \u00e9s csere<br \/>\n&#8211; Ak\u00e1r 84 elem egy hurokban, max. 127, ha \u00e9rz\u00e9kel\u0151 n\u00e9lk\u00fcl m\u0171k\u00f6dik.<br \/>\n&#8211; Az AVENAR detector 4000 sorozat b\u00e1rmely \u00e9rz\u00e9kel\u0151j\u00e9vel kombin\u00e1lhat\u00f3<\/p>\n","protected":false},"excerpt":{"rendered":"<p>Rendel\u00e9si k\u00f3d: F.01U.359.432<\/p>\n","protected":false},"featured_media":2686,"template":"","meta":[],"product_brand":[],"product_cat":[395],"product_tag":[25],"class_list":{"0":"post-2685","1":"product","2":"type-product","3":"status-publish","4":"has-post-thumbnail","6":"product_cat-intelligens-hang-fenyjelzok-hang-es-fenyjelzok","7":"product_tag-bosch","9":"first","10":"instock","11":"taxable","12":"shipping-taxable","13":"purchasable","14":"product-type-simple"},"jetpack_sharing_enabled":true,"_links":{"self":[{"href":"https:\/\/bpont.hu\/shop\/index.php\/wp-json\/wp\/v2\/product\/2685","targetHints":{"allow":["GET"]}}],"collection":[{"href":"https:\/\/bpont.hu\/shop\/index.php\/wp-json\/wp\/v2\/product"}],"about":[{"href":"https:\/\/bpont.hu\/shop\/index.php\/wp-json\/wp\/v2\/types\/product"}],"version-history":[{"count":5,"href":"https:\/\/bpont.hu\/shop\/index.php\/wp-json\/wp\/v2\/product\/2685\/revisions"}],"predecessor-version":[{"id":8177,"href":"https:\/\/bpont.hu\/shop\/index.php\/wp-json\/wp\/v2\/product\/2685\/revisions\/8177"}],"wp:featuredmedia":[{"embeddable":true,"href":"https:\/\/bpont.hu\/shop\/index.php\/wp-json\/wp\/v2\/media\/2686"}],"wp:attachment":[{"href":"https:\/\/bpont.hu\/shop\/index.php\/wp-json\/wp\/v2\/media?parent=2685"}],"wp:term":[{"taxonomy":"product_brand","embeddable":true,"href":"https:\/\/bpont.hu\/shop\/index.php\/wp-json\/wp\/v2\/product_brand?post=2685"},{"taxonomy":"product_cat","embeddable":true,"href":"https:\/\/bpont.hu\/shop\/index.php\/wp-json\/wp\/v2\/product_cat?post=2685"},{"taxonomy":"product_tag","embeddable":true,"href":"https:\/\/bpont.hu\/shop\/index.php\/wp-json\/wp\/v2\/product_tag?post=2685"}],"curies":[{"name":"wp","href":"https:\/\/api.w.org\/{rel}","templated":true}]}}