{"id":2682,"date":"2025-06-27T11:29:07","date_gmt":"2025-06-27T10:29:07","guid":{"rendered":"https:\/\/bpont.shop.hu\/?post_type=product&#038;p=2682"},"modified":"2026-05-05T14:46:23","modified_gmt":"2026-05-05T12:46:23","slug":"fpe-8000-fmr-tavoli-kezelo-can-eth-vagy-redundans","status":"publish","type":"product","link":"https:\/\/bpont.hu\/shop\/index.php\/product\/fpe-8000-fmr-tavoli-kezelo-can-eth-vagy-redundans\/","title":{"rendered":"FPE-8000-FMR<br>T\u00e1voli kezel\u0151 CAN\/ETH vagy redund\u00e1ns"},"content":{"rendered":"<p>FPE-8000-FMR<br \/>\nA t\u00e1vkezel\u0151 egys\u00e9g egy t\u0171zjelz\u0151 rendszer decentraliz\u00e1lt m\u0171k\u00f6dtet\u00e9s\u00e9t biztos\u00edtja. A grafikus kezel\u0151i fel\u00fclet kialak\u00edt\u00e1sa azonos a t\u0171zjelz\u0151 k\u00f6zpontok\u00e9val. Minden \u00fczenet egy sz\u00ednes kijelz\u0151n jelenik meg. Egy adott k\u00f6zpont vagy az eg\u00e9sz rendszer az \u00e9rint\u0151k\u00e9perny\u0151r\u0151l<br \/>\nm\u0171k\u00f6dtethet\u0151. A felhaszn\u00e1l\u00f3bar\u00e1t kialak\u00edt\u00e1s\u00fa kezel\u0151fel\u00fclet a legk\u00fcl\u00f6nb\u00f6z\u0151bb helyzetekhez igaz\u00edthat\u00f3. \u00cdgy a kezel\u00e9se egyszer\u0171, \u00e9rthet\u0151, ugyanakkor c\u00e9lir\u00e1nyos \u00e9s intuit\u00edv is.<br \/>\nAz AVENAR sorozat\u00fa \u00e9s az FPA-5000 sorozat\u00fa k\u00f6zpontok \u00e9s kezel\u0151k (MPC-xxxx-B \u00e9s MPC-xxxx-C) egyetlen k\u00f6zponth\u00e1l\u00f3zatban egyes\u00edthet\u0151k, melyek az Ethernet- \u00e9s a CAN-busz interf\u00e9szeket haszn\u00e1lj\u00e1k.<br \/>\nA kezel\u0151 redund\u00e1ns k\u00f6zpontvez\u00e9rl\u0151k\u00e9nt haszn\u00e1lhat\u00f3 egy AVENAR panel 8000 k\u00f6zponttal egy\u00fctt. Ebben az esetben nem haszn\u00e1lhat\u00f3 t\u00e1vkezel\u0151 egys\u00e9gk\u00e9nt.<br \/>\nAz \u00e1ramell\u00e1t\u00e1s biztos\u00edthat\u00f3 a k\u00f6zpontr\u00f3l \u00e9s\/vagy egy k\u00fcls\u0151 t\u00e1pegys\u00e9gr\u0151l.<br \/>\nTulajdons\u00e1gok:<br \/>\n&#8211; A felhaszn\u00e1l\u00f3i fel\u00fclet megegyezik a t\u0171zjelz\u0151k\u00f6zpont\u00e9val<br \/>\n&#8211; Nagy felbont\u00e1s\u00fa kijelz\u0151 \u00e9s ragyog\u00f3 sz\u00ednek a riaszt\u00e1sok \u00e9s esem\u00e9nyek megjelen\u00edt\u00e9s\u00e9hez<br \/>\n&#8211; A r\u00f6gz\u00edtett funkci\u00f3j\u00fa \u00e9s programozhat\u00f3 gombokkal rendelkez\u0151 8 colos kezel\u0151pult az adott helyzethez igaz\u00edthat\u00f3<br \/>\n&#8211; Tiszta kialak\u00edt\u00e1s fel\u00fcletre \u00e9s s\u00fcllyesztett szerel\u00e9shez<br \/>\n&#8211; Alternat\u00edv haszn\u00e1lat redund\u00e1ns k\u00f6zpontvez\u00e9rl\u0151k\u00e9nt<\/p>\n","protected":false},"excerpt":{"rendered":"<p>Rendel\u00e9si k\u00f3d: F.01U.327.092<\/p>\n","protected":false},"featured_media":2683,"template":"","meta":[],"product_brand":[],"product_cat":[365],"product_tag":[25],"class_list":{"0":"post-2682","1":"product","2":"type-product","3":"status-publish","4":"has-post-thumbnail","6":"product_cat-vezerlok-es-masodkezelo","7":"product_tag-bosch","9":"first","10":"instock","11":"featured","12":"taxable","13":"shipping-taxable","14":"product-type-simple"},"jetpack_sharing_enabled":true,"_links":{"self":[{"href":"https:\/\/bpont.hu\/shop\/index.php\/wp-json\/wp\/v2\/product\/2682","targetHints":{"allow":["GET"]}}],"collection":[{"href":"https:\/\/bpont.hu\/shop\/index.php\/wp-json\/wp\/v2\/product"}],"about":[{"href":"https:\/\/bpont.hu\/shop\/index.php\/wp-json\/wp\/v2\/types\/product"}],"version-history":[{"count":5,"href":"https:\/\/bpont.hu\/shop\/index.php\/wp-json\/wp\/v2\/product\/2682\/revisions"}],"predecessor-version":[{"id":8176,"href":"https:\/\/bpont.hu\/shop\/index.php\/wp-json\/wp\/v2\/product\/2682\/revisions\/8176"}],"wp:featuredmedia":[{"embeddable":true,"href":"https:\/\/bpont.hu\/shop\/index.php\/wp-json\/wp\/v2\/media\/2683"}],"wp:attachment":[{"href":"https:\/\/bpont.hu\/shop\/index.php\/wp-json\/wp\/v2\/media?parent=2682"}],"wp:term":[{"taxonomy":"product_brand","embeddable":true,"href":"https:\/\/bpont.hu\/shop\/index.php\/wp-json\/wp\/v2\/product_brand?post=2682"},{"taxonomy":"product_cat","embeddable":true,"href":"https:\/\/bpont.hu\/shop\/index.php\/wp-json\/wp\/v2\/product_cat?post=2682"},{"taxonomy":"product_tag","embeddable":true,"href":"https:\/\/bpont.hu\/shop\/index.php\/wp-json\/wp\/v2\/product_tag?post=2682"}],"curies":[{"name":"wp","href":"https:\/\/api.w.org\/{rel}","templated":true}]}}