{"id":2662,"date":"2025-06-27T11:29:02","date_gmt":"2025-06-27T10:29:02","guid":{"rendered":"https:\/\/bpont.shop.hu\/?post_type=product&#038;p=2662"},"modified":"2026-05-05T14:46:23","modified_gmt":"2026-05-05T12:46:23","slug":"fpe-8000-spc-avenar-8000-vezerlo-es-megjelenito-alap-licence","status":"publish","type":"product","link":"https:\/\/bpont.hu\/shop\/index.php\/product\/fpe-8000-spc-avenar-8000-vezerlo-es-megjelenito-alap-licence\/","title":{"rendered":"FPE-8000-SPC<br>Avenar 8000 vez\u00e9rl\u0151 \u00e9s megjelen\u00edt\u0151, alap licence"},"content":{"rendered":"<p>FPE-8000-SPC<\/p>\n<p>&nbsp;<\/p>\n<p>A t\u0171zjelz\u0151 k\u00f6zpont lehet\u0151v\u00e9 teszi az anal\u00f3g-c\u00edmezhet\u0151 \u00e9s hagyom\u00e1nyos technol\u00f3gi\u00e1k vegyes alkalmaz\u00e1s\u00e1t. Az \u00e9rz\u00e9kel\u0151k \u00e9s egy\u00e9b LSN eszk\u00f6z\u00f6k el\u00e1gaz\u00f3 vagy hurok-topol\u00f3gia szerint csatlakoztathatok. Az anal\u00f3g c\u00edmezhet\u0151 t\u0171z\u00e9rz\u00e9kel\u0151ket, k\u00e9zi jelz\u00e9sad\u00f3kat, jelz\u0151eszk\u00f6z\u00f6ket, bemeneteket \u00e9s kimeneteket a t\u0171zjelz\u0151 k\u00f6zpont \u00f6n\u00e1ll\u00f3elemekk\u00e9nt azonos\u00edtja \u00e9s kezeli. A perif\u00e9ri\u00e1k szoftveresen logikai z\u00f3n\u00e1kba csoportos\u00edthat\u00f3k az \u00e9p\u00fclet szerkezeti fel\u00e9p\u00edt\u00e9s\u00e9nek megfelel\u0151en. A kompakt, modul\u00e1ris fel\u00e9p\u00edt\u00e9s\u0171 t\u0171zjelz\u0151 k\u00f6zpont egyh\u00e1zba szerelt k\u00e9szletk\u00e9nt kaphat\u00f3. A funkcion\u00e1lis modulok a h\u00e1zban l\u00e9v\u0151 s\u00ednekre csatlakoztathat\u00f3k. A s\u00ednek biztos\u00edtj\u00e1k a funkcion\u00e1lis modulok \u00e1ramell\u00e1t\u00e1s\u00e1t \u00e9s bels\u0151 kommunik\u00e1ci\u00f3j\u00e1t.<\/p>\n<p>Tulajdons\u00e1gok:<\/p>\n<p>&#8211; A kompakt, modul\u00e1ris fel\u00e9p\u00edt\u00e9s\u0171 t\u0171zjelz\u0151k\u00f6zpont legfeljebb 4 hurokra (254 eszk\u00f6z \/ hurok) b\u0151v\u00edthet\u0151, \u00e9s testre szabott megold\u00e1sokat k\u00edn\u00e1l kis \u00e9s k\u00f6zepes m\u00e9ret\u0171 alkalmaz\u00e1sokhoz.<\/p>\n<p>&#8211; Nagy felbont\u00e1s\u00fa kijelz\u0151 \u00e9s ragyog\u00f3 sz\u00ednek a riaszt\u00e1sok \u00e9s esem\u00e9nyek megjelen\u00edt\u00e9s\u00e9hez.<\/p>\n<p>&#8211; A r\u00f6gz\u00edtett funkci\u00f3j\u00fa \u00e9s programozhat\u00f3 gombokkal rendelkez\u0151 8 colos \u00e9rint\u0151-kezel\u0151pult a helyi ig\u00e9nyekhez igaz\u00edthat\u00f3. (OPC kiszolg\u00e1l\u00f3)<\/p>\n<p>&#8211; A be\u00e9p\u00edtett Ethernet-switchen h\u00e1l\u00f3zatba, t\u00e1voli szolg\u00e1ltat\u00e1sokhoz, \u00e9p\u00fcletfel\u00fcgyeleti rendszerhez \u00e9s v\u00e9szhangos\u00edt\u00f3 rendszerhez csatlakoztathat\u00f3<\/p>\n<p>&#8211; A helyi k\u00f6vetelm\u00e9nyekhez \u00e9s el\u0151\u00edr\u00e1sokhoz igaz\u00edthat\u00f3<\/p>\n<p>&#8211; A vez\u00e9rl\u0151 keretes \u00e9s fali kivitel\u0171 k\u00f6zpont-h\u00e1zakba is illeszthet\u0151<\/p>\n<p>&nbsp;<\/p>\n<p>&nbsp;<\/p>\n<table width=\"531\">\n<tbody>\n<tr>\n<td width=\"229\"><\/td>\n<td width=\"144\">Alap licenc<\/td>\n<td width=\"158\">Pr\u00e9mium licenc<\/td>\n<\/tr>\n<tr>\n<td width=\"229\"><strong>Ethernet-interf\u00e9sz a k\u00f6vetkez\u0151kh\u00f6z:<\/strong><\/td>\n<td width=\"144\"><\/td>\n<td width=\"158\"><\/td>\n<\/tr>\n<tr>\n<td width=\"229\">\u00c9p\u00fcletfel\u00fcgyeleti rendszer (OPC-kiszolg\u00e1l\u00f3, BIS, FSM-5000-FSI)<\/td>\n<td width=\"144\"><\/td>\n<td width=\"158\">\u221a<\/td>\n<\/tr>\n<tr>\n<td width=\"229\">UGM-2040 hierarchikus k\u00f6zpont<\/td>\n<td width=\"144\"><\/td>\n<td width=\"158\">\u221a<\/td>\n<\/tr>\n<tr>\n<td width=\"229\">V\u00e9szhangos\u00edt\u00f3 rendszer (Smart Safety Link)<\/td>\n<td width=\"144\"><\/td>\n<td width=\"158\">\u221a<\/td>\n<\/tr>\n<tr>\n<td width=\"229\"><strong>Fel\u00fcgyelet \u00e9s vez\u00e9rl\u00e9s:<\/strong><\/td>\n<td width=\"144\"><\/td>\n<td width=\"158\"><\/td>\n<\/tr>\n<tr>\n<td width=\"229\">\u00c1llapot \u00e1ttekint\u00e9se<\/td>\n<td width=\"144\">\u221a<\/td>\n<td width=\"158\">\u221a<\/td>\n<\/tr>\n<tr>\n<td width=\"229\">Egyidej\u0171 vez\u00e9rl\u00e9s<\/td>\n<td width=\"144\">\u221a<\/td>\n<td width=\"158\">\u221a<\/td>\n<\/tr>\n<tr>\n<td width=\"229\">Egyedi vez\u00e9rl\u00e9s<\/td>\n<td width=\"144\"><\/td>\n<td width=\"158\">\u221a<\/td>\n<\/tr>\n<tr>\n<td width=\"229\"><strong>Modul\u00e1ris fel\u00e9p\u00edt\u00e9s (maxim\u00e1lis sz\u00e1m):<\/strong><\/td>\n<td width=\"144\"><\/td>\n<td width=\"158\"><\/td>\n<\/tr>\n<tr>\n<td width=\"229\">Funkcion\u00e1lis modulok csatlakoz\u00f3helyei<\/td>\n<td width=\"144\">46<\/td>\n<td width=\"158\">46<\/td>\n<\/tr>\n<tr>\n<td width=\"229\">\u00a0LSN-300<\/td>\n<td width=\"144\">32<\/td>\n<td width=\"158\">32<\/td>\n<\/tr>\n<tr>\n<td width=\"229\">\u00a0LSN-1500<\/td>\n<td width=\"144\">11<\/td>\n<td width=\"158\">11<\/td>\n<\/tr>\n<tr>\n<td width=\"229\"><strong>H\u00e1l\u00f3zatba kapcsolhat\u00f3s\u00e1g:<\/strong><\/td>\n<td width=\"144\"><\/td>\n<td width=\"158\"><\/td>\n<\/tr>\n<tr>\n<td width=\"229\">K\u00f6zponth\u00e1l\u00f3zat<\/td>\n<td width=\"144\">k\u00f6zpontok, t\u00e1vkezel\u0151 egys\u00e9gek<\/td>\n<td width=\"158\">k\u00f6zpontok, t\u00e1vkezel\u0151 egys\u00e9gek, kiszolg\u00e1l\u00f3k<\/td>\n<\/tr>\n<tr>\n<td width=\"229\">Csom\u00f3pontok max. sz\u00e1ma<\/td>\n<td width=\"144\">4 (1 k\u00f6zpont, 3 kezel\u0151)<\/td>\n<td width=\"158\">32<\/td>\n<\/tr>\n<\/tbody>\n<\/table>\n<p>&nbsp;<\/p>\n<p>&nbsp;<\/p>\n","protected":false},"excerpt":{"rendered":"<p>Rendel\u00e9si k\u00f3d: F.01U.327.090<\/p>\n","protected":false},"featured_media":2663,"template":"","meta":[],"product_brand":[],"product_cat":[365],"product_tag":[25],"class_list":{"0":"post-2662","1":"product","2":"type-product","3":"status-publish","4":"has-post-thumbnail","6":"product_cat-vezerlok-es-masodkezelo","7":"product_tag-bosch","9":"first","10":"instock","11":"featured","12":"taxable","13":"shipping-taxable","14":"product-type-simple"},"jetpack_sharing_enabled":true,"_links":{"self":[{"href":"https:\/\/bpont.hu\/shop\/index.php\/wp-json\/wp\/v2\/product\/2662","targetHints":{"allow":["GET"]}}],"collection":[{"href":"https:\/\/bpont.hu\/shop\/index.php\/wp-json\/wp\/v2\/product"}],"about":[{"href":"https:\/\/bpont.hu\/shop\/index.php\/wp-json\/wp\/v2\/types\/product"}],"version-history":[{"count":5,"href":"https:\/\/bpont.hu\/shop\/index.php\/wp-json\/wp\/v2\/product\/2662\/revisions"}],"predecessor-version":[{"id":8168,"href":"https:\/\/bpont.hu\/shop\/index.php\/wp-json\/wp\/v2\/product\/2662\/revisions\/8168"}],"wp:featuredmedia":[{"embeddable":true,"href":"https:\/\/bpont.hu\/shop\/index.php\/wp-json\/wp\/v2\/media\/2663"}],"wp:attachment":[{"href":"https:\/\/bpont.hu\/shop\/index.php\/wp-json\/wp\/v2\/media?parent=2662"}],"wp:term":[{"taxonomy":"product_brand","embeddable":true,"href":"https:\/\/bpont.hu\/shop\/index.php\/wp-json\/wp\/v2\/product_brand?post=2662"},{"taxonomy":"product_cat","embeddable":true,"href":"https:\/\/bpont.hu\/shop\/index.php\/wp-json\/wp\/v2\/product_cat?post=2662"},{"taxonomy":"product_tag","embeddable":true,"href":"https:\/\/bpont.hu\/shop\/index.php\/wp-json\/wp\/v2\/product_tag?post=2662"}],"curies":[{"name":"wp","href":"https:\/\/api.w.org\/{rel}","templated":true}]}}