{"id":2562,"date":"2025-06-27T11:28:43","date_gmt":"2025-06-27T10:28:43","guid":{"rendered":"https:\/\/bpont.shop.hu\/?post_type=product&#038;p=2562"},"modified":"2026-05-05T14:46:21","modified_gmt":"2026-05-05T12:46:21","slug":"fdoot271-o-rf-optikai-ho-erzekelo-433-868mhz","status":"publish","type":"product","link":"https:\/\/bpont.hu\/shop\/index.php\/product\/fdoot271-o-rf-optikai-ho-erzekelo-433-868mhz\/","title":{"rendered":"FDOOT271-O<br>RF Optikai\/H\u0151-\u00e9rz\u00e9kel\u0151 433\/868Mhz"},"content":{"rendered":"<p>FDOOT271-O<\/p>\n<p>F\u0151bb tulajdons\u00e1gok:<br \/>\n\u2022 T\u00f6bbugr\u00e1sos-h\u00e1l\u00f3 technol\u00f3gia<br \/>\n\u2022 Megb\u00edzhat\u00f3 kommunik\u00e1ci\u00f3 a redund\u00e1ns adat\u00e1tviteli \u00fatvonalaknak \u00e9s a k\u00e9t s\u00e1vnak (433 MHz, 868 MHz) k\u00f6sz\u00f6nhet\u0151en<br \/>\n\u2022 Nagy hat\u00f3t\u00e1vols\u00e1g , mivel minden r\u00e1di\u00f3s eszk\u00f6z jelism\u00e9tl\u0151k\u00e9nt m\u0171k\u00f6dik<br \/>\n\u2022 LSNi \u00e9s LSN hurkokra kapcsolhat\u00f3k, AUX megt\u00e1pl\u00e1l\u00e1ssal<br \/>\n\u2022 Cser\u00e9lhet\u0151 elem a t\u00e1pfesz\u00fclts\u00e9g kies\u00e9s ellen<br \/>\n\u2022 max. 31 c\u00edmet foglal el 1 vev\u0151 (1 vev\u0151-c\u00edm; 30 RF \u00e9rz\u00e9kel\u0151 c\u00edm)<br \/>\n\u2022 max. 10db FWI-270 \/ hurok (LSN classic-n\u00e1l max 127 c\u00edm!)<br \/>\nAz akkumul\u00e1torral m\u0171k\u00f6d\u0151 r\u00e1di\u00f3s t\u0171z\u00e9rz\u00e9kel\u0151 k\u00e9toptikai ad\u00f3val, egy optikai vev\u0151vel \u00e9s k\u00e9t h\u0151\u00e9rz\u00e9kel\u0151vel ell\u00e1tott kifinomult opto-elektronikus m\u00e9r\u0151kamr\u00e1val rendelkezik. A r\u00e1di\u00f3s t\u0171z\u00e9rz\u00e9kel\u0151 vagy tiszt\u00e1n optikai f\u00fcst\u00e9rz\u00e9kel\u0151k\u00e9nt vagy tiszt\u00e1n h\u0151\u00e9rz\u00e9kel\u0151k\u00e9nt haszn\u00e1lhat\u00f3. Az optikai jelek \u00e9s a h\u0151\u00e9rz\u00e9kel\u0151 jeleinek kombin\u00e1ci\u00f3ja optimaliz\u00e1lja az \u00e9rz\u00e9kel\u00e9smegb\u00edzhat\u00f3s\u00e1g\u00e1t, \u00e9s a k\u00f6vetkez\u0151ket eredm\u00e9nyezi:<br \/>\n\u2022 Minden t\u00edpus\u00fa t\u0171z korai felismer\u00e9se, ak\u00e1r vil\u00e1gos, ak\u00e1r s\u00f6t\u00e9t f\u00fcst k\u00e9pz\u0151dik, illetve ha egy\u00e1ltal\u00e1n nem keletkezik f\u00fcst.<br \/>\n\u2022 A neur\u00e1lis t\u0171z\u00e9rz\u00e9kel\u0151 alacsonyabb \u00e9rz\u00e9kenys\u00e9giszinten m\u0171k\u00f6dtethet\u0151, \u00e9s ez\u00e1ltal nagyobb immunit\u00e1s\u00e9rhet\u0151 el a hamis riaszt\u00e1sokkal szemben<\/p>\n","protected":false},"excerpt":{"rendered":"<p>Rendel\u00e9si k\u00f3d: F.01U.349.135<\/p>\n","protected":false},"featured_media":2563,"template":"","meta":[],"product_brand":[],"product_cat":[364],"product_tag":[25],"class_list":{"0":"post-2562","1":"product","2":"type-product","3":"status-publish","4":"has-post-thumbnail","6":"product_cat-vezetek-nelkuli-rf-rendszer","7":"product_tag-bosch","9":"first","10":"instock","11":"taxable","12":"shipping-taxable","13":"product-type-simple"},"jetpack_sharing_enabled":true,"_links":{"self":[{"href":"https:\/\/bpont.hu\/shop\/index.php\/wp-json\/wp\/v2\/product\/2562","targetHints":{"allow":["GET"]}}],"collection":[{"href":"https:\/\/bpont.hu\/shop\/index.php\/wp-json\/wp\/v2\/product"}],"about":[{"href":"https:\/\/bpont.hu\/shop\/index.php\/wp-json\/wp\/v2\/types\/product"}],"version-history":[{"count":5,"href":"https:\/\/bpont.hu\/shop\/index.php\/wp-json\/wp\/v2\/product\/2562\/revisions"}],"predecessor-version":[{"id":8129,"href":"https:\/\/bpont.hu\/shop\/index.php\/wp-json\/wp\/v2\/product\/2562\/revisions\/8129"}],"wp:featuredmedia":[{"embeddable":true,"href":"https:\/\/bpont.hu\/shop\/index.php\/wp-json\/wp\/v2\/media\/2563"}],"wp:attachment":[{"href":"https:\/\/bpont.hu\/shop\/index.php\/wp-json\/wp\/v2\/media?parent=2562"}],"wp:term":[{"taxonomy":"product_brand","embeddable":true,"href":"https:\/\/bpont.hu\/shop\/index.php\/wp-json\/wp\/v2\/product_brand?post=2562"},{"taxonomy":"product_cat","embeddable":true,"href":"https:\/\/bpont.hu\/shop\/index.php\/wp-json\/wp\/v2\/product_cat?post=2562"},{"taxonomy":"product_tag","embeddable":true,"href":"https:\/\/bpont.hu\/shop\/index.php\/wp-json\/wp\/v2\/product_tag?post=2562"}],"curies":[{"name":"wp","href":"https:\/\/api.w.org\/{rel}","templated":true}]}}