{"id":2548,"date":"2025-06-27T11:28:41","date_gmt":"2025-06-27T10:28:41","guid":{"rendered":"https:\/\/bpont.shop.hu\/?post_type=product&#038;p=2548"},"modified":"2026-03-11T16:39:59","modified_gmt":"2026-03-11T14:39:59","slug":"fme-solo-a10s-tesztelo-spray-optikai-fusterzekelokhoz","status":"publish","type":"product","link":"https:\/\/bpont.hu\/shop\/index.php\/product\/fme-solo-a10s-tesztelo-spray-optikai-fusterzekelokhoz\/","title":{"rendered":"FME-SOLO-A10S<br>Tesztel\u0151 spray optikai f\u00fcst\u00e9rz\u00e9kel\u0151kh\u00f6z"},"content":{"rendered":"<p>FME-SOLO-A10S<br \/>\nTesztel\u0151 spray optikai f\u00fcst\u00e9rz\u00e9kel\u0151kh\u00f6z<\/p>\n","protected":false},"excerpt":{"rendered":"<p>Rendel\u00e9si k\u00f3d: F.01U.345.557<\/p>\n","protected":false},"featured_media":2549,"template":"","meta":[],"product_brand":[],"product_cat":[344],"product_tag":[25],"class_list":{"0":"post-2548","1":"product","2":"type-product","3":"status-publish","4":"has-post-thumbnail","6":"product_cat-karbantartasi-eszkozok-es-szerszamok","7":"product_tag-bosch","9":"first","10":"instock","11":"taxable","12":"shipping-taxable","13":"purchasable","14":"product-type-simple"},"jetpack_sharing_enabled":true,"_links":{"self":[{"href":"https:\/\/bpont.hu\/shop\/index.php\/wp-json\/wp\/v2\/product\/2548","targetHints":{"allow":["GET"]}}],"collection":[{"href":"https:\/\/bpont.hu\/shop\/index.php\/wp-json\/wp\/v2\/product"}],"about":[{"href":"https:\/\/bpont.hu\/shop\/index.php\/wp-json\/wp\/v2\/types\/product"}],"version-history":[{"count":5,"href":"https:\/\/bpont.hu\/shop\/index.php\/wp-json\/wp\/v2\/product\/2548\/revisions"}],"predecessor-version":[{"id":8124,"href":"https:\/\/bpont.hu\/shop\/index.php\/wp-json\/wp\/v2\/product\/2548\/revisions\/8124"}],"wp:featuredmedia":[{"embeddable":true,"href":"https:\/\/bpont.hu\/shop\/index.php\/wp-json\/wp\/v2\/media\/2549"}],"wp:attachment":[{"href":"https:\/\/bpont.hu\/shop\/index.php\/wp-json\/wp\/v2\/media?parent=2548"}],"wp:term":[{"taxonomy":"product_brand","embeddable":true,"href":"https:\/\/bpont.hu\/shop\/index.php\/wp-json\/wp\/v2\/product_brand?post=2548"},{"taxonomy":"product_cat","embeddable":true,"href":"https:\/\/bpont.hu\/shop\/index.php\/wp-json\/wp\/v2\/product_cat?post=2548"},{"taxonomy":"product_tag","embeddable":true,"href":"https:\/\/bpont.hu\/shop\/index.php\/wp-json\/wp\/v2\/product_tag?post=2548"}],"curies":[{"name":"wp","href":"https:\/\/api.w.org\/{rel}","templated":true}]}}