{"id":2533,"date":"2025-06-27T11:28:37","date_gmt":"2025-06-27T10:28:37","guid":{"rendered":"https:\/\/bpont.shop.hu\/?post_type=product&#038;p=2533"},"modified":"2026-05-05T14:46:21","modified_gmt":"2026-05-05T12:46:21","slug":"pva-4cr12-paviro-vezerlo","status":"publish","type":"product","link":"https:\/\/bpont.hu\/shop\/index.php\/product\/pva-4cr12-paviro-vezerlo\/","title":{"rendered":"PVA-4CR12<br>PAVIRO Vez\u00e9rl\u0151"},"content":{"rendered":"<p>PVA-4CR12<br \/>\nA PVA-4CR12 vez\u00e9rl\u0151 a PAVIRO rendszer k\u00f6zponti pagingmanagerje. Nyolc helyi audio bemenet n\u00e9gy audio kimenetre kapcsolhat\u00f3. Egy k\u00e9tcsatorn\u00e1s \u00fczenetkezel\u0151 integr\u00e1lva van. A vez\u00e9rl\u0151 minden audio-feldolgoz\u00e1si, fel\u00fcgyeleti \u00e9s vez\u00e9rl\u00e9si funkci\u00f3t biztos\u00edt a teljes PAVIRO rendszerhez. Egy vez\u00e9rl\u0151 maximum 16 h\u00edv\u00f3\u00e1llom\u00e1st \u00e9s 492 szem\u00e9lyh\u00edv\u00f3 z\u00f3n\u00e1t t\u00e1mogat. A vez\u00e9rl\u0151 12 z\u00f3n\u00e1val, 18 GPI-vel \u00e9s 19 GPO-val rendelkezik. Az egyik vez\u00e9rl\u0151 ak\u00e1r 2000 W-os hangsz\u00f3r\u00f3 terhel\u00e9s\u00e9t is k\u00e9pes kezelni. Kieg\u00e9sz\u00edt\u0151 z\u00f3n\u00e1kat \u00e9s teljes\u00edtm\u00e9nyt lehet hozz\u00e1adni legfeljebb 20 k\u00fcls\u0151 router \u00e9s 40 er\u0151s\u00edt\u0151vel, mindegyik 2 500 W-ig.<br \/>\nTulajdons\u00e1gok:<br \/>\n&#8211; Alacsony energiafogyaszt\u00e1s k\u00e9szenl\u00e9ti \u00fczemm\u00f3dban<br \/>\n&#8211; Extr\u00e9m rugalmass\u00e1g<br \/>\n&#8211; Kiv\u00e1l\u00f3 hangmin\u0151s\u00e9g > 106 dB s \/ n ar\u00e1ny \u00e9s 85 perc bels\u0151 digit\u00e1lis \u00fczenett\u00e1r<br \/>\n&#8211; Legfeljebb n\u00e9gy decentraliz\u00e1lt vez\u00e9rl\u0151 az OM-1 fel\u00fcleten<\/p>\n","protected":false},"excerpt":{"rendered":"<p>Rendel\u00e9si k\u00f3d: F.01U.298.639<\/p>\n","protected":false},"featured_media":2534,"template":"","meta":[],"product_brand":[],"product_cat":[363],"product_tag":[25],"class_list":{"0":"post-2533","1":"product","2":"type-product","3":"status-publish","4":"has-post-thumbnail","6":"product_cat-paviro","7":"product_tag-bosch","9":"first","10":"instock","11":"taxable","12":"shipping-taxable","13":"purchasable","14":"product-type-simple"},"jetpack_sharing_enabled":true,"_links":{"self":[{"href":"https:\/\/bpont.hu\/shop\/index.php\/wp-json\/wp\/v2\/product\/2533","targetHints":{"allow":["GET"]}}],"collection":[{"href":"https:\/\/bpont.hu\/shop\/index.php\/wp-json\/wp\/v2\/product"}],"about":[{"href":"https:\/\/bpont.hu\/shop\/index.php\/wp-json\/wp\/v2\/types\/product"}],"version-history":[{"count":5,"href":"https:\/\/bpont.hu\/shop\/index.php\/wp-json\/wp\/v2\/product\/2533\/revisions"}],"predecessor-version":[{"id":8119,"href":"https:\/\/bpont.hu\/shop\/index.php\/wp-json\/wp\/v2\/product\/2533\/revisions\/8119"}],"wp:featuredmedia":[{"embeddable":true,"href":"https:\/\/bpont.hu\/shop\/index.php\/wp-json\/wp\/v2\/media\/2534"}],"wp:attachment":[{"href":"https:\/\/bpont.hu\/shop\/index.php\/wp-json\/wp\/v2\/media?parent=2533"}],"wp:term":[{"taxonomy":"product_brand","embeddable":true,"href":"https:\/\/bpont.hu\/shop\/index.php\/wp-json\/wp\/v2\/product_brand?post=2533"},{"taxonomy":"product_cat","embeddable":true,"href":"https:\/\/bpont.hu\/shop\/index.php\/wp-json\/wp\/v2\/product_cat?post=2533"},{"taxonomy":"product_tag","embeddable":true,"href":"https:\/\/bpont.hu\/shop\/index.php\/wp-json\/wp\/v2\/product_tag?post=2533"}],"curies":[{"name":"wp","href":"https:\/\/api.w.org\/{rel}","templated":true}]}}