{"id":2416,"date":"2025-06-27T11:15:35","date_gmt":"2025-06-27T10:15:35","guid":{"rendered":"https:\/\/bpont.shop.hu\/?post_type=product&#038;p=2416"},"modified":"2026-05-05T14:46:20","modified_gmt":"2026-05-05T12:46:20","slug":"pln-1eol-hangszoro-vonal-veglezaro-modul-veszhangositas","status":"publish","type":"product","link":"https:\/\/bpont.hu\/shop\/index.php\/product\/pln-1eol-hangszoro-vonal-veglezaro-modul-veszhangositas\/","title":{"rendered":"PLN-1EOL<br>Hangsz\u00f3r\u00f3-vonal V\u00e9glez\u00e1r\u00f3 modul v\u00e9szhangos\u00edt\u00e1s"},"content":{"rendered":"<p>PLN-1EOL<br \/>\nA Plena vonallez\u00e1r\u00f3 k\u00e1rtya NY\u00c1K kialak\u00edt\u00e1s\u00fa, feladata egy fel\u00fcgyelt hangos\u00edt\u00e1si vagy v\u00e9szhangos\u00edt\u00e1si rendszer\u00e1ltal l\u00e9trehozott 20 kHz-es el\u0151vez\u00e9relt hang \u00e9rz\u00e9kel\u00e9se. Aktiv\u00e1l egy fesz\u00fclts\u00e9gmentes kapcsol\u00f3t egy 20 kHz-es,5 V-n\u00e1l er\u0151sebb jel (el\u0151vez\u00e9relt hang) jelenl\u00e9t\u00e9ben, valamint egy LED-et a m\u0171k\u00f6d\u00e9s egyszer\u0171 vizu\u00e1lis meger\u0151s\u00edt\u00e9s\u00e9re.<br \/>\nA Plena vonallez\u00e1r\u00f3 k\u00e1rty\u00e1k figyelik, hogy van-e el\u0151vez\u00e9relt hang egy hangsz\u00f3r\u00f3vonalon. A k\u00e1rtya egyhangsz\u00f3r\u00f3vonal v\u00e9g\u00e9n\u00e9l csatlakozik, \u00e9s \u00e9rz\u00e9keli a20 kHz-es el\u0151vez\u00e9relt hang jel\u00e9t. Ez a jel mindig jelen van a vonalon: h\u00e1tt\u00e9rzene lej\u00e1tsz\u00e1sakor, bemond\u00e1sk\u00f6zben \u00e9s amikor nincs jel. A 20 kHz-es hang nemhallhat\u00f3 \u00e9s nagyon alacsony szint\u0171 (-20 dB). Ha van el\u0151vez\u00e9relt hangjel, egy LED vil\u00e1g\u00edt, \u00e9s egy \u00e9rintkez\u0151z\u00e1r a k\u00e1rty\u00e1n. Ha az el\u0151vez\u00e9relt hang megsz\u0171nik, az\u00e9rintkez\u0151 nyit, \u00e9s a LED kialszik. Ha fel van szerelve a hangsz\u00f3r\u00f3vonal v\u00e9g\u00e9re, ez a teljes vonal integrit\u00e1s\u00e1ra vonatkozik. Az el\u0151vez\u00e9relt hangjel jelenl\u00e9te nem f\u00fcgg a vonalon l\u00e9v\u0151 hangsz\u00f3r\u00f3k sz\u00e1m\u00e1t\u00f3l, a vonal terhel\u00e9s\u00e9t\u0151l vagy a vonal kapacit\u00e1s\u00e1t\u00f3l. Az \u00e9rintkez\u0151 csatlakoztathat\u00f3 egy PA rendszerhez, p\u00e9ld\u00e1ul a Boschv\u00e9szhangos\u00edt\u00e1si rendszerhez, hogy \u00e9rz\u00e9kelje \u00e9s jelentse egy hangsz\u00f3r\u00f3vonalon bek\u00f6vetkez\u0151 hib\u00e1kat. T\u00f6bb vonallez\u00e1r\u00f3 k\u00e1rtya is l\u00e1ncba kapcsolhat\u00f3 egyetlenhibabemenettel. Ez lehet\u0151v\u00e9 teszi egy t\u00f6bb\u00e1g\u00fahangsz\u00f3r\u00f3vonal fel\u00fcgyelet\u00e9t.<br \/>\nTulajdons\u00e1gok:<br \/>\n&#8211; El\u0151vez\u00e9relt hang \u00e9rz\u00e9kel\u00e9se 100 V-os hangsz\u00f3r\u00f3vonalakon<br \/>\n&#8211; Fesz\u00fclts\u00e9gmentes kapcsol\u00f3 200 V 1 A \u00e9s LED-es visszajelz\u0151k az el\u0151vez\u00e9relt hanghoz<br \/>\n&#8211; L\u00e1ncba kapcsolhat\u00f3 t\u00f6bb z\u00f3na egyetlen bemeneti\u00e9rintkez\u0151n t\u00f6rt\u00e9n\u0151 fel\u00fcgyelet\u00e9hez<br \/>\n&#8211; Felszerelhet\u0151 a kiv\u00e1lasztott Bosch hangsz\u00f3r\u00f3kon l\u00e9v\u0151 be\u00e9p\u00edtett konzolokra<br \/>\n&#8211; EN 54-16 tan\u00fas\u00edtv\u00e1nnyal rendelkezik<\/p>\n","protected":false},"excerpt":{"rendered":"<p>Rendel\u00e9si k\u00f3d: F.01U.012.731<\/p>\n","protected":false},"featured_media":2417,"template":"","meta":[],"product_brand":[],"product_cat":[362],"product_tag":[25],"class_list":{"0":"post-2416","1":"product","2":"type-product","3":"status-publish","4":"has-post-thumbnail","6":"product_cat-tartozekok-hangszorok","7":"product_tag-bosch","9":"first","10":"instock","11":"taxable","12":"shipping-taxable","13":"purchasable","14":"product-type-simple"},"jetpack_sharing_enabled":true,"_links":{"self":[{"href":"https:\/\/bpont.hu\/shop\/index.php\/wp-json\/wp\/v2\/product\/2416","targetHints":{"allow":["GET"]}}],"collection":[{"href":"https:\/\/bpont.hu\/shop\/index.php\/wp-json\/wp\/v2\/product"}],"about":[{"href":"https:\/\/bpont.hu\/shop\/index.php\/wp-json\/wp\/v2\/types\/product"}],"version-history":[{"count":5,"href":"https:\/\/bpont.hu\/shop\/index.php\/wp-json\/wp\/v2\/product\/2416\/revisions"}],"predecessor-version":[{"id":8078,"href":"https:\/\/bpont.hu\/shop\/index.php\/wp-json\/wp\/v2\/product\/2416\/revisions\/8078"}],"wp:featuredmedia":[{"embeddable":true,"href":"https:\/\/bpont.hu\/shop\/index.php\/wp-json\/wp\/v2\/media\/2417"}],"wp:attachment":[{"href":"https:\/\/bpont.hu\/shop\/index.php\/wp-json\/wp\/v2\/media?parent=2416"}],"wp:term":[{"taxonomy":"product_brand","embeddable":true,"href":"https:\/\/bpont.hu\/shop\/index.php\/wp-json\/wp\/v2\/product_brand?post=2416"},{"taxonomy":"product_cat","embeddable":true,"href":"https:\/\/bpont.hu\/shop\/index.php\/wp-json\/wp\/v2\/product_cat?post=2416"},{"taxonomy":"product_tag","embeddable":true,"href":"https:\/\/bpont.hu\/shop\/index.php\/wp-json\/wp\/v2\/product_tag?post=2416"}],"curies":[{"name":"wp","href":"https:\/\/api.w.org\/{rel}","templated":true}]}}