{"id":2358,"date":"2025-06-27T11:15:27","date_gmt":"2025-06-27T10:15:27","guid":{"rendered":"https:\/\/bpont.shop.hu\/?post_type=product&#038;p=2358"},"modified":"2026-03-11T16:39:55","modified_gmt":"2026-03-11T14:39:55","slug":"omn-arnie-arni-e-omneo-interfesz","status":"publish","type":"product","link":"https:\/\/bpont.hu\/shop\/index.php\/product\/omn-arnie-arni-e-omneo-interfesz\/","title":{"rendered":"OMN-ARNIE<br>ARNI E OMNEO Interf\u00e9sz"},"content":{"rendered":"<p>OMN-ARNIE<br \/>\nAz OMNEO rendszer ARNI (Audio Routed Network Interface) komponense n\u00f6veli a rendszer m\u00e9retezhet\u0151s\u00e9g\u00e9t. Magas teljes\u00edtm\u00e9ny\u0171 DHCP (Dynamic Host Configuration Protocol) kiszolg\u00e1l\u00f3, amely megsz\u00fcnteti az IPv4 LL protokoll haszn\u00e1lat\u00e1nak sz\u00fcks\u00e9gess\u00e9g\u00e9t. DHCP-kiszolg\u00e1l\u00f3k\u00e9nt az ARNI egy (1) alh\u00e1l\u00f3zatot t\u00e1mogat, ha nincs el\u00e9rhet\u0151 DHCP-kiszolg\u00e1l\u00f3. DNS-SD (Domain Name System &#8211; Service Directory) kiszolg\u00e1l\u00f3, amely az OMNEO \u00f6sszes eszk\u00f6z\u00e9nek felfedez\u00e9s\u00e9re szolg\u00e1l (tov\u00e1bb\u00edtott) h\u00e1l\u00f3zaton a Multicast DNS ig\u00e9nye \u00e9s terhel\u00e9se n\u00e9lk\u00fcl. Az ARNI kiterjeszti a PTP (Precision TimeProtocol) haszn\u00e1lat\u00e1t t\u00f6bb IP (internetprotokoll) alh\u00e1l\u00f3zatra, amely szinkroniz\u00e1lt master-\u00f3rajelk\u00e9nt unicast PTP-t haszn\u00e1l \u00e9s saj\u00e1t alh\u00e1l\u00f3zatak\u00e9nt m\u0171k\u00f6dik, a multicast PTP seg\u00edts\u00e9g\u00e9vel az OMNEO csom\u00f3pontokat szinkroniz\u00e1lja.<br \/>\nTulajdons\u00e1gok:<br \/>\n&#8211; Jobb sk\u00e1l\u00e1zhat\u00f3s\u00e1g a DHCP-kiszolg\u00e1l\u00f3 vagy a DNS-kiszolg\u00e1l\u00f3 haszn\u00e1lat\u00e1val, amely kiterjeszti a PTP haszn\u00e1lat\u00e1t t\u00f6bb alh\u00e1l\u00f3zatra<br \/>\n&#8211; Legfeljebb 450 csom\u00f3pontot t\u00e1mogat egyetlen alh\u00e1l\u00f3zaton \u00e9s ak\u00e1r 40 alh\u00e1l\u00f3zaton is lehet, \u00f6sszesen 10 000 eszk\u00f6zzel<br \/>\n&#8211; T\u00e1mogatja a redundanci\u00e1t<\/p>\n","protected":false},"excerpt":{"rendered":"<p>Rendel\u00e9si k\u00f3d: F.01U.311.136<\/p>\n","protected":false},"featured_media":2359,"template":"","meta":[],"product_brand":[],"product_cat":[361],"product_tag":[25],"class_list":{"0":"post-2358","1":"product","2":"type-product","3":"status-publish","4":"has-post-thumbnail","6":"product_cat-kiegeszitok-rendszerek","7":"product_tag-bosch","9":"first","10":"instock","11":"taxable","12":"shipping-taxable","13":"purchasable","14":"product-type-simple"},"jetpack_sharing_enabled":true,"_links":{"self":[{"href":"https:\/\/bpont.hu\/shop\/index.php\/wp-json\/wp\/v2\/product\/2358","targetHints":{"allow":["GET"]}}],"collection":[{"href":"https:\/\/bpont.hu\/shop\/index.php\/wp-json\/wp\/v2\/product"}],"about":[{"href":"https:\/\/bpont.hu\/shop\/index.php\/wp-json\/wp\/v2\/types\/product"}],"version-history":[{"count":5,"href":"https:\/\/bpont.hu\/shop\/index.php\/wp-json\/wp\/v2\/product\/2358\/revisions"}],"predecessor-version":[{"id":8056,"href":"https:\/\/bpont.hu\/shop\/index.php\/wp-json\/wp\/v2\/product\/2358\/revisions\/8056"}],"wp:featuredmedia":[{"embeddable":true,"href":"https:\/\/bpont.hu\/shop\/index.php\/wp-json\/wp\/v2\/media\/2359"}],"wp:attachment":[{"href":"https:\/\/bpont.hu\/shop\/index.php\/wp-json\/wp\/v2\/media?parent=2358"}],"wp:term":[{"taxonomy":"product_brand","embeddable":true,"href":"https:\/\/bpont.hu\/shop\/index.php\/wp-json\/wp\/v2\/product_brand?post=2358"},{"taxonomy":"product_cat","embeddable":true,"href":"https:\/\/bpont.hu\/shop\/index.php\/wp-json\/wp\/v2\/product_cat?post=2358"},{"taxonomy":"product_tag","embeddable":true,"href":"https:\/\/bpont.hu\/shop\/index.php\/wp-json\/wp\/v2\/product_tag?post=2358"}],"curies":[{"name":"wp","href":"https:\/\/api.w.org\/{rel}","templated":true}]}}