{"id":2355,"date":"2025-06-27T11:15:27","date_gmt":"2025-06-27T10:15:27","guid":{"rendered":"https:\/\/bpont.shop.hu\/?post_type=product&#038;p=2355"},"modified":"2026-03-11T16:39:55","modified_gmt":"2026-03-11T14:39:55","slug":"om-1-interfesz-modul-omneo-halozathoz-en54-16","status":"publish","type":"product","link":"https:\/\/bpont.hu\/shop\/index.php\/product\/om-1-interfesz-modul-omneo-halozathoz-en54-16\/","title":{"rendered":"OM-1<br>Interf\u00e9sz modul OMNEO h\u00e1l\u00f3zathoz EN54-16"},"content":{"rendered":"<p>OM-1<br \/>\nAz OM-1 egy kompakt interf\u00e9sz modul, amely az OMNEO h\u00e1l\u00f3zathoz val\u00f3 csatlakoz\u00e1sra k\u00e9sz\u00fcl. Az OM-1 k\u00e9pes arra, hogy k\u00fcldj\u00f6n \u00e9s fogadjon Dante hangot m\u00e1s PAVIRO vez\u00e9rl\u0151kh\u00f6z OM-1 interf\u00e9sz modullal. Legfeljebb 16 digit\u00e1lis audi\u00f3 bemeneti jel \u00e9s 16 digit\u00e1lis audio kimeneti csatorna tov\u00e1bb\u00edt\u00e1sa alacsony k\u00e9sleltet\u00e9ssel lehets\u00e9ges az OM-1 seg\u00edts\u00e9g\u00e9vel.<\/p>\n","protected":false},"excerpt":{"rendered":"<p>Rendel\u00e9si k\u00f3d: F.01U.308.176<\/p>\n","protected":false},"featured_media":2356,"template":"","meta":[],"product_brand":[],"product_cat":[361],"product_tag":[25],"class_list":{"0":"post-2355","1":"product","2":"type-product","3":"status-publish","4":"has-post-thumbnail","6":"product_cat-kiegeszitok-rendszerek","7":"product_tag-bosch","9":"first","10":"instock","11":"taxable","12":"shipping-taxable","13":"purchasable","14":"product-type-simple"},"jetpack_sharing_enabled":true,"_links":{"self":[{"href":"https:\/\/bpont.hu\/shop\/index.php\/wp-json\/wp\/v2\/product\/2355","targetHints":{"allow":["GET"]}}],"collection":[{"href":"https:\/\/bpont.hu\/shop\/index.php\/wp-json\/wp\/v2\/product"}],"about":[{"href":"https:\/\/bpont.hu\/shop\/index.php\/wp-json\/wp\/v2\/types\/product"}],"version-history":[{"count":5,"href":"https:\/\/bpont.hu\/shop\/index.php\/wp-json\/wp\/v2\/product\/2355\/revisions"}],"predecessor-version":[{"id":8055,"href":"https:\/\/bpont.hu\/shop\/index.php\/wp-json\/wp\/v2\/product\/2355\/revisions\/8055"}],"wp:featuredmedia":[{"embeddable":true,"href":"https:\/\/bpont.hu\/shop\/index.php\/wp-json\/wp\/v2\/media\/2356"}],"wp:attachment":[{"href":"https:\/\/bpont.hu\/shop\/index.php\/wp-json\/wp\/v2\/media?parent=2355"}],"wp:term":[{"taxonomy":"product_brand","embeddable":true,"href":"https:\/\/bpont.hu\/shop\/index.php\/wp-json\/wp\/v2\/product_brand?post=2355"},{"taxonomy":"product_cat","embeddable":true,"href":"https:\/\/bpont.hu\/shop\/index.php\/wp-json\/wp\/v2\/product_cat?post=2355"},{"taxonomy":"product_tag","embeddable":true,"href":"https:\/\/bpont.hu\/shop\/index.php\/wp-json\/wp\/v2\/product_tag?post=2355"}],"curies":[{"name":"wp","href":"https:\/\/api.w.org\/{rel}","templated":true}]}}