{"id":2328,"date":"2025-06-27T11:15:24","date_gmt":"2025-06-27T10:15:24","guid":{"rendered":"https:\/\/bpont.shop.hu\/?post_type=product&#038;p=2328"},"modified":"2026-05-05T14:46:19","modified_gmt":"2026-05-05T12:46:19","slug":"ls1-uc20e-1-fuggesztett-gombhangszoro-20w-veszhangositas","status":"publish","type":"product","link":"https:\/\/bpont.hu\/shop\/index.php\/product\/ls1-uc20e-1-fuggesztett-gombhangszoro-20w-veszhangositas\/","title":{"rendered":"LS1-UC20E-1<br>F\u00fcggesztett g\u00f6mbhangsz\u00f3r\u00f3 20W v\u00e9szhangos\u00edt\u00e1s"},"content":{"rendered":"<p>LS1-UC20E-1<br \/>\nA g\u00f6mbhangsz\u00f3r\u00f3k f\u00fcggesztett hangprojektorok, melyeket \u00fagy terveztek, hogy csatlakoz\u00f3k\u00e1beleikn\u00e9l fogva legyenek a mennyezetre f\u00fcggesztve. Kiv\u00e1l\u00f3hangter\u00edt\u00e9s\u00fcknek k\u00f6sz\u00f6nhet\u0151en ide\u00e1lis megold\u00e1st jelentenek nagy belmagass\u00e1g\u00fa \u00e9p\u00fcletekben, p\u00e9ld\u00e1ul hipermarketekben \u00e9s \u00e1ruh\u00e1zakban.<br \/>\nAz LS1-UC20E-1 egy nagy teljes\u00edtm\u00e9ny\u0171, 20 W-os f\u00fcggesztett g\u00f6mbhangsz\u00f3r\u00f3, amely tervez\u00e9s\u00e9n\u00e9l fogvakiv\u00e1l\u00f3 min\u0151s\u00e9gben adja vissza a besz\u00e9det \u00e9s a zen\u00e9t. A cs\u00facsmin\u0151s\u00e9g\u0171 kialak\u00edt\u00e1s modern \u00e9s hagyom\u00e1nyosk\u00f6rnyezetekben egyar\u00e1nt j\u00f3l haszn\u00e1lhat\u00f3. A hangsz\u00f3r\u00f3alkalmas hangos evaku\u00e1l\u00e1si rendszerekben val\u00f3haszn\u00e1latra.<br \/>\nA v\u00e9szhangos\u00edt\u00e1si hangsz\u00f3r\u00f3kat kifejezetten olyan \u00e9p\u00fcletekben val\u00f3 haszn\u00e1latra tervezt\u00e9k, ahol a sz\u00f3belikommunik\u00e1ci\u00f3s k\u00f6zlem\u00e9nyeket bemond\u00f3 rendszerek teljes\u00edtm\u00e9ny\u00e9re szab\u00e1lyoz\u00e1sok vonatkoznak. Az LS1-UC20E-1 hangsz\u00f3r\u00f3t v\u00e9szhangos\u00edt\u00e1si rendszerekben t\u00f6rt\u00e9n\u0151 haszn\u00e1latra tervezt\u00e9k, EN 54-24 tan\u00fas\u00edtv\u00e1nnyal rendelkezik, \u00e9s megfelel a BS 5839-8 \u00e9s az EN 60849szabv\u00e1nynak.A hangsz\u00f3r\u00f3 be\u00e9p\u00edtett v\u00e9delemmel rendelkezik, amely biztos\u00edtja, hogy t\u0171z eset\u00e9n a hangsz\u00f3r\u00f3 rong\u00e1l\u00f3d\u00e1sa nem k\u00e1ros\u00edtja azt az \u00e1ramk\u00f6rt, amelyhez csatlakozik. Ez\u00e1ltal megmarad a rendszer integrit\u00e1sa, ami biztos\u00edtja, hogy a m\u00e1s ter\u00fcleteken l\u00e9v\u0151 hangsz\u00f3r\u00f3k tov\u00e1bbra is haszn\u00e1lhat\u00f3k legyenek az emberek t\u00e1j\u00e9koztat\u00e1s\u00e1ra. A hangsz\u00f3r\u00f3 ker\u00e1mi\u00e1b\u00f3l k\u00e9sz\u00fcltcsatlakoz\u00f3blokkal \u00e9s h\u0151kiold\u00f3 biztos\u00edt\u00e9kkal van felszerelve.<br \/>\nTulajdons\u00e1gok:<br \/>\n&#8211; Kiv\u00e1l\u00f3 min\u0151s\u00e9g\u0171 besz\u00e9d- \u00e9s zenevisszaad\u00e1s<br \/>\n&#8211; 5 m csatlakoz\u00f3k\u00e1bel<br \/>\n&#8211; El\u0151k\u00e9sz\u00edt\u00e9s opcion\u00e1lis biztons\u00e1gi vezet\u00e9khez<br \/>\n&#8211; V\u00edz- \u00e9s porv\u00e9delem az IP 65 szerint<br \/>\n&#8211; EN 54-24 tan\u00fas\u00edtv\u00e1nnyal rendelkezik<\/p>\n","protected":false},"excerpt":{"rendered":"<p>Rendel\u00e9si k\u00f3d: F.01U.081.415<\/p>\n","protected":false},"featured_media":2329,"template":"","meta":[],"product_brand":[],"product_cat":[357],"product_tag":[25],"class_list":{"0":"post-2328","1":"product","2":"type-product","3":"status-publish","4":"has-post-thumbnail","6":"product_cat-mennyezeti-hangszoro","7":"product_tag-bosch","9":"first","10":"instock","11":"taxable","12":"shipping-taxable","13":"purchasable","14":"product-type-simple"},"jetpack_sharing_enabled":true,"_links":{"self":[{"href":"https:\/\/bpont.hu\/shop\/index.php\/wp-json\/wp\/v2\/product\/2328","targetHints":{"allow":["GET"]}}],"collection":[{"href":"https:\/\/bpont.hu\/shop\/index.php\/wp-json\/wp\/v2\/product"}],"about":[{"href":"https:\/\/bpont.hu\/shop\/index.php\/wp-json\/wp\/v2\/types\/product"}],"version-history":[{"count":5,"href":"https:\/\/bpont.hu\/shop\/index.php\/wp-json\/wp\/v2\/product\/2328\/revisions"}],"predecessor-version":[{"id":8045,"href":"https:\/\/bpont.hu\/shop\/index.php\/wp-json\/wp\/v2\/product\/2328\/revisions\/8045"}],"wp:featuredmedia":[{"embeddable":true,"href":"https:\/\/bpont.hu\/shop\/index.php\/wp-json\/wp\/v2\/media\/2329"}],"wp:attachment":[{"href":"https:\/\/bpont.hu\/shop\/index.php\/wp-json\/wp\/v2\/media?parent=2328"}],"wp:term":[{"taxonomy":"product_brand","embeddable":true,"href":"https:\/\/bpont.hu\/shop\/index.php\/wp-json\/wp\/v2\/product_brand?post=2328"},{"taxonomy":"product_cat","embeddable":true,"href":"https:\/\/bpont.hu\/shop\/index.php\/wp-json\/wp\/v2\/product_cat?post=2328"},{"taxonomy":"product_tag","embeddable":true,"href":"https:\/\/bpont.hu\/shop\/index.php\/wp-json\/wp\/v2\/product_tag?post=2328"}],"curies":[{"name":"wp","href":"https:\/\/api.w.org\/{rel}","templated":true}]}}