{"id":2325,"date":"2025-06-27T11:15:23","date_gmt":"2025-06-27T10:15:23","guid":{"rendered":"https:\/\/bpont.shop.hu\/?post_type=product&#038;p=2325"},"modified":"2026-05-05T14:46:19","modified_gmt":"2026-05-05T12:46:19","slug":"ls1-oc100e-1-felgomb-iranyitasu-hangszoro-100w-veszhangositas","status":"publish","type":"product","link":"https:\/\/bpont.hu\/shop\/index.php\/product\/ls1-oc100e-1-felgomb-iranyitasu-hangszoro-100w-veszhangositas\/","title":{"rendered":"LS1-OC100E-1<br>F\u00e9lg\u00f6mb ir\u00e1ny\u00edt\u00e1s\u00fa hangsz\u00f3r\u00f3 100W v\u00e9szhangos\u00edt\u00e1s"},"content":{"rendered":"<p>LS1-OC100E-1<br \/>\nA Bosch f\u00e9lg\u00f6mb-ir\u00e1ny\u00edt\u00e1s\u00fa hangsz\u00f3r\u00f3ja egy k\u00f6nnyen felszerelhet\u0151, innovat\u00edv hangsz\u00f3r\u00f3, amely \u00e1lland\u00f3 \u00e9s kiv\u00e1l\u00f3 min\u0151s\u00e9g\u0171 hangot sug\u00e1roz, egyed\u00fcl\u00e1ll\u00f3h\u00e1tt\u00e9rzene-visszaad\u00e1st \u00e9s kiv\u00e1l\u00f3 besz\u00e9d\u00e9rthet\u0151s\u00e9get biztos\u00edt t\u00e1j\u00e9koztat\u00f3 vagy v\u00e9szbemond\u00e1sokn\u00e1l. A hangsz\u00f3r\u00f3 ny\u00edl\u00e1ssz\u00f6ge \u00e9s magas hangnyom\u00e1s szintje legal\u00e1bb 700 m2 ter\u00fclet lefed\u00e9s\u00e9t teszi lehet\u0151v\u00e9, \u00edgy kiv\u00e1l\u00f3an alkalmas belt\u00e9ri, nagy belmagass\u00e1g\u00fater\u00fcletekre, p\u00e9ld\u00e1ul rakt\u00e1r\u00e9p\u00fcletekbe, p\u00e1lyaudvarokra, ki\u00e1ll\u00edt\u00f3termekbe, nagy\u00e1ruh\u00e1zakba \u00e9s uszod\u00e1kba.<br \/>\nAz LS1-OC100E-1 hangsz\u00f3r\u00f3t v\u00e9szhangos\u00edt\u00e1sirendszerekben haszn\u00e1lj\u00e1k, \u00e9s megfelel a v\u00e9szhelyzetekre vonatkoz\u00f3 szabv\u00e1nyoknak. A hangsz\u00f3r\u00f3 be\u00e9p\u00edtett v\u00e9delemmel van ell\u00e1tva, amely biztos\u00edtja, hogy a t\u0171z eset\u00e9n megs\u00e9r\u00fclt hangsz\u00f3r\u00f3 miatta csatlakoz\u00f3 \u00e1ramk\u00f6r nem k\u00e1rosodik. Ez biztos\u00edtja a rendszer integrit\u00e1s\u00e1t, \u00edgy a m\u00e1s ter\u00fcleteken l\u00e9v\u0151hangsz\u00f3r\u00f3k tov\u00e1bbra is haszn\u00e1lhat\u00f3k az emberek t\u0171zesetr\u0151l val\u00f3 t\u00e1j\u00e9koztat\u00e1s\u00e1ra. A hangsz\u00f3r\u00f3ker\u00e1mi\u00e1b\u00f3l k\u00e9sz\u00fclt csatlakoz\u00f3blokkokkal, h\u0151kiold\u00f3biztos\u00edt\u00e9kkal, valamint h\u0151\u00e1ll\u00f3, magas h\u0151m\u00e9rs\u00e9kletet is b\u00edr\u00f3 vezet\u00e9kekkel van felszerelve.<br \/>\nTulajdons\u00e1gok:<br \/>\n&#8211; Alkalmaz\u00e1sok nagy ter\u00fcletre, magas mennyezettel<br \/>\n&#8211; Opcion\u00e1lis szerel\u0151keret a r\u00f6gz\u00edt\u00e9shez<br \/>\n&#8211; Be\u00e9p\u00edtett t\u00falterhel\u00e9s elleni v\u00e9delem a magassug\u00e1rz\u00f3hoz<br \/>\n&#8211; El\u0151k\u00e9sz\u00edt\u00e9s az opcion\u00e1lis vonal-\/hangsz\u00f3r\u00f3-fel\u00fcgyeleti k\u00e1rtya bels\u0151 felszerel\u00e9s\u00e9hez<br \/>\n&#8211; EN 54-24 tan\u00fas\u00edtv\u00e1nnyal rendelkezik<\/p>\n","protected":false},"excerpt":{"rendered":"<p>Rendel\u00e9si k\u00f3d: F.01U.167.870<\/p>\n","protected":false},"featured_media":2326,"template":"","meta":[],"product_brand":[],"product_cat":[357],"product_tag":[25],"class_list":{"0":"post-2325","1":"product","2":"type-product","3":"status-publish","4":"has-post-thumbnail","6":"product_cat-mennyezeti-hangszoro","7":"product_tag-bosch","9":"first","10":"instock","11":"taxable","12":"shipping-taxable","13":"purchasable","14":"product-type-simple"},"jetpack_sharing_enabled":true,"_links":{"self":[{"href":"https:\/\/bpont.hu\/shop\/index.php\/wp-json\/wp\/v2\/product\/2325","targetHints":{"allow":["GET"]}}],"collection":[{"href":"https:\/\/bpont.hu\/shop\/index.php\/wp-json\/wp\/v2\/product"}],"about":[{"href":"https:\/\/bpont.hu\/shop\/index.php\/wp-json\/wp\/v2\/types\/product"}],"version-history":[{"count":5,"href":"https:\/\/bpont.hu\/shop\/index.php\/wp-json\/wp\/v2\/product\/2325\/revisions"}],"predecessor-version":[{"id":8044,"href":"https:\/\/bpont.hu\/shop\/index.php\/wp-json\/wp\/v2\/product\/2325\/revisions\/8044"}],"wp:featuredmedia":[{"embeddable":true,"href":"https:\/\/bpont.hu\/shop\/index.php\/wp-json\/wp\/v2\/media\/2326"}],"wp:attachment":[{"href":"https:\/\/bpont.hu\/shop\/index.php\/wp-json\/wp\/v2\/media?parent=2325"}],"wp:term":[{"taxonomy":"product_brand","embeddable":true,"href":"https:\/\/bpont.hu\/shop\/index.php\/wp-json\/wp\/v2\/product_brand?post=2325"},{"taxonomy":"product_cat","embeddable":true,"href":"https:\/\/bpont.hu\/shop\/index.php\/wp-json\/wp\/v2\/product_cat?post=2325"},{"taxonomy":"product_tag","embeddable":true,"href":"https:\/\/bpont.hu\/shop\/index.php\/wp-json\/wp\/v2\/product_tag?post=2325"}],"curies":[{"name":"wp","href":"https:\/\/api.w.org\/{rel}","templated":true}]}}