{"id":2317,"date":"2025-06-27T11:15:20","date_gmt":"2025-06-27T10:15:20","guid":{"rendered":"https:\/\/bpont.shop.hu\/?post_type=product&#038;p=2317"},"modified":"2026-05-05T14:46:18","modified_gmt":"2026-05-05T12:46:18","slug":"lp1-uc10e-1-hangprojektor-10w-egy-irannyal-veszhangositas","status":"publish","type":"product","link":"https:\/\/bpont.hu\/shop\/index.php\/product\/lp1-uc10e-1-hangprojektor-10w-egy-irannyal-veszhangositas\/","title":{"rendered":"LP1-UC10E-1<br>Hangprojektor 10W Egy ir\u00e1nnyal v\u00e9szhangos\u00edt\u00e1s"},"content":{"rendered":"<p>LP1-UC10E-1<br \/>\nAz LP1-BC10E-1 egy nagy teljes\u00edtm\u00e9ny\u0171, 10 W-os, k\u00e9t ir\u00e1ny\u00fa hangprojektor, amely tervez\u00e9s\u00e9n\u00e9l fogvakiv\u00e1l\u00f3 min\u0151s\u00e9gben adja vissza a besz\u00e9det \u00e9s a zen\u00e9tbelt\u00e9ri \u00e9s k\u00fclt\u00e9ri alkalmaz\u00e1sokban egyar\u00e1nt. A k\u00e9tellenkez\u0151 ir\u00e1nyba n\u00e9z\u0151 hangsz\u00f3r\u00f3 t\u00f6k\u00e9letesen alkalmasalagutakban, hossz\u00fa folyos\u00f3kon \u00e9s bev\u00e1s\u00e1rl\u00f3k\u00f6zpontok\u00e1rk\u00e1djain l\u00e9v\u0151 alkalmaz\u00e1sokhoz. A cs\u00facsmin\u0151s\u00e9g\u0171kialak\u00edt\u00e1s modern \u00e9s hagyom\u00e1nyos k\u00f6rnyezetekben egyar\u00e1nt j\u00f3l haszn\u00e1lhat\u00f3. A hangprojektor v\u00e9szhangos\u00edt\u00e1si rendszerekben val\u00f3 haszn\u00e1latra is alkalmas.<br \/>\nA kiv\u00e1l\u00f3 min\u0151s\u00e9g\u0171 meghajt\u00f3k \u00e9s a korszer\u0171 sz\u0171r\u00e9segy\u00fcttes alkalmaz\u00e1sa nagyon term\u00e9szeteshangvisszaad\u00e1st eredm\u00e9nyez.<br \/>\nA v\u00e9szhangos\u00edt\u00e1si hangsz\u00f3r\u00f3kat kifejezetten olyan \u00e9p\u00fcletekben val\u00f3 haszn\u00e1latra tervezt\u00e9k, ahol a sz\u00f3belikommunik\u00e1ci\u00f3s k\u00f6zlem\u00e9nyeket bemond\u00f3 rendszerek teljes\u00edtm\u00e9ny\u00e9re szab\u00e1lyoz\u00e1sok vonatkoznak. Az LP1-UC10E-1 hangprojektort v\u00e9szhangos\u00edt\u00e1sirendszerekben t\u00f6rt\u00e9n\u0151 haszn\u00e1latra tervezt\u00e9k. A hangprojektort el\u0151re ell\u00e1tt\u00e1k vezet\u00e9kekkel k\u00edv\u00fclre szerelt opcion\u00e1lis vonal-\/hangsz\u00f3r\u00f3-fel\u00fcgyeletik\u00e1rty\u00e1val val\u00f3 haszn\u00e1lathoz. A hangsz\u00f3r\u00f3 be\u00e9p\u00edtettv\u00e9delemmel rendelkezik, amely biztos\u00edtja, hogy t\u0171zeset\u00e9n a hangsz\u00f3r\u00f3 rong\u00e1l\u00f3d\u00e1sa nem k\u00e1ros\u00edtja azt az\u00e1ramk\u00f6rt, amelyhez csatlakozik. Ez\u00e1ltal megmarad a rendszer integrit\u00e1sa, ami biztos\u00edtja, hogy a m\u00e1ster\u00fcleteken l\u00e9v\u0151 hangsz\u00f3r\u00f3k tov\u00e1bbra is haszn\u00e1lhat\u00f3k legyenek az emberek t\u00e1j\u00e9koztat\u00e1s\u00e1ra. A hangsz\u00f3r\u00f3ker\u00e1mi\u00e1b\u00f3l k\u00e9sz\u00fclt csatlakoz\u00f3blokkal, h\u0151kiold\u00f3biztos\u00edt\u00e9kkal, valamint h\u0151\u00e1ll\u00f3, magas h\u0151m\u00e9rs\u00e9kletet is b\u00edr\u00f3 vezet\u00e9kekkel van felszerelve. A hangprojektor fokozottan \u00fct\u00e9s\u00e1ll\u00f3, \u00f6nelolt\u00f3 ABS anyagb\u00f3l k\u00e9sz\u00fclt az UL 94 V 0 oszt\u00e1ly szerint, feh\u00e9rkivitelben.<br \/>\nTulajdons\u00e1gok:<br \/>\n&#8211; Kiv\u00e1l\u00f3 min\u0151s\u00e9g\u0171 besz\u00e9d- \u00e9s zenevisszaad\u00e1s<br \/>\n&#8211; Be\u00e9p\u00edtett csatlakoz\u00f3k\u00e1bel<br \/>\n&#8211; Mennyezetre vagy falra szerelhet\u0151<br \/>\n&#8211; V\u00edz- \u00e9s porv\u00e9delem az IP 65 szerint<br \/>\n&#8211; EN 54-24 tan\u00fas\u00edtv\u00e1nnyal rendelkezik<\/p>\n","protected":false},"excerpt":{"rendered":"<p>Rendel\u00e9si k\u00f3d: F.01U.081.413<\/p>\n","protected":false},"featured_media":2318,"template":"","meta":[],"product_brand":[],"product_cat":[354],"product_tag":[25],"class_list":{"0":"post-2317","1":"product","2":"type-product","3":"status-publish","4":"has-post-thumbnail","6":"product_cat-hangprojektor","7":"product_tag-bosch","9":"first","10":"instock","11":"taxable","12":"shipping-taxable","13":"purchasable","14":"product-type-simple"},"jetpack_sharing_enabled":true,"_links":{"self":[{"href":"https:\/\/bpont.hu\/shop\/index.php\/wp-json\/wp\/v2\/product\/2317","targetHints":{"allow":["GET"]}}],"collection":[{"href":"https:\/\/bpont.hu\/shop\/index.php\/wp-json\/wp\/v2\/product"}],"about":[{"href":"https:\/\/bpont.hu\/shop\/index.php\/wp-json\/wp\/v2\/types\/product"}],"version-history":[{"count":5,"href":"https:\/\/bpont.hu\/shop\/index.php\/wp-json\/wp\/v2\/product\/2317\/revisions"}],"predecessor-version":[{"id":8041,"href":"https:\/\/bpont.hu\/shop\/index.php\/wp-json\/wp\/v2\/product\/2317\/revisions\/8041"}],"wp:featuredmedia":[{"embeddable":true,"href":"https:\/\/bpont.hu\/shop\/index.php\/wp-json\/wp\/v2\/media\/2318"}],"wp:attachment":[{"href":"https:\/\/bpont.hu\/shop\/index.php\/wp-json\/wp\/v2\/media?parent=2317"}],"wp:term":[{"taxonomy":"product_brand","embeddable":true,"href":"https:\/\/bpont.hu\/shop\/index.php\/wp-json\/wp\/v2\/product_brand?post=2317"},{"taxonomy":"product_cat","embeddable":true,"href":"https:\/\/bpont.hu\/shop\/index.php\/wp-json\/wp\/v2\/product_cat?post=2317"},{"taxonomy":"product_tag","embeddable":true,"href":"https:\/\/bpont.hu\/shop\/index.php\/wp-json\/wp\/v2\/product_tag?post=2317"}],"curies":[{"name":"wp","href":"https:\/\/api.w.org\/{rel}","templated":true}]}}