{"id":2302,"date":"2025-06-27T11:15:19","date_gmt":"2025-06-27T10:15:19","guid":{"rendered":"https:\/\/bpont.shop.hu\/?post_type=product&#038;p=2302"},"modified":"2026-05-05T14:46:18","modified_gmt":"2026-05-05T12:46:18","slug":"lbc3091-01-felulet-szereleshez-hatso-burkolat-3091-01-hez-feher","status":"publish","type":"product","link":"https:\/\/bpont.hu\/shop\/index.php\/product\/lbc3091-01-felulet-szereleshez-hatso-burkolat-3091-01-hez-feher\/","title":{"rendered":"LBC3091\/01<br>Fel\u00fclet szerel\u00e9shez h\u00e1ts\u00f3 burkolat 3091\/01-hez Feh\u00e9r"},"content":{"rendered":"<p>LBC3091\/01<\/p>\n","protected":false},"excerpt":{"rendered":"<p>Rendel\u00e9si k\u00f3d: F.01U.505.992<\/p>\n","protected":false},"featured_media":2303,"template":"","meta":[],"product_brand":[],"product_cat":[362],"product_tag":[25],"class_list":{"0":"post-2302","1":"product","2":"type-product","3":"status-publish","4":"has-post-thumbnail","6":"product_cat-tartozekok-hangszorok","7":"product_tag-bosch","9":"first","10":"instock","11":"taxable","12":"shipping-taxable","13":"purchasable","14":"product-type-simple"},"jetpack_sharing_enabled":true,"_links":{"self":[{"href":"https:\/\/bpont.hu\/shop\/index.php\/wp-json\/wp\/v2\/product\/2302","targetHints":{"allow":["GET"]}}],"collection":[{"href":"https:\/\/bpont.hu\/shop\/index.php\/wp-json\/wp\/v2\/product"}],"about":[{"href":"https:\/\/bpont.hu\/shop\/index.php\/wp-json\/wp\/v2\/types\/product"}],"version-history":[{"count":5,"href":"https:\/\/bpont.hu\/shop\/index.php\/wp-json\/wp\/v2\/product\/2302\/revisions"}],"predecessor-version":[{"id":8036,"href":"https:\/\/bpont.hu\/shop\/index.php\/wp-json\/wp\/v2\/product\/2302\/revisions\/8036"}],"wp:featuredmedia":[{"embeddable":true,"href":"https:\/\/bpont.hu\/shop\/index.php\/wp-json\/wp\/v2\/media\/2303"}],"wp:attachment":[{"href":"https:\/\/bpont.hu\/shop\/index.php\/wp-json\/wp\/v2\/media?parent=2302"}],"wp:term":[{"taxonomy":"product_brand","embeddable":true,"href":"https:\/\/bpont.hu\/shop\/index.php\/wp-json\/wp\/v2\/product_brand?post=2302"},{"taxonomy":"product_cat","embeddable":true,"href":"https:\/\/bpont.hu\/shop\/index.php\/wp-json\/wp\/v2\/product_cat?post=2302"},{"taxonomy":"product_tag","embeddable":true,"href":"https:\/\/bpont.hu\/shop\/index.php\/wp-json\/wp\/v2\/product_tag?post=2302"}],"curies":[{"name":"wp","href":"https:\/\/api.w.org\/{rel}","templated":true}]}}