{"id":2297,"date":"2025-06-27T11:15:19","date_gmt":"2025-06-27T10:15:19","guid":{"rendered":"https:\/\/bpont.shop.hu\/?post_type=product&#038;p=2297"},"modified":"2026-05-05T14:46:18","modified_gmt":"2026-05-05T12:46:18","slug":"lbc3081-02-piros-fem-tuzallo-burkolatlbc3086-41-hez","status":"publish","type":"product","link":"https:\/\/bpont.hu\/shop\/index.php\/product\/lbc3081-02-piros-fem-tuzallo-burkolatlbc3086-41-hez\/","title":{"rendered":"LBC3081\/02<br>Piros F\u00e9m t\u0171z\u00e1ll\u00f3 burkolatLBC3086\/41-hez"},"content":{"rendered":"<p>LBC3081\/02<br \/>\nT\u0171z eset\u00e9n a mennyezeti \u00fcregen kereszt\u00fcl, amelybe a hangsz\u00f3r\u00f3k szerelve vannak, a l\u00e1ngok elterjedhetnek azeg\u00e9sz \u00e9p\u00fcletben. Hogy a t\u0171z ne jusson be az \u00fcregbe a hangsz\u00f3r\u00f3n kereszt\u00fcl, a mennyezeti hangsz\u00f3r\u00f3t fellehet szerelni egy ac\u00e9l t\u0171zbur\u00e1val (LBC 3081\/02). Ezt az opcion\u00e1lis t\u0171zbur\u00e1t a hangsz\u00f3r\u00f3 behelyez\u00e9se el\u0151tt h\u00e1rom laprug\u00f3val be kell pattintani a r\u00f6gz\u00edt\u0151gy\u0171r\u0171be. A m\u00e9g nagyobb k\u00e9nyelem \u00e9rdek\u00e9ben van egy biztons\u00e1givezet\u00e9k a t\u0171zbur\u00e1ban, amely lehet\u0151v\u00e9 teszi, hogy atelep\u00edt\u0151 ideiglenesen felakassza a hangsz\u00f3r\u00f3egys\u00e9get telep\u00edt\u00e9s k\u00f6zben. Ez a vezet\u00e9k biztons\u00e1got ny\u00fajt a telep\u00edt\u00e9s ut\u00e1n is. A t\u0171zbur\u00e1n ki\u00fcthet\u0151 ny\u00edl\u00e1sok vannak kialak\u00edtva k\u00e9t gumidug\u00f3 (a csomag r\u00e9sze) \u00e9s k\u00e9t k\u00e1bel-t\u00f6mbszelence (PG 13) sz\u00e1m\u00e1ra.<br \/>\nEz a t\u0171z\u00e1ll\u00f3 b\u00fara csak az LBC 3086\/41 mennyezetihangsz\u00f3r\u00f3val haszn\u00e1lhat\u00f3.<\/p>\n","protected":false},"excerpt":{"rendered":"<p>Rendel\u00e9si k\u00f3d: F.01U.505.979<\/p>\n","protected":false},"featured_media":2298,"template":"","meta":[],"product_brand":[],"product_cat":[362],"product_tag":[25],"class_list":{"0":"post-2297","1":"product","2":"type-product","3":"status-publish","4":"has-post-thumbnail","6":"product_cat-tartozekok-hangszorok","7":"product_tag-bosch","9":"first","10":"instock","11":"taxable","12":"shipping-taxable","13":"purchasable","14":"product-type-simple"},"jetpack_sharing_enabled":true,"_links":{"self":[{"href":"https:\/\/bpont.hu\/shop\/index.php\/wp-json\/wp\/v2\/product\/2297","targetHints":{"allow":["GET"]}}],"collection":[{"href":"https:\/\/bpont.hu\/shop\/index.php\/wp-json\/wp\/v2\/product"}],"about":[{"href":"https:\/\/bpont.hu\/shop\/index.php\/wp-json\/wp\/v2\/types\/product"}],"version-history":[{"count":5,"href":"https:\/\/bpont.hu\/shop\/index.php\/wp-json\/wp\/v2\/product\/2297\/revisions"}],"predecessor-version":[{"id":8034,"href":"https:\/\/bpont.hu\/shop\/index.php\/wp-json\/wp\/v2\/product\/2297\/revisions\/8034"}],"wp:featuredmedia":[{"embeddable":true,"href":"https:\/\/bpont.hu\/shop\/index.php\/wp-json\/wp\/v2\/media\/2298"}],"wp:attachment":[{"href":"https:\/\/bpont.hu\/shop\/index.php\/wp-json\/wp\/v2\/media?parent=2297"}],"wp:term":[{"taxonomy":"product_brand","embeddable":true,"href":"https:\/\/bpont.hu\/shop\/index.php\/wp-json\/wp\/v2\/product_brand?post=2297"},{"taxonomy":"product_cat","embeddable":true,"href":"https:\/\/bpont.hu\/shop\/index.php\/wp-json\/wp\/v2\/product_cat?post=2297"},{"taxonomy":"product_tag","embeddable":true,"href":"https:\/\/bpont.hu\/shop\/index.php\/wp-json\/wp\/v2\/product_tag?post=2297"}],"curies":[{"name":"wp","href":"https:\/\/api.w.org\/{rel}","templated":true}]}}