{"id":2294,"date":"2025-06-27T11:15:16","date_gmt":"2025-06-27T10:15:16","guid":{"rendered":"https:\/\/bpont.shop.hu\/?post_type=product&#038;p=2294"},"modified":"2026-05-05T14:46:18","modified_gmt":"2026-05-05T12:46:18","slug":"lbc3080-11-feher-fem-tuzallo-burkolat-mennyezeti-hangszorokhoz","status":"publish","type":"product","link":"https:\/\/bpont.hu\/shop\/index.php\/product\/lbc3080-11-feher-fem-tuzallo-burkolat-mennyezeti-hangszorokhoz\/","title":{"rendered":"LBC3080\/11<br>Feh\u00e9r F\u00e9m t\u0171z\u00e1ll\u00f3 burkolat mennyezeti hangsz\u00f3r\u00f3khoz"},"content":{"rendered":"<p>LBC3080\/11<\/p>\n<p>T\u0171z eset\u00e9n a mennyezeti \u00fcregek lehet\u0151v\u00e9 teszk a t\u0171z vagy a f\u00fcst terjed\u00e9s\u00e9t az eg\u00e9sz \u00e9p\u00fcletben. Ahhoz, hogy a mennyezeti hangsz\u00f3r\u00f3n kereszt\u00fcl megakad\u00e1lyozza az \u00fcregbe val\u00f3 be\u00e1raml\u00e1s\u00e1t, az LBC 3080 \/ x1 ac\u00e9l t\u0171zg\u00e1tl\u00f3 kupol\u00e1val megakad\u00e1lyozhat\u00f3 a t\u0171z tov\u00e1bbterjed\u00e9se. N\u00e9gy \u00f6nmetsz\u0151 csavarral van ell\u00e1tva. A t\u0171z-kupola kett\u0151s furattal rendelkezik (k\u00e9t tartoz\u00e9k) \u00e9s k\u00e9t t\u00f6mszelenc\u00e9vel (PG 13). Az LBC 3080 \/ x1 t\u0171z-kupola k\u00e9t sz\u00ednben kaphat\u00f3: az LBC 3080\/01 l\u00e1ngv\u00f6r\u00f6s (RAL 3000) \u00e9s az LBC A 3080\/11 feh\u00e9r (RAL 9010).<\/p>\n<p>Ez a t\u0171z-kupola csak a k\u00f6vetkez\u0151 hangsz\u00f3r\u00f3kkal haszn\u00e1lhat\u00f3:<\/p>\n<p>&#8211; LBC 3087\/41<\/p>\n<p>&#8211; LBC 3090\/01<\/p>\n<p>&#8211; LBC 3090\/31<\/p>\n<p>&#8211; LHM 0606\/00<\/p>\n<p>&#8211; LHM 0606\/10<\/p>\n<p>&#8211; LHM 0626 \/ 00.<\/p>\n","protected":false},"excerpt":{"rendered":"<p>Rendel\u00e9si k\u00f3d: F.01U.165.177<\/p>\n","protected":false},"featured_media":2295,"template":"","meta":[],"product_brand":[],"product_cat":[362],"product_tag":[25],"class_list":{"0":"post-2294","1":"product","2":"type-product","3":"status-publish","4":"has-post-thumbnail","6":"product_cat-tartozekok-hangszorok","7":"product_tag-bosch","9":"first","10":"instock","11":"taxable","12":"shipping-taxable","13":"purchasable","14":"product-type-simple"},"jetpack_sharing_enabled":true,"_links":{"self":[{"href":"https:\/\/bpont.hu\/shop\/index.php\/wp-json\/wp\/v2\/product\/2294","targetHints":{"allow":["GET"]}}],"collection":[{"href":"https:\/\/bpont.hu\/shop\/index.php\/wp-json\/wp\/v2\/product"}],"about":[{"href":"https:\/\/bpont.hu\/shop\/index.php\/wp-json\/wp\/v2\/types\/product"}],"version-history":[{"count":5,"href":"https:\/\/bpont.hu\/shop\/index.php\/wp-json\/wp\/v2\/product\/2294\/revisions"}],"predecessor-version":[{"id":8033,"href":"https:\/\/bpont.hu\/shop\/index.php\/wp-json\/wp\/v2\/product\/2294\/revisions\/8033"}],"wp:featuredmedia":[{"embeddable":true,"href":"https:\/\/bpont.hu\/shop\/index.php\/wp-json\/wp\/v2\/media\/2295"}],"wp:attachment":[{"href":"https:\/\/bpont.hu\/shop\/index.php\/wp-json\/wp\/v2\/media?parent=2294"}],"wp:term":[{"taxonomy":"product_brand","embeddable":true,"href":"https:\/\/bpont.hu\/shop\/index.php\/wp-json\/wp\/v2\/product_brand?post=2294"},{"taxonomy":"product_cat","embeddable":true,"href":"https:\/\/bpont.hu\/shop\/index.php\/wp-json\/wp\/v2\/product_cat?post=2294"},{"taxonomy":"product_tag","embeddable":true,"href":"https:\/\/bpont.hu\/shop\/index.php\/wp-json\/wp\/v2\/product_tag?post=2294"}],"curies":[{"name":"wp","href":"https:\/\/api.w.org\/{rel}","templated":true}]}}