{"id":2276,"date":"2025-06-27T11:15:14","date_gmt":"2025-06-27T10:15:14","guid":{"rendered":"https:\/\/bpont.shop.hu\/?post_type=product&#038;p=2276"},"modified":"2026-05-05T14:46:18","modified_gmt":"2026-05-05T12:46:18","slug":"lbc3011-41-panel-hangszoro-ketutas-6w","status":"publish","type":"product","link":"https:\/\/bpont.hu\/shop\/index.php\/product\/lbc3011-41-panel-hangszoro-ketutas-6w\/","title":{"rendered":"LBC3011\/41<br>Panel hangsz\u00f3r\u00f3 k\u00e9tutas 6W"},"content":{"rendered":"<p>LBC3011\/41<br \/>\nA Bosch panel hangsz\u00f3r\u00f3i \u00e9s megfelel\u0151 r\u00f6gz\u00edt\u0151dobozai ide\u00e1lisak \u00fczletek, \u00e1ruh\u00e1zak, iskol\u00e1k, irod\u00e1k, sz\u00e1llod\u00e1k \u00e9s \u00e9ttermek be\u00e9p\u00edtett hangos alkalmaz\u00e1saihoz.  Gy\u00e1rt\u00e1sukat \u00e9s kidolgoz\u00e1sukat tekintve megfelelnek a Bosch valamennyi hangos\u00edt\u00e1si rendszer\u00e9vel \u00e9s alkatr\u00e9sz\u00e9vel szemben t\u00e1masztott magas szint\u0171k\u00f6vetelm\u00e9nyeknek, amelyek kiv\u00e1l\u00f3 min\u0151s\u00e9get \u00e9s a teljes term\u00e9kv\u00e1laszt\u00e9kot \u00e1tfog\u00f3 kompatibilit\u00e1st biztos\u00edtanak.<br \/>\nA 6 W-os panel fel van szerelve egy m\u00e9lysug\u00e1rz\u00f3val \u00e9s egy magassug\u00e1rz\u00f3val, amelyek kiv\u00e1l\u00f3 min\u0151s\u00e9g\u0171besz\u00e9d- \u00e9s zenevisszaad\u00e1st tesznek lehet\u0151v\u00e9. Be\u00e9p\u00edtetthanger\u0151-szab\u00e1lyoz\u00f3val (LBC 3011\/51, ill. LBC 3011\/41) \u00e9s an\u00e9lk\u00fcl is kaphat\u00f3k. A n\u00e9vlegeskimen\u0151 teljes\u00edtm\u00e9ny teljes, f\u00e9l, negyed vagy nyolcad teljes\u00edtm\u00e9ny\u0171 sug\u00e1rz\u00e1sra \u00e1ll\u00edthat\u00f3 (3 dB-es l\u00e9p\u00e9sekben), ehhez a 100 V-os vonalat egy 2-p\u00f3lus\u00facsavaros csatlakoz\u00f3val a megfelel\u0151 primerkivezet\u00e9sekhez kell csatlakoztatni a megfelel\u0151 transzform\u00e1toron. A feh\u00e9r (RAL 9010) panelek \u00f6nelolt\u00f3, fokozottan\u00fct\u00e9s\u00e1ll\u00f3 ABS anyagb\u00f3l fr\u00f6ccs\u00f6nt\u00f6ttek (az UL 94V0szerint). Tetszet\u0151s \u00e1tlyukasztott f\u00e9mr\u00e1ccsal vannak elk\u00e9sz\u00edtve. A panel hangsz\u00f3r\u00f3k \u00fcreges falak, mennyezetek, b\u00fatorok vagy egyedi gy\u00e1rt\u00e1s\u00fa szekr\u00e9nyek t\u00e9glalap alak\u00fakiv\u00e1g\u00e1saiba s\u00fcllyesztetten vannak szerelve. A panelek h\u00e1tlapja el\u0151 van k\u00e9sz\u00edtve opcion\u00e1lis vonal-\/hangsz\u00f3r\u00f3-ellen\u0151rz\u0151 k\u00e1rtya felszerel\u00e9s\u00e9hez. A hangsz\u00f3r\u00f3 be\u00e9p\u00edtett v\u00e9delemmel rendelkezik, amely biztos\u00edtja, hogy t\u0171z eset\u00e9n a hangsz\u00f3r\u00f3 rong\u00e1l\u00f3d\u00e1sa ne k\u00e1ros\u00edtsa azt az \u00e1ramk\u00f6rt, amelyikhez csatlakozik. Ez\u00e1ltal megmarad a rendszer integrit\u00e1sa, ami biztos\u00edtja, hogy a m\u00e1s ter\u00fcleteken l\u00e9v\u0151 hangsz\u00f3r\u00f3k tov\u00e1bbra is haszn\u00e1lhat\u00f3k legyenek az emberek t\u00e1j\u00e9koztat\u00e1s\u00e1ra. A hangsz\u00f3r\u00f3 ker\u00e1mi\u00e1b\u00f3l k\u00e9sz\u00fcltcsatlakoz\u00f3blokkal, h\u0151kiold\u00f3 biztos\u00edt\u00e9kkal, valamint h\u0151\u00e1ll\u00f3, magas h\u0151m\u00e9rs\u00e9kletet is b\u00edr\u00f3 vezet\u00e9kekkel van felszerelve.<br \/>\nTulajdons\u00e1gok:<br \/>\n&#8211; Kiv\u00e1l\u00f3 min\u0151s\u00e9g\u0171 besz\u00e9d- \u00e9s zenevisszaad\u00e1s<br \/>\n&#8211; K\u00e9tutas rendszer<br \/>\n&#8211; Egyszer\u0171 teljes\u00edtm\u00e9nybe\u00e1ll\u00edt\u00e1s<br \/>\n&#8211; S\u00fcllyesztett szerel\u00e9s falakra, mennyezetekre vagy b\u00fatorokra<br \/>\n&#8211; Fel\u00fcleti \u00e9s s\u00fcllyesztett szerel\u0151dobozok<\/p>\n","protected":false},"excerpt":{"rendered":"<p>Rendel\u00e9si k\u00f3d: F.01U.505.950<\/p>\n","protected":false},"featured_media":2277,"template":"","meta":[],"product_brand":[],"product_cat":[353],"product_tag":[25],"class_list":{"0":"post-2276","1":"product","2":"type-product","3":"status-publish","4":"has-post-thumbnail","6":"product_cat-dobozos-hangszoro","7":"product_tag-bosch","9":"first","10":"instock","11":"taxable","12":"shipping-taxable","13":"purchasable","14":"product-type-simple"},"jetpack_sharing_enabled":true,"_links":{"self":[{"href":"https:\/\/bpont.hu\/shop\/index.php\/wp-json\/wp\/v2\/product\/2276","targetHints":{"allow":["GET"]}}],"collection":[{"href":"https:\/\/bpont.hu\/shop\/index.php\/wp-json\/wp\/v2\/product"}],"about":[{"href":"https:\/\/bpont.hu\/shop\/index.php\/wp-json\/wp\/v2\/types\/product"}],"version-history":[{"count":5,"href":"https:\/\/bpont.hu\/shop\/index.php\/wp-json\/wp\/v2\/product\/2276\/revisions"}],"predecessor-version":[{"id":8027,"href":"https:\/\/bpont.hu\/shop\/index.php\/wp-json\/wp\/v2\/product\/2276\/revisions\/8027"}],"wp:featuredmedia":[{"embeddable":true,"href":"https:\/\/bpont.hu\/shop\/index.php\/wp-json\/wp\/v2\/media\/2277"}],"wp:attachment":[{"href":"https:\/\/bpont.hu\/shop\/index.php\/wp-json\/wp\/v2\/media?parent=2276"}],"wp:term":[{"taxonomy":"product_brand","embeddable":true,"href":"https:\/\/bpont.hu\/shop\/index.php\/wp-json\/wp\/v2\/product_brand?post=2276"},{"taxonomy":"product_cat","embeddable":true,"href":"https:\/\/bpont.hu\/shop\/index.php\/wp-json\/wp\/v2\/product_cat?post=2276"},{"taxonomy":"product_tag","embeddable":true,"href":"https:\/\/bpont.hu\/shop\/index.php\/wp-json\/wp\/v2\/product_tag?post=2276"}],"curies":[{"name":"wp","href":"https:\/\/api.w.org\/{rel}","templated":true}]}}