{"id":2261,"date":"2025-06-27T11:15:12","date_gmt":"2025-06-27T10:15:12","guid":{"rendered":"https:\/\/bpont.shop.hu\/?post_type=product&#038;p=2261"},"modified":"2026-03-11T16:39:53","modified_gmt":"2026-03-11T14:39:53","slug":"lbc1420-10-hangeroszabalyzo-100w","status":"publish","type":"product","link":"https:\/\/bpont.hu\/shop\/index.php\/product\/lbc1420-10-hangeroszabalyzo-100w\/","title":{"rendered":"LBC1420\/10<br>Hanger\u0151szab\u00e1lyz\u00f3 100W"},"content":{"rendered":"<p>LBC1420\/10<br \/>\nA hangos\u00edt\u00e1si rendszereket gyakran haszn\u00e1lj\u00e1k k\u00f6zlem\u00e9nyek \u00e9s h\u00e1tt\u00e9rzene sug\u00e1rz\u00e1s\u00e1hoz is. A hanger\u0151-szab\u00e1lyoz\u00f3kkal helyileg be\u00e1ll\u00edthat\u00f3 a hanger\u0151. A hanger\u0151-szab\u00e1lyoz\u00f3n fel\u00fcl programv\u00e1laszt\u00f3k is felszerelhet\u0151k, \u00edgy \u00f6t k\u00fcl\u00f6nb\u00f6z\u0151 program k\u00f6z\u00fcl lehet helyileg v\u00e1lasztani. S\u00fcrg\u0151ss\u00e9gi k\u00f6zlem\u00e9ny eset\u00e9n a be\u00e9p\u00edtett rel\u00e9 biztos\u00edtja, hogy az \u00fczenetet egy el\u0151re be\u00e1ll\u00edtott hanger\u0151vel sug\u00e1rozza a rendszer, a helyihanger\u0151-be\u00e1ll\u00edt\u00e1sokt\u00f3l f\u00fcggetlen\u00fcl. A hanger\u0151-szab\u00e1lyoz\u00f3k h\u00e1rom verzi\u00f3ban kaphat\u00f3k, melyek n\u00e9vleges teljes\u00edtm\u00e9nye: 12 W, 36 W \u00e9s 100 W.A hanger\u0151-szab\u00e1lyoz\u00f3hoz csatlakoztatott hangsz\u00f3r\u00f3k teljes terhel\u00e9se nem haladhatja meg a n\u00e9vleges teljes\u00edtm\u00e9nyt. A h\u00e1rom verzi\u00f3 mindegyike k\u00e9t v\u00e1ltozatban kaphat\u00f3. Az egyik egy energiatakar\u00e9kos, 4-vezet\u00e9kes hanger\u0151-fel\u00fclvez\u00e9rl\u0151 (\/10 t\u00edpusok), amelyn\u00e9l v\u00e9szbemond\u00e1seset\u00e9n a fel\u00fclvez\u00e9rl\u0151 rel\u00e9 aktiv\u00e1l\u00f3dik. A m\u00e1sik egy hibabiztos, 4-vezet\u00e9kes hanger\u0151-fel\u00fclvez\u00e9rl\u0151 (\/20t\u00edpusok), amelyn\u00e9l v\u00e9szbemond\u00e1s eset\u00e9n a fel\u00fclvez\u00e9rl\u0151-rel\u00e9 inaktiv\u00e1l\u00f3dik. Kivitele \u00e9s sz\u00edne minden bels\u0151 t\u00e9rben felt\u0171n\u00e9smentes. A kivitel az egyszer\u0171 szerelhet\u0151s\u00e9g, m\u0171k\u00f6dtethet\u0151s\u00e9g\u00e9t megb\u00edzhat\u00f3s\u00e1g optim\u00e1lis kombin\u00e1ci\u00f3ja.<\/p>\n","protected":false},"excerpt":{"rendered":"<p>Rendel\u00e9si k\u00f3d: F.01U.506.923<\/p>\n","protected":false},"featured_media":2262,"template":"","meta":[],"product_brand":[],"product_cat":[361],"product_tag":[25],"class_list":{"0":"post-2261","1":"product","2":"type-product","3":"status-publish","4":"has-post-thumbnail","6":"product_cat-kiegeszitok-rendszerek","7":"product_tag-bosch","9":"first","10":"instock","11":"taxable","12":"shipping-taxable","13":"purchasable","14":"product-type-simple"},"jetpack_sharing_enabled":true,"_links":{"self":[{"href":"https:\/\/bpont.hu\/shop\/index.php\/wp-json\/wp\/v2\/product\/2261","targetHints":{"allow":["GET"]}}],"collection":[{"href":"https:\/\/bpont.hu\/shop\/index.php\/wp-json\/wp\/v2\/product"}],"about":[{"href":"https:\/\/bpont.hu\/shop\/index.php\/wp-json\/wp\/v2\/types\/product"}],"version-history":[{"count":5,"href":"https:\/\/bpont.hu\/shop\/index.php\/wp-json\/wp\/v2\/product\/2261\/revisions"}],"predecessor-version":[{"id":8021,"href":"https:\/\/bpont.hu\/shop\/index.php\/wp-json\/wp\/v2\/product\/2261\/revisions\/8021"}],"wp:featuredmedia":[{"embeddable":true,"href":"https:\/\/bpont.hu\/shop\/index.php\/wp-json\/wp\/v2\/media\/2262"}],"wp:attachment":[{"href":"https:\/\/bpont.hu\/shop\/index.php\/wp-json\/wp\/v2\/media?parent=2261"}],"wp:term":[{"taxonomy":"product_brand","embeddable":true,"href":"https:\/\/bpont.hu\/shop\/index.php\/wp-json\/wp\/v2\/product_brand?post=2261"},{"taxonomy":"product_cat","embeddable":true,"href":"https:\/\/bpont.hu\/shop\/index.php\/wp-json\/wp\/v2\/product_cat?post=2261"},{"taxonomy":"product_tag","embeddable":true,"href":"https:\/\/bpont.hu\/shop\/index.php\/wp-json\/wp\/v2\/product_tag?post=2261"}],"curies":[{"name":"wp","href":"https:\/\/api.w.org\/{rel}","templated":true}]}}