{"id":2238,"date":"2025-06-27T11:15:08","date_gmt":"2025-06-27T10:15:08","guid":{"rendered":"https:\/\/bpont.shop.hu\/?post_type=product&#038;p=2238"},"modified":"2026-05-05T14:46:17","modified_gmt":"2026-05-05T12:46:17","slug":"lbc1256-00-evac-keramia-csatlakozasi-adapter-100db-veszhangositas","status":"publish","type":"product","link":"https:\/\/bpont.hu\/shop\/index.php\/product\/lbc1256-00-evac-keramia-csatlakozasi-adapter-100db-veszhangositas\/","title":{"rendered":"LBC1256\/00<br>EVAC Ker\u00e1mia csatlakoz\u00e1si adapter 100db v\u00e9szhangos\u00edt\u00e1s"},"content":{"rendered":"<p>LBC1256\/00<br \/>\nAz LBC 1256\/00 egy EVAC csatlakoz\u00f3 adapter, amelyet a hangsz\u00f3r\u00f3egys\u00e9g 100 V-os els\u0151dleges csatlakoz\u00e1s\u00e1val szerelnek fel, \u00e9s a hangsz\u00f3r\u00f3t BS 5839-8 kompatibilis egys\u00e9gg\u00e9 v\u00e1ltoztatj\u00e1k. Ez a kieg\u00e9sz\u00edt\u0151 csatlakoz\u00f3 adapter biztos\u00edtja, hogy a t\u0171z eset\u00e9n a csatlakoztatott \u00e1ramk\u00f6r meghib\u00e1sodjon. Ily m\u00f3don a rendszer integrit\u00e1sa megmarad.<br \/>\nA csatlakoz\u00f3 adapter egy 3 p\u00f3lus\u00fa ker\u00e1mia blokkb\u00f3l \u00e1ll, amely el\u0151szerelt termikus biztos\u00edt\u00e9kkal rendelkezik.<br \/>\nTulajdons\u00e1gok:<br \/>\n&#8211; 100db \/ csomag<br \/>\n&#8211; Ker\u00e1mia alapanyag a nagy h\u0151terhel\u00e9s ellen<\/p>\n","protected":false},"excerpt":{"rendered":"<p>Rendel\u00e9si k\u00f3d: F.01U.505.935<\/p>\n","protected":false},"featured_media":2239,"template":"","meta":[],"product_brand":[],"product_cat":[362],"product_tag":[25],"class_list":{"0":"post-2238","1":"product","2":"type-product","3":"status-publish","4":"has-post-thumbnail","6":"product_cat-tartozekok-hangszorok","7":"product_tag-bosch","9":"first","10":"instock","11":"taxable","12":"shipping-taxable","13":"purchasable","14":"product-type-simple"},"jetpack_sharing_enabled":true,"_links":{"self":[{"href":"https:\/\/bpont.hu\/shop\/index.php\/wp-json\/wp\/v2\/product\/2238","targetHints":{"allow":["GET"]}}],"collection":[{"href":"https:\/\/bpont.hu\/shop\/index.php\/wp-json\/wp\/v2\/product"}],"about":[{"href":"https:\/\/bpont.hu\/shop\/index.php\/wp-json\/wp\/v2\/types\/product"}],"version-history":[{"count":5,"href":"https:\/\/bpont.hu\/shop\/index.php\/wp-json\/wp\/v2\/product\/2238\/revisions"}],"predecessor-version":[{"id":8011,"href":"https:\/\/bpont.hu\/shop\/index.php\/wp-json\/wp\/v2\/product\/2238\/revisions\/8011"}],"wp:featuredmedia":[{"embeddable":true,"href":"https:\/\/bpont.hu\/shop\/index.php\/wp-json\/wp\/v2\/media\/2239"}],"wp:attachment":[{"href":"https:\/\/bpont.hu\/shop\/index.php\/wp-json\/wp\/v2\/media?parent=2238"}],"wp:term":[{"taxonomy":"product_brand","embeddable":true,"href":"https:\/\/bpont.hu\/shop\/index.php\/wp-json\/wp\/v2\/product_brand?post=2238"},{"taxonomy":"product_cat","embeddable":true,"href":"https:\/\/bpont.hu\/shop\/index.php\/wp-json\/wp\/v2\/product_cat?post=2238"},{"taxonomy":"product_tag","embeddable":true,"href":"https:\/\/bpont.hu\/shop\/index.php\/wp-json\/wp\/v2\/product_tag?post=2238"}],"curies":[{"name":"wp","href":"https:\/\/api.w.org\/{rel}","templated":true}]}}