{"id":2209,"date":"2025-06-27T11:15:04","date_gmt":"2025-06-27T10:15:04","guid":{"rendered":"https:\/\/bpont.shop.hu\/?post_type=product&#038;p=2209"},"modified":"2026-03-11T16:39:52","modified_gmt":"2026-03-11T14:39:52","slug":"lbb9081-00-360-fokos-dinamikus-kezimikrofon-veszhangositas","status":"publish","type":"product","link":"https:\/\/bpont.hu\/shop\/index.php\/product\/lbb9081-00-360-fokos-dinamikus-kezimikrofon-veszhangositas\/","title":{"rendered":"LBB9081\/00<br>360 fokos dinamikus k\u00e9zimikrofon v\u00e9szhangos\u00edt\u00e1s"},"content":{"rendered":"<p>LBB9081\/00<\/p>\n<p>Az LBB 9081\/00 k\u00e9zi mikrofont k\u00f6zelbesz\u00e9l\u0151alkalmaz\u00e1sokhoz tervezt\u00e9k, \u00e9s ide\u00e1lis v\u00e1laszt\u00e1s r\u00f6vid k\u00f6zlem\u00e9nyekhez.<\/p>\n<p>A mikrofon oldal\u00e1n van egy nyom\u00f3gombos (PTT)besz\u00e9dkapcsol\u00f3. A kapcsol\u00f3 tov\u00e1bbi \u00e9rintkez\u0151kkel rendelkezik t\u00e1vvez\u00e9rl\u0151 funkci\u00f3khoz, ha sz\u00fcks\u00e9g van r\u00e1. A kapcsol\u00f3 \u00e1ramk\u00f6r\u00e9be ellen\u00e1ll\u00e1sokat \u00e9p\u00edtettek befel\u00fcgyeleti c\u00e9llal, a mikrofonburkolat pedig k\u00f6zvetlencsatlakoz\u00e1s\u00fa, vagyis nem kapcsolt.<\/p>\n<p>Kiv\u00e1l\u00f3 besz\u00e9d\u00e9rthet\u0151s\u00e9g<\/p>\n<p>&#8211; Robusztus kialak\u00edt\u00e1s<\/p>\n<p>&#8211; Egyszer\u0171 kezelhet\u0151s\u00e9g<\/p>\n<p>&#8211; T\u00e1voli kapcsol\u00f3\u00e9rintkez\u0151<\/p>\n<p>&#8211; K\u00f6zelbesz\u00e9l\u0151 alkalmaz\u00e1sok<\/p>\n<p>&#8211; V\u00e9szhangos\u00edt\u00e1si rendszerekben haszn\u00e1lhat\u00f3<\/p>\n","protected":false},"excerpt":{"rendered":"<p>Rendel\u00e9si k\u00f3d: F.01U.506.917<\/p>\n","protected":false},"featured_media":2207,"template":"","meta":[],"product_brand":[],"product_cat":[361],"product_tag":[25],"class_list":{"0":"post-2209","1":"product","2":"type-product","3":"status-publish","4":"has-post-thumbnail","6":"product_cat-kiegeszitok-rendszerek","7":"product_tag-bosch","9":"first","10":"instock","11":"taxable","12":"shipping-taxable","13":"purchasable","14":"product-type-simple"},"jetpack_sharing_enabled":true,"_links":{"self":[{"href":"https:\/\/bpont.hu\/shop\/index.php\/wp-json\/wp\/v2\/product\/2209","targetHints":{"allow":["GET"]}}],"collection":[{"href":"https:\/\/bpont.hu\/shop\/index.php\/wp-json\/wp\/v2\/product"}],"about":[{"href":"https:\/\/bpont.hu\/shop\/index.php\/wp-json\/wp\/v2\/types\/product"}],"version-history":[{"count":5,"href":"https:\/\/bpont.hu\/shop\/index.php\/wp-json\/wp\/v2\/product\/2209\/revisions"}],"predecessor-version":[{"id":8001,"href":"https:\/\/bpont.hu\/shop\/index.php\/wp-json\/wp\/v2\/product\/2209\/revisions\/8001"}],"wp:featuredmedia":[{"embeddable":true,"href":"https:\/\/bpont.hu\/shop\/index.php\/wp-json\/wp\/v2\/media\/2207"}],"wp:attachment":[{"href":"https:\/\/bpont.hu\/shop\/index.php\/wp-json\/wp\/v2\/media?parent=2209"}],"wp:term":[{"taxonomy":"product_brand","embeddable":true,"href":"https:\/\/bpont.hu\/shop\/index.php\/wp-json\/wp\/v2\/product_brand?post=2209"},{"taxonomy":"product_cat","embeddable":true,"href":"https:\/\/bpont.hu\/shop\/index.php\/wp-json\/wp\/v2\/product_cat?post=2209"},{"taxonomy":"product_tag","embeddable":true,"href":"https:\/\/bpont.hu\/shop\/index.php\/wp-json\/wp\/v2\/product_tag?post=2209"}],"curies":[{"name":"wp","href":"https:\/\/api.w.org\/{rel}","templated":true}]}}